{"id":30250,"date":"2025-04-11T13:42:02","date_gmt":"2025-04-11T13:42:02","guid":{"rendered":"https:\/\/www.swiss-pass.ch\/%e0%b8%97%e0%b8%b5%e0%b9%88%e0%b8%9e%e0%b8%b1%e0%b8%81%e0%b9%83%e0%b8%ab%e0%b9%89%e0%b9%80%e0%b8%8a%e0%b9%88%e0%b8%b2%e0%b9%83%e0%b8%99%e0%b8%aa%e0%b8%a7%e0%b8%b4%e0%b8%95%e0%b9%80%e0%b8%8b%e0%b8%ad\/"},"modified":"2025-05-02T14:16:00","modified_gmt":"2025-05-02T14:16:00","slug":"%e0%b8%97%e0%b8%b5%e0%b9%88%e0%b8%9e%e0%b8%b1%e0%b8%81%e0%b9%83%e0%b8%ab%e0%b9%89%e0%b9%80%e0%b8%8a%e0%b9%88%e0%b8%b2%e0%b9%83%e0%b8%99%e0%b8%aa%e0%b8%a7%e0%b8%b4%e0%b8%95%e0%b9%80%e0%b8%8b%e0%b8%ad","status":"publish","type":"page","link":"https:\/\/www.swiss-pass.ch\/th\/%e0%b8%97%e0%b8%b5%e0%b9%88%e0%b8%9e%e0%b8%b1%e0%b8%81%e0%b9%83%e0%b8%ab%e0%b9%89%e0%b9%80%e0%b8%8a%e0%b9%88%e0%b8%b2%e0%b9%83%e0%b8%99%e0%b8%aa%e0%b8%a7%e0%b8%b4%e0%b8%95%e0%b9%80%e0%b8%8b%e0%b8%ad\/","title":{"rendered":"\u0e17\u0e35\u0e48\u0e1e\u0e31\u0e01\u0e43\u0e2b\u0e49\u0e40\u0e0a\u0e48\u0e32\u0e43\u0e19\u0e2a\u0e27\u0e34\u0e15\u0e40\u0e0b\u0e2d\u0e23\u0e4c\u0e41\u0e25\u0e19\u0e14\u0e4c"},"content":{"rendered":"<p>[et_pb_section fb_built=\"1\" fullwidth=\"on\" _builder_version=\"4.16\" bottom_divider_color=\"#ffffff\" bottom_divider_height=\"96px\" bottom_divider_flip=\"vertical\" border_width_bottom=\"5px\" border_color_bottom=\"#e02b20\" global_colors_info=\"{}\"][et_pb_fullwidth_slider admin_label=\"TH-Slider-Top\" module_class=\"kopfslider\" _builder_version=\"4.27.4\" header_font=\"||||||||\" header_text_color=\"#ffffff\" background_image=\"https:\/\/www.swiss-pass.ch\/wp-content\/uploads\/2025\/05\/swiss-travel-pass-glacier-express-andermatt.jpg\" custom_margin=\"|||\" custom_padding=\"|||\" global_module=\"30674\" saved_tabs=\"all\" global_colors_info=\"{}\" button_text_size__hover_enabled=\"off\" button_text_size__hover=\"null\" button_one_text_size__hover_enabled=\"off\" button_one_text_size__hover=\"null\" button_two_text_size__hover_enabled=\"off\" button_two_text_size__hover=\"null\" button_text_color__hover_enabled=\"off\" button_text_color__hover=\"null\" button_one_text_color__hover_enabled=\"off\" button_one_text_color__hover=\"null\" button_two_text_color__hover_enabled=\"off\" button_two_text_color__hover=\"null\" button_border_width__hover_enabled=\"off\" button_border_width__hover=\"null\" button_one_border_width__hover_enabled=\"off\" button_one_border_width__hover=\"null\" button_two_border_width__hover_enabled=\"off\" button_two_border_width__hover=\"null\" button_border_color__hover_enabled=\"off\" button_border_color__hover=\"null\" button_one_border_color__hover_enabled=\"off\" button_one_border_color__hover=\"null\" button_two_border_color__hover_enabled=\"off\" button_two_border_color__hover=\"null\" button_border_radius__hover_enabled=\"off\" button_border_radius__hover=\"null\" button_one_border_radius__hover_enabled=\"off\" button_one_border_radius__hover=\"null\" button_two_border_radius__hover_enabled=\"off\" button_two_border_radius__hover=\"null\" button_letter_spacing__hover_enabled=\"off\" button_letter_spacing__hover=\"null\" button_one_letter_spacing__hover_enabled=\"off\" button_one_letter_spacing__hover=\"null\" button_two_letter_spacing__hover_enabled=\"off\" button_two_letter_spacing__hover=\"null\" button_bg_color__hover_enabled=\"off\" button_bg_color__hover=\"null\" button_one_bg_color__hover_enabled=\"off\" button_one_bg_color__hover=\"null\" button_two_bg_color__hover_enabled=\"off\" button_two_bg_color__hover=\"null\"][et_pb_slide heading=\"\u0e23\u0e16\u0e44\u0e1f\u0e01\u0e25\u0e32\u0e40\u0e0b\u0e35\u0e22\u0e23\u0e4c\u0e40\u0e2d\u0e47\u0e01\u0e0b\u0e4c\u0e40\u0e1e\u0e23\u0e2a\u0e1e\u0e23\u0e49\u0e2d\u0e21 Swiss Travel Pass\" use_bg_overlay=\"off\" use_text_overlay=\"off\" _builder_version=\"4.27.4\" header_font=\"||||||||\" header_text_color=\"#ffffff\" header_letter_spacing=\"0px\" header_line_height=\"1.2em\" body_text_color=\"#FFFFFF\" background_color=\"#ffffff\" background_image=\"https:\/\/www.swiss-pass.ch\/wp-content\/uploads\/2025\/05\/swiss-travel-pass-glacier-express-andermatt.jpg\" background_enable_image=\"on\" button_on_hover=\"on\" custom_padding=\"|||\" global_colors_info=\"{}\" button_text_size__hover_enabled=\"off\" button_one_text_size__hover_enabled=\"off\" button_two_text_size__hover_enabled=\"off\" button_text_color__hover_enabled=\"off\" button_one_text_color__hover_enabled=\"off\" button_two_text_color__hover_enabled=\"off\" button_border_width__hover_enabled=\"off\" button_one_border_width__hover_enabled=\"off\" button_two_border_width__hover_enabled=\"off\" button_border_color__hover_enabled=\"off\" button_one_border_color__hover_enabled=\"off\" button_two_border_color__hover_enabled=\"off\" button_border_radius__hover_enabled=\"off\" button_one_border_radius__hover_enabled=\"off\" button_two_border_radius__hover_enabled=\"off\" button_letter_spacing__hover_enabled=\"off\" button_one_letter_spacing__hover_enabled=\"off\" button_two_letter_spacing__hover_enabled=\"off\" button_bg_color__hover_enabled=\"off\" button_one_bg_color__hover_enabled=\"off\" button_two_bg_color__hover_enabled=\"off\" sticky_transition=\"on\"]<\/p>\n<p>\u0e08\u0e32\u0e01\u0e40\u0e0b\u0e2d\u0e23\u0e4c\u0e41\u0e21\u0e15\u0e15\u0e4c\u0e16\u0e36\u0e07\u0e40\u0e0b\u0e19\u0e15\u0e4c\u0e21\u0e2d\u0e23\u0e34\u0e15\u0e0b\u0e4c\u0e1c\u0e48\u0e32\u0e19\u0e2d\u0e31\u0e19\u0e40\u0e14\u0e2d\u0e23\u0e4c\u0e41\u0e21\u0e15\u0e15\u0e4c \u2013 \u0e01\u0e32\u0e23\u0e40\u0e14\u0e34\u0e19\u0e17\u0e32\u0e07\u0e0a\u0e21\u0e27\u0e34\u0e27\u0e17\u0e35\u0e48\u0e07\u0e14\u0e07\u0e32\u0e21\u0e23\u0e27\u0e21\u0e2d\u0e22\u0e39\u0e48\u0e43\u0e19 Swiss Travel Pass (\u0e15\u0e49\u0e2d\u0e07\u0e08\u0e2d\u0e07\u0e25\u0e48\u0e27\u0e07\u0e2b\u0e19\u0e49\u0e32)<\/p>\n<p>[\/et_pb_slide][et_pb_slide heading=\"\u0e23\u0e16\u0e44\u0e1f\u0e40\u0e1a\u0e2d\u0e23\u0e4c\u0e19\u0e34\u0e19\u0e32\u0e40\u0e2d\u0e47\u0e01\u0e0b\u0e4c\u0e40\u0e1e\u0e23\u0e2a\u0e1e\u0e23\u0e49\u0e2d\u0e21 Swiss Travel Pass\" use_bg_overlay=\"off\" use_text_overlay=\"off\" _builder_version=\"4.27.4\" header_font=\"||||||||\" header_text_color=\"#ffffff\" header_letter_spacing=\"0px\" header_line_height=\"1.2em\" body_text_color=\"#FFFFFF\" background_color=\"#ffffff\" background_image=\"https:\/\/www.swiss-pass.ch\/wp-content\/uploads\/2025\/05\/bernina-express-lago-bianco-swiss-travel-pass.jpg\" background_enable_image=\"on\" button_on_hover=\"on\" custom_padding=\"|||\" global_colors_info=\"{}\" button_text_size__hover_enabled=\"off\" button_one_text_size__hover_enabled=\"off\" button_two_text_size__hover_enabled=\"off\" button_text_color__hover_enabled=\"off\" button_one_text_color__hover_enabled=\"off\" button_two_text_color__hover_enabled=\"off\" button_border_width__hover_enabled=\"off\" button_one_border_width__hover_enabled=\"off\" button_two_border_width__hover_enabled=\"off\" button_border_color__hover_enabled=\"off\" button_one_border_color__hover_enabled=\"off\" button_two_border_color__hover_enabled=\"off\" button_border_radius__hover_enabled=\"off\" button_one_border_radius__hover_enabled=\"off\" button_two_border_radius__hover_enabled=\"off\" button_letter_spacing__hover_enabled=\"off\" button_one_letter_spacing__hover_enabled=\"off\" button_two_letter_spacing__hover_enabled=\"off\" button_bg_color__hover_enabled=\"off\" button_one_bg_color__hover_enabled=\"off\" button_two_bg_color__hover_enabled=\"off\" sticky_transition=\"on\"]<\/p>\n<p>\u0e2b\u0e19\u0e36\u0e48\u0e07\u0e43\u0e19\u0e01\u0e32\u0e23\u0e40\u0e14\u0e34\u0e19\u0e17\u0e32\u0e07\u0e14\u0e49\u0e27\u0e22\u0e23\u0e16\u0e44\u0e1f\u0e17\u0e35\u0e48\u0e2a\u0e27\u0e22\u0e07\u0e32\u0e21\u0e17\u0e35\u0e48\u0e2a\u0e38\u0e14\u0e02\u0e2d\u0e07\u0e2a\u0e27\u0e34\u0e15\u0e40\u0e0b\u0e2d\u0e23\u0e4c\u0e41\u0e25\u0e19\u0e14\u0e4c: \u0e40\u0e1a\u0e2d\u0e23\u0e4c\u0e19\u0e34\u0e19\u0e32\u0e40\u0e2d\u0e47\u0e01\u0e0b\u0e4c\u0e40\u0e1e\u0e23\u0e2a\u0e40\u0e25\u0e35\u0e22\u0e1a\u0e17\u0e30\u0e40\u0e25\u0e2a\u0e32\u0e1a\u0e1a\u0e34\u0e2d\u0e31\u0e07\u0e42\u0e01 \u0e23\u0e27\u0e21\u0e2d\u0e22\u0e39\u0e48\u0e43\u0e19 Swiss Travel Pass (\u0e15\u0e49\u0e2d\u0e07\u0e08\u0e2d\u0e07\u0e25\u0e48\u0e27\u0e07\u0e2b\u0e19\u0e49\u0e32)<\/p>\n<p>[\/et_pb_slide][et_pb_slide heading=\"Top of Europe \u2013 \u0e23\u0e31\u0e1a\u0e2a\u0e48\u0e27\u0e19\u0e25\u0e14 25% \u0e1e\u0e23\u0e49\u0e2d\u0e21 Swiss Travel Pass\" use_bg_overlay=\"off\" use_text_overlay=\"off\" _builder_version=\"4.27.4\" header_font=\"||||||||\" header_text_color=\"#ffffff\" header_letter_spacing=\"0px\" header_line_height=\"1.2em\" body_text_color=\"#FFFFFF\" background_color=\"#ffffff\" background_image=\"https:\/\/www.swiss-pass.ch\/wp-content\/uploads\/2025\/05\/jungfrau-top-of-europe-swiss-travel-pass-discount.jpg\" background_enable_image=\"on\" button_on_hover=\"on\" custom_padding=\"|||\" global_colors_info=\"{}\" button_text_size__hover_enabled=\"off\" button_one_text_size__hover_enabled=\"off\" button_two_text_size__hover_enabled=\"off\" button_text_color__hover_enabled=\"off\" button_one_text_color__hover_enabled=\"off\" button_two_text_color__hover_enabled=\"off\" button_border_width__hover_enabled=\"off\" button_one_border_width__hover_enabled=\"off\" button_two_border_width__hover_enabled=\"off\" button_border_color__hover_enabled=\"off\" button_one_border_color__hover_enabled=\"off\" button_two_border_color__hover_enabled=\"off\" button_border_radius__hover_enabled=\"off\" button_one_border_radius__hover_enabled=\"off\" button_two_border_radius__hover_enabled=\"off\" button_letter_spacing__hover_enabled=\"off\" button_one_letter_spacing__hover_enabled=\"off\" button_two_letter_spacing__hover_enabled=\"off\" button_bg_color__hover_enabled=\"off\" button_one_bg_color__hover_enabled=\"off\" button_two_bg_color__hover_enabled=\"off\" sticky_transition=\"on\"]<\/p>\n<p>\u0e2a\u0e31\u0e21\u0e1c\u0e31\u0e2a\u0e1b\u0e23\u0e30\u0e2a\u0e1a\u0e01\u0e32\u0e23\u0e13\u0e4c\u0e01\u0e32\u0e23\u0e40\u0e14\u0e34\u0e19\u0e17\u0e32\u0e07\u0e14\u0e49\u0e27\u0e22\u0e23\u0e16\u0e44\u0e1f\u0e2a\u0e39\u0e48\u0e2a\u0e16\u0e32\u0e19\u0e35\u0e17\u0e35\u0e48\u0e2a\u0e39\u0e07\u0e17\u0e35\u0e48\u0e2a\u0e38\u0e14\u0e43\u0e19\u0e22\u0e38\u0e42\u0e23\u0e1b \u0e23\u0e31\u0e1a\u0e2a\u0e48\u0e27\u0e19\u0e25\u0e14 25% \u0e2a\u0e33\u0e2b\u0e23\u0e31\u0e1a\u0e01\u0e32\u0e23\u0e40\u0e14\u0e34\u0e19\u0e17\u0e32\u0e07\u0e44\u0e1b Jungfraujoch \u2013 Top of Europe \u0e14\u0e49\u0e27\u0e22 Swiss Travel Pass<\/p>\n<p>[\/et_pb_slide][\/et_pb_fullwidth_slider][\/et_pb_section][et_pb_section fb_built=\"1\" specialty=\"on\" _builder_version=\"4.16\" custom_padding=\"50px|0px|50px|0px|true|false\" global_colors_info=\"{}\"][et_pb_column type=\"3_4\" specialty_columns=\"3\" _builder_version=\"4.16\" custom_padding=\"|||\" global_colors_info=\"{}\" parallax__hover=\"off\" parallax_method__hover=\"on\" custom_padding__hover=\"|||\"][et_pb_row_inner admin_label=\"Row\" _builder_version=\"4.16\" custom_padding=\"0|0px|33.1563px|0px|false|false\" global_colors_info=\"{}\"][et_pb_column_inner saved_specialty_column_type=\"3_4\" _builder_version=\"4.16\" custom_padding=\"|||\" global_colors_info=\"{}\" parallax__hover=\"off\" parallax_method__hover=\"on\" custom_padding__hover=\"|||\"][et_pb_text _builder_version=\"4.27.4\" header_font=\"|300|||||||\" header_text_color=\"#000000\" custom_margin=\"||30px|\" hover_enabled=\"0\" global_colors_info=\"{}\" sticky_enabled=\"0\"]<\/p>\n<h1>\u0e17\u0e35\u0e48\u0e1e\u0e31\u0e01\u0e15\u0e32\u0e01\u0e2d\u0e32\u0e01\u0e32\u0e28\u0e43\u0e19\u0e2a\u0e27\u0e34\u0e15\u0e40\u0e0b\u0e2d\u0e23\u0e4c\u0e41\u0e25\u0e19\u0e14\u0e4c \u2013 \u0e04\u0e49\u0e19\u0e2b\u0e32\u0e41\u0e25\u0e30\u0e08\u0e2d\u0e07\u0e15\u0e2d\u0e19\u0e19\u0e35\u0e49<\/h1>\n<p><strong>\u0e01\u0e33\u0e25\u0e31\u0e07\u0e27\u0e32\u0e07\u0e41\u0e1c\u0e19\u0e27\u0e31\u0e19\u0e2b\u0e22\u0e38\u0e14\u0e43\u0e19\u0e2a\u0e27\u0e34\u0e15\u0e40\u0e0b\u0e2d\u0e23\u0e4c\u0e41\u0e25\u0e19\u0e14\u0e4c\u0e2d\u0e22\u0e39\u0e48\u0e2b\u0e23\u0e37\u0e2d\u0e44\u0e21\u0e48?<\/strong> \u0e44\u0e21\u0e48\u0e27\u0e48\u0e32\u0e08\u0e30\u0e40\u0e1b\u0e47\u0e19\u0e1a\u0e49\u0e32\u0e19\u0e1e\u0e31\u0e01\u0e1a\u0e19\u0e20\u0e39\u0e40\u0e02\u0e32\u0e43\u0e19\u0e40\u0e17\u0e37\u0e2d\u0e01\u0e40\u0e02\u0e32\u0e41\u0e2d\u0e25\u0e1b\u0e4c \u0e2d\u0e1e\u0e32\u0e23\u0e4c\u0e15\u0e40\u0e21\u0e19\u0e15\u0e4c\u0e43\u0e01\u0e25\u0e49\u0e17\u0e30\u0e40\u0e25\u0e2a\u0e32\u0e1a \u0e2b\u0e23\u0e37\u0e2d\u0e1a\u0e49\u0e32\u0e19\u0e1e\u0e31\u0e01\u0e15\u0e32\u0e01\u0e2d\u0e32\u0e01\u0e32\u0e28\u0e2a\u0e33\u0e2b\u0e23\u0e31\u0e1a\u0e04\u0e23\u0e2d\u0e1a\u0e04\u0e23\u0e31\u0e27 \u2013 \u0e01\u0e31\u0e1a <strong>Interhome<\/strong> \u0e04\u0e38\u0e13\u0e08\u0e30\u0e1e\u0e1a\u0e17\u0e35\u0e48\u0e1e\u0e31\u0e01\u0e17\u0e35\u0e48\u0e40\u0e2b\u0e21\u0e32\u0e30\u0e01\u0e31\u0e1a\u0e04\u0e27\u0e32\u0e21\u0e15\u0e49\u0e2d\u0e07\u0e01\u0e32\u0e23\u0e02\u0e2d\u0e07\u0e04\u0e38\u0e13\u0e44\u0e14\u0e49\u0e2d\u0e22\u0e48\u0e32\u0e07\u0e07\u0e48\u0e32\u0e22\u0e14\u0e32\u0e22<\/p>\n<p>\u0e40\u0e25\u0e37\u0e2d\u0e01\u0e08\u0e32\u0e01\u0e1a\u0e49\u0e32\u0e19\u0e1e\u0e31\u0e01\u0e41\u0e25\u0e30\u0e2d\u0e1e\u0e32\u0e23\u0e4c\u0e15\u0e40\u0e21\u0e19\u0e15\u0e4c\u0e17\u0e35\u0e48\u0e1c\u0e48\u0e32\u0e19\u0e01\u0e32\u0e23\u0e15\u0e23\u0e27\u0e08\u0e2a\u0e2d\u0e1a\u0e21\u0e32\u0e41\u0e25\u0e49\u0e27\u0e43\u0e19\u0e2b\u0e25\u0e32\u0e01\u0e2b\u0e25\u0e32\u0e22\u0e20\u0e39\u0e21\u0e34\u0e20\u0e32\u0e04\u0e17\u0e31\u0e48\u0e27\u0e2a\u0e27\u0e34\u0e15\u0e40\u0e0b\u0e2d\u0e23\u0e4c\u0e41\u0e25\u0e19\u0e14\u0e4c \u0e40\u0e2b\u0e21\u0e32\u0e30\u0e2a\u0e33\u0e2b\u0e23\u0e31\u0e1a\u0e04\u0e23\u0e2d\u0e1a\u0e04\u0e23\u0e31\u0e27 \u0e04\u0e39\u0e48\u0e23\u0e31\u0e01 \u0e2b\u0e23\u0e37\u0e2d\u0e01\u0e25\u0e38\u0e48\u0e21\u0e40\u0e1e\u0e37\u0e48\u0e2d\u0e19 \u2013 \u0e1e\u0e23\u0e49\u0e2d\u0e21\u0e23\u0e32\u0e04\u0e32\u0e0a\u0e31\u0e14\u0e40\u0e08\u0e19 \u0e23\u0e35\u0e27\u0e34\u0e27\u0e08\u0e23\u0e34\u0e07 \u0e41\u0e25\u0e30\u0e01\u0e32\u0e23\u0e08\u0e2d\u0e07\u0e2d\u0e2d\u0e19\u0e44\u0e25\u0e19\u0e4c\u0e17\u0e35\u0e48\u0e1b\u0e25\u0e2d\u0e14\u0e20\u0e31\u0e22 \u0e40\u0e23\u0e34\u0e48\u0e21\u0e15\u0e49\u0e19\u0e27\u0e31\u0e19\u0e2b\u0e22\u0e38\u0e14\u0e02\u0e2d\u0e07\u0e04\u0e38\u0e13\u0e2d\u0e22\u0e48\u0e32\u0e07\u0e44\u0e23\u0e49\u0e01\u0e31\u0e07\u0e27\u0e25<\/p>\n<p>[\/et_pb_text][et_pb_code _builder_version=\"4.21.2\" global_colors_info=\"{}\"]<iframe loading=\"lazy\" id=\"interhome_frame\" width=\"100%\" height=\"1000px\" src=\"https:\/\/www.interhome.com\/Forward.aspx?iniframe=1&navigationid=4&cCode=CH&color1=E02B20&color2=5E5E5E&color3=FFFFFF&partnerid=CH1002399\" frameborder=\"0\"><\/iframe><!-- [et_pb_line_break_holder] --><script type=\"text\/javascript\"><!-- [et_pb_line_break_holder] -->  if (window.sc_receivePostMsg !== undefined) {<!-- [et_pb_line_break_holder] -->    window.removeEventListener(\"message\",window.sc_receivePostMsg); <!-- [et_pb_line_break_holder] -->  }<!-- [et_pb_line_break_holder] -->  window.sc_receivePostMsg=function (event) { <!-- [et_pb_line_break_holder] -->     if(event.data.split) {<!-- [et_pb_line_break_holder] -->          var arr = event.data.split(';'), <!-- [et_pb_line_break_holder] -->          init = parseInt(arr[1]); <!-- [et_pb_line_break_holder] -->          var height = parseInt(arr[0]); <!-- [et_pb_line_break_holder] -->          if (height) { <!-- [et_pb_line_break_holder] -->              document.getElementById('interhome_frame').height = height; <!-- [et_pb_line_break_holder] -->          }<!-- [et_pb_line_break_holder] -->      }<!-- [et_pb_line_break_holder] -->          if (init) <!-- [et_pb_line_break_holder] -->              window.scrollTo(0, 0); <!-- [et_pb_line_break_holder] -->  }<!-- [et_pb_line_break_holder] -->  if (window.addEventListener) {<!-- [et_pb_line_break_holder] -->    window.addEventListener(\"message\", window.sc_receivePostMsg, false); <!-- [et_pb_line_break_holder] -->  }<\/script>[\/et_pb_code][\/et_pb_column_inner][\/et_pb_row_inner][\/et_pb_column][et_pb_column type=\"1_4\" _builder_version=\"4.16\" custom_padding=\"|||\" global_colors_info=\"{}\" parallax__hover=\"off\" parallax_method__hover=\"on\" custom_padding__hover=\"|||\"][et_pb_image src=\"https:\/\/www.swiss-pass.ch\/wp-content\/uploads\/2023\/08\/fewobox-oben.png.webp\" title_text=\"fewobox-oben.png\" align_tablet=\"center\" align_phone=\"\" align_last_edited=\"on|desktop\" disabled_on=\"on|on|off\" _builder_version=\"4.21.2\" custom_margin=\"||0px\" global_colors_info=\"{}\"][\/et_pb_image][et_pb_text module_class=\"schweizerticket\" _builder_version=\"4.21.2\" text_font=\"||||||||\" text_text_color=\"#000000\" header_font=\"||||||||\" header_text_color=\"#000000\" header_2_font=\"||||||||\" header_2_text_color=\"#000000\" background_color=\"#e2e2e2\" custom_margin=\"||0px|\" custom_padding=\"20px|20px|0px|20px|false|true\" border_color_all=\"#555555\" border_width_top=\"1px\" border_color_top=\"rgba(85,85,85,0.32)\" border_width_bottom=\"1px\" border_color_bottom=\"rgba(85,85,85,0.32)\" global_colors_info=\"{}\"]<\/p>\n<h2>\u0e2d\u0e34\u0e19\u0e40\u0e15\u0e2d\u0e23\u0e4c\u0e42\u0e2e\u0e21<\/h2>\n<p>\u0e08\u0e2d\u0e07\u0e1a\u0e49\u0e32\u0e19\u0e1e\u0e31\u0e01\u0e15\u0e32\u0e01\u0e2d\u0e32\u0e01\u0e32\u0e28\u0e02\u0e2d\u0e07\u0e04\u0e38\u0e13\u0e43\u0e19\u0e2a\u0e27\u0e34\u0e15\u0e40\u0e0b\u0e2d\u0e23\u0e4c\u0e41\u0e25\u0e19\u0e14\u0e4c\u0e1c\u0e48\u0e32\u0e19\u0e1e\u0e31\u0e19\u0e18\u0e21\u0e34\u0e15\u0e23\u0e02\u0e2d\u0e07\u0e40\u0e23\u0e32 Interhome \u0e41\u0e25\u0e30\u0e23\u0e31\u0e1a\u0e2a\u0e34\u0e17\u0e18\u0e34\u0e1b\u0e23\u0e30\u0e42\u0e22\u0e0a\u0e19\u0e4c\u0e21\u0e32\u0e01\u0e21\u0e32\u0e22:<\/p>\n<ul>\n<li>\u0e2a\u0e33\u0e19\u0e31\u0e01\u0e07\u0e32\u0e19\u0e1a\u0e23\u0e34\u0e01\u0e32\u0e23\u0e43\u0e19\u0e1e\u0e37\u0e49\u0e19\u0e17\u0e35\u0e48\u0e41\u0e25\u0e30\u0e2a\u0e32\u0e22\u0e14\u0e48\u0e27\u0e19\u0e0a\u0e48\u0e27\u0e22\u0e40\u0e2b\u0e25\u0e37\u0e2d\u0e15\u0e25\u0e2d\u0e14 24 \u0e0a\u0e31\u0e48\u0e27\u0e42\u0e21\u0e07\u0e17\u0e38\u0e01\u0e27\u0e31\u0e19<\/li>\n<li>\u0e15\u0e23\u0e27\u0e08\u0e2a\u0e2d\u0e1a\u0e17\u0e35\u0e48\u0e1e\u0e31\u0e01\u0e2d\u0e22\u0e48\u0e32\u0e07\u0e25\u0e30\u0e40\u0e2d\u0e35\u0e22\u0e14<\/li>\n<li>\u0e15\u0e31\u0e49\u0e07\u0e41\u0e15\u0e48\u0e1b\u0e35 \u0e1e.\u0e28. 2508 \u0e1c\u0e39\u0e49\u0e43\u0e2b\u0e49\u0e1a\u0e23\u0e34\u0e01\u0e32\u0e23\u0e1a\u0e49\u0e32\u0e19\u0e1e\u0e31\u0e01\u0e15\u0e32\u0e01\u0e2d\u0e32\u0e01\u0e32\u0e28\u0e04\u0e38\u0e13\u0e20\u0e32\u0e1e\u0e0a\u0e31\u0e49\u0e19\u0e19\u0e33\u0e02\u0e2d\u0e07\u0e22\u0e38\u0e42\u0e23\u0e1b\u0e17\u0e31\u0e48\u0e27\u0e42\u0e25\u0e01<\/li>\n<li>\u0e01\u0e32\u0e23\u0e08\u0e2d\u0e07\u0e41\u0e25\u0e30\u0e0a\u0e33\u0e23\u0e30\u0e40\u0e07\u0e34\u0e19\u0e41\u0e1a\u0e1a\u0e18\u0e23\u0e23\u0e21\u0e14\u0e32<\/li>\n<li>\u0e23\u0e31\u0e1a\u0e1b\u0e23\u0e30\u0e01\u0e31\u0e19\u0e23\u0e32\u0e04\u0e32\u0e17\u0e35\u0e48\u0e14\u0e35\u0e17\u0e35\u0e48\u0e2a\u0e38\u0e14<\/li>\n<li>\u0e04\u0e27\u0e32\u0e21\u0e1e\u0e36\u0e07\u0e1e\u0e2d\u0e43\u0e08\u0e02\u0e2d\u0e07\u0e25\u0e39\u0e01\u0e04\u0e49\u0e32\u0e2a\u0e39\u0e07<\/li>\n<\/ul>\n<p>&nbsp;<br \/>\n<H2>xintexr\u0312 \u1e25om<\/h2>\n<p>cxng b\u0302\u0101nph\u1ea1k t\u0101kx\u0101k\u0101\u1e63\u0304 k\u0304hxng khu\u1e47 n\u0131 s\u0304 wit sexr\u0312 l\u00e6nd\u0312 p\u0304h\u0300\u0101n ph\u1ea1n\u1e6dhmitr k\u0304hxng re\u0101 Interhome l\u00e6a r\u1ea1b s\u0304ith\u1e6dhi prayochn\u0312 m\u0101km\u0101y:<br \/>\n<Ul><\/p>\n<li>s\u0304\u1ea3n\u1ea1kng\u0101n brik\u0101r n\u0131 ph\u1ee5\u0304\u0302nth\u012b\u0300 l\u00e6a s\u0304\u0101y d\u0300wn ch\u0300wyh\u0304el\u1ee5\u0304x tlxd 24 ch\u1ea1\u0300wmong thuk w\u1ea1n<\/li>\n<li>trwc s\u0304xb th\u012b\u0300ph\u1ea1k x\u1ef3\u0101ng laxe\u012byd<\/li>\n<li>t\u1eadngt\u00e6\u0300 p\u012b ph.\u1e62\u0304. 2508 P\u0304h\u016b\u0302 h\u0304\u0131\u0302 brik\u0101r b\u0302\u0101nph\u1ea1k t\u0101kx\u0101k\u0101\u1e63\u0304 khu\u1e47p\u0323h\u0101ph ch\u1eadn n\u1ea3 k\u0304hxng yurop th\u1ea1\u0300w lok<\/li>\n<li>k\u0101r cxng l\u00e6a ch\u1ea3ra ngein b\u00e6b \u1e6dhrrmd\u0101<\/li>\n<li>r\u1ea1bprak\u1ea1n r\u0101kh\u0101 th\u012b\u0300 d\u012b th\u012b\u0300s\u0304ud<\/li>\n<li>khw\u0101m ph\u1ee5ng phxc\u0131 k\u0304hxng l\u016bkk\u0125\u0101 s\u0304\u016bng<\/li>\n<\/ul>\n<p>&nbsp;[\/et_pb_text][et_pb_image src=\"https:\/\/www.swiss-pass.ch\/wp-content\/uploads\/2018\/10\/best-prize-garantie.jpg\" align_tablet=\"center\" align_phone=\"\" align_last_edited=\"on|desktop\" disabled_on=\"on|on|off\" _builder_version=\"4.16\" border_width_bottom=\"5px\" border_color_bottom=\"#e22c21\" global_colors_info=\"{}\"][\/et_pb_image][et_pb_code admin_label=\"\u0e1b\u0e25\u0e2d\u0e14\u0e20\u0e31\u0e22\u0e43\u0e19\u0e01\u0e32\u0e23\u0e40\u0e0a\u0e37\u0e48\u0e2d\u0e21\u0e15\u0e48\u0e2d\u0e41\u0e25\u0e30\u0e40\u0e02\u0e49\u0e32\u0e16\u0e36\u0e07\u0e23\u0e2b\u0e31\u0e2a\" _builder_version=\"4.23\" custom_margin_tablet=\"30px||\" custom_margin_phone=\"\" custom_margin_last_edited=\"on|tablet\" global_colors_info=\"{}\"]<a href=\"https:\/\/letsencrypt.status.io\/\" target=\"_blank\" rel=\"nofollow noopener\" style=\"background-color:#4c4949; width:100%; border-radius: 3px; border-bottom-right-radius:0px; border-bottom-left-radius:0px; display:inline-block; text-align:center\"><img loading=\"lazy\" decoding=\"async\" class=\"alignnone size-full wp-image-2020\" style=\"margin-top: 10px;\" src=\"https:\/\/www.swiss-pass.ch\/wp-content\/uploads\/2023\/10\/lets-encrypt-logo.png\" alt=\"\" width=\"152\" height=\"125\" \/><\/a><pee style=\"background-color:#4c4949; color:white; text-align:center; font-weight:bold; padding:5px; border-bottom-right-radius:3px; border-bottom-left-radius:3px; padding-top:0px;\">PROTECTED by SSL<\/pee>[\/et_pb_code][\/et_pb_column][\/et_pb_section]<\/p>\n","protected":false},"excerpt":{"rendered":"<p>\u0e08\u0e32\u0e01\u0e40\u0e0b\u0e2d\u0e23\u0e4c\u0e41\u0e21\u0e15\u0e15\u0e4c\u0e16\u0e36\u0e07\u0e40\u0e0b\u0e19\u0e15\u0e4c\u0e21\u0e2d\u0e23\u0e34\u0e15\u0e0b\u0e4c\u0e1c\u0e48\u0e32\u0e19\u0e2d\u0e31\u0e19\u0e40\u0e14\u0e2d\u0e23\u0e4c\u0e41\u0e21\u0e15\u0e15\u0e4c \u2013 \u0e01\u0e32\u0e23\u0e40\u0e14\u0e34\u0e19 [&hellip;]<\/p>\n","protected":false},"author":1,"featured_media":0,"parent":0,"menu_order":10,"comment_status":"closed","ping_status":"closed","template":"","meta":{"_et_pb_use_builder":"on","_et_pb_old_content":"","_et_gb_content_width":"","_glsr_average":0,"_glsr_ranking":0,"_glsr_reviews":0,"footnotes":""},"class_list":["post-30250","page","type-page","status-publish","hentry"],"_links":{"self":[{"href":"https:\/\/www.swiss-pass.ch\/th\/wp-json\/wp\/v2\/pages\/30250","targetHints":{"allow":["GET"]}}],"collection":[{"href":"https:\/\/www.swiss-pass.ch\/th\/wp-json\/wp\/v2\/pages"}],"about":[{"href":"https:\/\/www.swiss-pass.ch\/th\/wp-json\/wp\/v2\/types\/page"}],"author":[{"embeddable":true,"href":"https:\/\/www.swiss-pass.ch\/th\/wp-json\/wp\/v2\/users\/1"}],"replies":[{"embeddable":true,"href":"https:\/\/www.swiss-pass.ch\/th\/wp-json\/wp\/v2\/comments?post=30250"}],"version-history":[{"count":20,"href":"https:\/\/www.swiss-pass.ch\/th\/wp-json\/wp\/v2\/pages\/30250\/revisions"}],"predecessor-version":[{"id":34438,"href":"https:\/\/www.swiss-pass.ch\/th\/wp-json\/wp\/v2\/pages\/30250\/revisions\/34438"}],"wp:attachment":[{"href":"https:\/\/www.swiss-pass.ch\/th\/wp-json\/wp\/v2\/media?parent=30250"}],"curies":[{"name":"wp","href":"https:\/\/api.w.org\/{rel}","templated":true}]}}