{"id":29011,"date":"2025-04-11T13:42:02","date_gmt":"2025-04-11T13:42:02","guid":{"rendered":"https:\/\/www.swiss-pass.ch\/passes-regionais\/passe-regional-do-oberland-bernes\/"},"modified":"2026-03-31T11:49:58","modified_gmt":"2026-03-31T11:49:58","slug":"passe-regional-do-oberland-bernes","status":"publish","type":"page","link":"https:\/\/www.swiss-pass.ch\/pt-br\/passes-regionais\/passe-regional-do-oberland-bernes\/","title":{"rendered":"Passe Regional do Oberland Bern\u00eas"},"content":{"rendered":"<p>[et_pb_section fb_built=\"1\" fullwidth=\"on\" _builder_version=\"4.16\" bottom_divider_color=\"#ffffff\" bottom_divider_height=\"96px\" bottom_divider_flip=\"vertical\" border_width_bottom=\"5px\" border_color_bottom=\"#e02b20\" global_colors_info=\"{}\"][et_pb_fullwidth_slider module_class=\"kopfslider\" _builder_version=\"4.16\" header_font=\"||||||||\" header_text_color=\"#ffffff\" custom_margin=\"|||\" custom_padding=\"|||\" global_colors_info=\"{}\" button_text_size__hover_enabled=\"off\" button_text_size__hover=\"null\" button_one_text_size__hover_enabled=\"off\" button_one_text_size__hover=\"null\" button_two_text_size__hover_enabled=\"off\" button_two_text_size__hover=\"null\" button_text_color__hover_enabled=\"off\" button_text_color__hover=\"null\" button_one_text_color__hover_enabled=\"off\" button_one_text_color__hover=\"null\" button_two_text_color__hover_enabled=\"off\" button_two_text_color__hover=\"null\" button_border_width__hover_enabled=\"off\" button_border_width__hover=\"null\" button_one_border_width__hover_enabled=\"off\" button_one_border_width__hover=\"null\" button_two_border_width__hover_enabled=\"off\" button_two_border_width__hover=\"null\" button_border_color__hover_enabled=\"off\" button_border_color__hover=\"null\" button_one_border_color__hover_enabled=\"off\" button_one_border_color__hover=\"null\" button_two_border_color__hover_enabled=\"off\" button_two_border_color__hover=\"null\" button_border_radius__hover_enabled=\"off\" button_border_radius__hover=\"null\" button_one_border_radius__hover_enabled=\"off\" button_one_border_radius__hover=\"null\" button_two_border_radius__hover_enabled=\"off\" button_two_border_radius__hover=\"null\" button_letter_spacing__hover_enabled=\"off\" button_letter_spacing__hover=\"null\" button_one_letter_spacing__hover_enabled=\"off\" button_one_letter_spacing__hover=\"null\" button_two_letter_spacing__hover_enabled=\"off\" button_two_letter_spacing__hover=\"null\" button_bg_color__hover_enabled=\"off\" button_bg_color__hover=\"null\" button_one_bg_color__hover_enabled=\"off\" button_one_bg_color__hover=\"null\" button_two_bg_color__hover_enabled=\"off\" button_two_bg_color__hover=\"null\"][et_pb_slide heading=\"Passe Regional do Oberland Bern\u00eas\" use_bg_overlay=\"off\" use_text_overlay=\"off\" _builder_version=\"4.16\" header_font=\"||||||||\" header_text_color=\"#ffffff\" header_letter_spacing=\"0px\" header_line_height=\"1.2em\" background_color=\"#ffffff\" background_image=\"https:\/\/www.swiss-pass.ch\/wp-content\/uploads\/2021\/09\/regional-pass-berner-oberland-aarebrucke-h.jpg\" background_enable_image=\"on\" button_on_hover=\"on\" custom_padding=\"||||false|false\" global_colors_info=\"{}\" button_text_size__hover_enabled=\"off\" button_one_text_size__hover_enabled=\"off\" button_two_text_size__hover_enabled=\"off\" button_text_color__hover_enabled=\"off\" button_one_text_color__hover_enabled=\"off\" button_two_text_color__hover_enabled=\"off\" button_border_width__hover_enabled=\"off\" button_one_border_width__hover_enabled=\"off\" button_two_border_width__hover_enabled=\"off\" button_border_color__hover_enabled=\"off\" button_one_border_color__hover_enabled=\"off\" button_two_border_color__hover_enabled=\"off\" button_border_radius__hover_enabled=\"off\" button_one_border_radius__hover_enabled=\"off\" button_two_border_radius__hover_enabled=\"off\" button_letter_spacing__hover_enabled=\"off\" button_one_letter_spacing__hover_enabled=\"off\" button_two_letter_spacing__hover_enabled=\"off\" button_bg_color__hover_enabled=\"off\" button_one_bg_color__hover_enabled=\"off\" button_two_bg_color__hover_enabled=\"off\" sticky_transition=\"on\"]<\/p>\n<p style=\"text-align: center;\"><span style=\"color: #ffffff;\">Expresso Lucerne-Interlaken na Ponte Aare<\/span><\/p>\n<p>[\/et_pb_slide][\/et_pb_fullwidth_slider][\/et_pb_section][et_pb_section fb_built=\"1\" specialty=\"on\" _builder_version=\"4.16\" use_background_color_gradient=\"on\" background_color_gradient_stops=\"rgba(0,0,0,0.05) 3%|rgba(0,0,0,0) 13%\" background_color_gradient_start=\"rgba(0,0,0,0.05)\" background_color_gradient_start_position=\"3%\" background_color_gradient_end=\"rgba(0,0,0,0)\" background_color_gradient_end_position=\"13%\" custom_padding=\"50px|0px|50px|0px|true|false\" global_colors_info=\"{}\"][et_pb_column type=\"3_4\" specialty_columns=\"3\" _builder_version=\"4.16\" custom_padding=\"|||\" global_colors_info=\"{}\" custom_padding__hover=\"|||\"][et_pb_row_inner admin_label=\"Row\" _builder_version=\"4.16\" custom_padding=\"0|0px|0|0px|false|false\" global_colors_info=\"{}\"][et_pb_column_inner saved_specialty_column_type=\"3_4\" _builder_version=\"4.16\" custom_padding=\"|||\" global_colors_info=\"{}\" custom_padding__hover=\"|||\"][et_pb_text _builder_version=\"4.24.3\" header_font=\"|300|||||||\" header_text_color=\"#000000\" custom_margin=\"||30px|\" global_colors_info=\"{}\"]<\/p>\n<h1>Passe Regional Oberland Bern\u00eas<\/h1>\n<p>[\/et_pb_text][\/et_pb_column_inner][\/et_pb_row_inner][et_pb_row_inner column_structure=\"1_2,1_2\" admin_label=\"Row\" _builder_version=\"4.16\" custom_padding=\"0|0px|0|0px|false|false\" global_colors_info=\"{}\"][et_pb_column_inner type=\"1_2\" saved_specialty_column_type=\"3_4\" _builder_version=\"4.16\" custom_padding=\"|||\" global_colors_info=\"{}\" custom_padding__hover=\"|||\"][et_pb_text _builder_version=\"4.24.3\" header_font=\"|300|||||||\" header_text_color=\"#000000\" custom_margin=\"||30px|\" global_colors_info=\"{}\"]<\/p>\n<p>Descubra os vales, montanhas e lagos mais bonitos de Oberland Bern\u00eas \u2013 tudo isso com apenas uma passagem! O Passe Regional Oberland Bern\u00eas \u00e9 ideal para excurs\u00f5es via trem, barco, \u00f4nibus e telef\u00e9ricos. Os passes est\u00e3o dispon\u00edveis para 3, 4, 6, 8 ou 10 dias. A passagem ideal para uma excurs\u00e3o inesquec\u00edvel ao Jungfraujoch \u2013 Topo da Europa ou um passeio at\u00e9 o Schilthorn, o cen\u00e1rio lend\u00e1rio de um filme 007.<\/p>\n<p>[\/et_pb_text][\/et_pb_column_inner][et_pb_column_inner type=\"1_2\" saved_specialty_column_type=\"3_4\" _builder_version=\"4.16\" custom_padding=\"|||\" global_colors_info=\"{}\" custom_padding__hover=\"|||\"][et_pb_text _builder_version=\"4.24.3\" _module_preset=\"default\" min_height=\"33px\" custom_margin=\"||3px|||\" custom_padding=\"4px|||||\" global_colors_info=\"{}\"]<\/p>\n<h2>Passe Regional Oberland Bern\u00eas - Mapa de Validade<\/h2>\n<p>[\/et_pb_text][et_pb_image src=\"https:\/\/www.swiss-pass.ch\/wp-content\/uploads\/2024\/02\/Bernese-Oberland-Pass-validity-map.jpg\" alt=\"Passe dos Alpes do Lago Genebra - Mapa de Validade\" title_text=\"Bernese-Oberland-Pass-validity-map\" show_in_lightbox=\"on\" align_tablet=\"center\" align_phone=\"\" align_last_edited=\"on|desktop\" _builder_version=\"4.24.1\" min_height=\"185.3px\" custom_padding=\"0px|1px|0px|||\" global_colors_info=\"{}\"][\/et_pb_image][\/et_pb_column_inner][\/et_pb_row_inner][et_pb_row_inner admin_label=\"Row\" _builder_version=\"4.16\" custom_padding=\"0|0px|33.1563px|0px|false|false\" global_colors_info=\"{}\"][et_pb_column_inner saved_specialty_column_type=\"3_4\" _builder_version=\"4.16\" custom_padding=\"|||\" global_colors_info=\"{}\" custom_padding__hover=\"|||\"][et_pb_code _builder_version=\"4.27.6\" hover_enabled=\"0\" global_colors_info=\"{}\" sticky_enabled=\"0\"]<script><!-- [et_pb_line_break_holder] -->  function sendHeight() {<!-- [et_pb_line_break_holder] -->    const height = document.documentElement.scrollHeight;<!-- [et_pb_line_break_holder] -->    parent.postMessage({ type: \"setHeight\", height }, \"*\");<!-- [et_pb_line_break_holder] -->  }<!-- [et_pb_line_break_holder] -->  window.addEventListener(\"load\", sendHeight);<!-- [et_pb_line_break_holder] -->  window.addEventListener(\"resize\", sendHeight);<!-- [et_pb_line_break_holder] --><\/script><iframe style=\"border: none; overflow: hidden; width: 100%; height: 2000px; float: left;\" src=\"https:\/\/shop.swiss-pass.ch\/?currency=USD#\/pt\/product\/regionalBerneseOberlandPass\" frameborder=\"0\" scrolling=\"auto\"><\/iframe>[\/et_pb_code][\/et_pb_column_inner][\/et_pb_row_inner][\/et_pb_column][et_pb_column type=\"1_4\" _builder_version=\"4.16\" custom_padding=\"|||\" global_colors_info=\"{}\" custom_padding__hover=\"|||\"][et_pb_code disabled_on=\"on|on|on\" admin_label=\"Ads-PT-BR-ID253\" _builder_version=\"4.19.3\" _module_preset=\"default\" positioning=\"absolute\" position_origin_a=\"top_right\" vertical_offset=\"55px\" horizontal_offset=\"-290px\" vertical_offset_tablet=\"0px\" vertical_offset_phone=\"\" vertical_offset_last_edited=\"on|tablet\" horizontal_offset_tablet=\"0px\" horizontal_offset_phone=\"0px\" horizontal_offset_last_edited=\"on|tablet\" position_origin_a_tablet=\"top_right\" position_origin_a_phone=\"top_right\" position_origin_a_last_edited=\"on|tablet\" position_origin_f_tablet=\"\" position_origin_f_phone=\"\" position_origin_f_last_edited=\"on|desktop\" position_origin_r_tablet=\"\" position_origin_r_phone=\"\" position_origin_r_last_edited=\"on|desktop\" width=\"100%\" positioning_tablet=\"relative\" positioning_phone=\"relative\" positioning_last_edited=\"on|desktop\" custom_css_main_element=\".et_pb_code_inner adinfo||display:block;||font-size: 11px;||text-align: center !important;||text-decoration: none;\" global_module=\"31329\" locked=\"off\" global_colors_info=\"{}\"][the_ad_group id=\"253\"]<!-- [et_pb_line_break_holder] --><\/p>\n<div class=\"adinfo\">An\u00fancio<\/div>\n<p>[\/et_pb_code][et_pb_image src=\"https:\/\/www.swiss-pass.ch\/wp-content\/uploads\/2018\/08\/ticket-top-1.png\" align_tablet=\"center\" align_phone=\"\" align_last_edited=\"on|desktop\" disabled_on=\"on|on|off\" _builder_version=\"4.16\" custom_margin=\"||0px|\" global_colors_info=\"{}\"][\/et_pb_image][et_pb_text admin_label=\"Ticket Text Englisch\" module_class=\"schweizerticket\" _builder_version=\"4.24.1\" text_font=\"||||||||\" text_text_color=\"#ffffff\" header_font=\"||||||||\" header_2_font=\"||||||||\" header_2_text_color=\"#ffffff\" background_color=\"#8f8f8f\" max_width=\"100%\" custom_margin=\"||0px|\" custom_padding=\"20px|20px|20px|20px|true|true\" border_width_all=\"5px\" border_color_all=\"#555555\" global_colors_info=\"{}\"]<\/p>\n<h2>Passe do Oberland Bern\u00eas<\/h2>\n<ul class=\"product-description\">\n<li class=\"\">O Passe do Oberland Bern\u00eas tamb\u00e9m inclui mais de 25 trens e telef\u00e9ricos nas montanhas. Voc\u00ea ainda pode aproveitar descontos e benef\u00edcios extras de b\u00f4nus em cerca de 40 parceiros. (<a href=\"https:\/\/shop.swiss-pass.ch\/assets\/docs\/BerneseOberland-validitymap.pdf\" target=\"_blank\" rel=\"noopener\">mais sobre validade<\/a>)<\/li>\n<li class=\"\">V\u00e1lido para viajar em dias consecutivos: passes dispon\u00edveis de 3, 4, 6, 8 e 10 dias<\/li>\n<li class=\"\">Descontos e benef\u00edcios em uma variedade de atividades de lazer em todo o Oberland Bern\u00eas<\/li>\n<li>Dispon\u00edvel em <strong>print@home ticket \/ eTicket<\/strong><\/li>\n<\/ul>\n<p>[\/et_pb_text][et_pb_image src=\"https:\/\/www.swiss-pass.ch\/wp-content\/uploads\/2018\/08\/ticket-bottom.png\" align_tablet=\"center\" align_phone=\"\" align_last_edited=\"on|desktop\" disabled_on=\"on|on|off\" _builder_version=\"4.16\" global_colors_info=\"{}\"][\/et_pb_image][et_pb_text module_class=\"faq-sidebar\" _builder_version=\"4.16\" global_colors_info=\"{}\"]<\/p>\n<h2 style=\"text-align: left;\">FAQ do Passe Regional<br \/>Oberland Bern\u00eas<\/h2>\n<p>[ultimate-faqs include_category=\"berner-oberland-pt-br\"]<\/p>\n<p>[\/et_pb_text][et_pb_code admin_label=\"Letsencript ALL\" _builder_version=\"4.23\" _module_preset=\"default\" saved_tabs=\"all\" global_colors_info=\"{}\"]<\/p>\n<h6>Grand Train Tour of Switzerland<\/h6>\n<p><a id=\"overlay_unique_id_2091\" href=\"#\"><img decoding=\"async\" style=\"border-radius:5px;\" src=\"https:\/\/www.swiss-pass.ch\/wp-content\/uploads\/2018\/10\/grand-tour-deckbild.jpg\" \/><\/a><!-- [et_pb_line_break_holder] --><!\u2013- [et_pb_br_holder] -\u2013><!\u2013- [et_pb_br_holder] -\u2013><!-- [et_pb_line_break_holder] --><a href=\"https:\/\/letsencrypt.status.io\/\" target=\"_blank\" rel=\"nofollow noopener\" style=\"background-color:#4c4949; width:100%; border-radius: 3px; border-bottom-right-radius:0px; border-bottom-left-radius:0px; display:inline-block; text-align:center\"><img loading=\"lazy\" decoding=\"async\" class=\"alignnone size-full wp-image-2020\" style=\"margin-top: 10px;\" src=\"https:\/\/www.swiss-pass.ch\/wp-content\/uploads\/2023\/10\/lets-encrypt-logo.png\" alt=\"\" width=\"152\" height=\"125\" \/><\/a><pee style=\"background-color:#4c4949; color:white; text-align:center; font-weight:bold; padding:5px; border-bottom-right-radius:3px; border-bottom-left-radius:3px; padding-top:0px;\">PROTECTED by SSL<\/pee>[\/et_pb_code][\/et_pb_column][\/et_pb_section]<\/p>\n","protected":false},"excerpt":{"rendered":"<p>Expresso Lucerne-Interlaken na Ponte AarePasse Regional Oberland Bern\u00easDescubra os vales, montanhas e lagos mais bonitos de Oberland Bern\u00eas \u2013 tudo isso com apenas uma passagem! O Passe Regional Oberland Bern\u00eas \u00e9 ideal para excurs\u00f5es via trem, barco, \u00f4nibus e telef\u00e9ricos. Os passes est\u00e3o dispon\u00edveis para 3, 4, 6, 8 ou 10 dias. A passagem ideal [&hellip;]<\/p>\n","protected":false},"author":1,"featured_media":0,"parent":28983,"menu_order":1,"comment_status":"closed","ping_status":"closed","template":"","meta":{"_et_pb_use_builder":"on","_et_pb_old_content":"","_et_gb_content_width":"","_glsr_average":0,"_glsr_ranking":0,"_glsr_reviews":0,"footnotes":""},"class_list":["post-29011","page","type-page","status-publish","hentry"],"_links":{"self":[{"href":"https:\/\/www.swiss-pass.ch\/pt-br\/wp-json\/wp\/v2\/pages\/29011","targetHints":{"allow":["GET"]}}],"collection":[{"href":"https:\/\/www.swiss-pass.ch\/pt-br\/wp-json\/wp\/v2\/pages"}],"about":[{"href":"https:\/\/www.swiss-pass.ch\/pt-br\/wp-json\/wp\/v2\/types\/page"}],"author":[{"embeddable":true,"href":"https:\/\/www.swiss-pass.ch\/pt-br\/wp-json\/wp\/v2\/users\/1"}],"replies":[{"embeddable":true,"href":"https:\/\/www.swiss-pass.ch\/pt-br\/wp-json\/wp\/v2\/comments?post=29011"}],"version-history":[{"count":12,"href":"https:\/\/www.swiss-pass.ch\/pt-br\/wp-json\/wp\/v2\/pages\/29011\/revisions"}],"predecessor-version":[{"id":44669,"href":"https:\/\/www.swiss-pass.ch\/pt-br\/wp-json\/wp\/v2\/pages\/29011\/revisions\/44669"}],"up":[{"embeddable":true,"href":"https:\/\/www.swiss-pass.ch\/pt-br\/wp-json\/wp\/v2\/pages\/28983"}],"wp:attachment":[{"href":"https:\/\/www.swiss-pass.ch\/pt-br\/wp-json\/wp\/v2\/media?parent=29011"}],"curies":[{"name":"wp","href":"https:\/\/api.w.org\/{rel}","templated":true}]}}