{"id":28739,"date":"2025-04-11T13:42:02","date_gmt":"2025-04-11T13:42:02","guid":{"rendered":"https:\/\/www.swiss-pass.ch\/passe-de-transporte-suico\/"},"modified":"2026-03-31T11:46:36","modified_gmt":"2026-03-31T11:46:36","slug":"swiss-travel-pass","status":"publish","type":"page","link":"https:\/\/www.swiss-pass.ch\/pt-br\/swiss-travel-pass\/","title":{"rendered":"Swiss Travel Pass"},"content":{"rendered":"<p>[et_pb_section fb_built=\"1\" fullwidth=\"on\" _builder_version=\"4.16\" bottom_divider_color=\"#ffffff\" bottom_divider_height=\"96px\" bottom_divider_flip=\"vertical\" border_width_bottom=\"5px\" border_color_bottom=\"#e02b20\" global_colors_info=\"{}\"][et_pb_fullwidth_slider admin_label=\"PT-Slider-Top\" module_class=\"kopfslider\" _builder_version=\"4.27.4\" header_font=\"||||||||\" header_text_color=\"#ffffff\" custom_margin=\"|||\" custom_padding=\"|||\" global_module=\"31088\" saved_tabs=\"all\" global_colors_info=\"{}\" button_text_size__hover_enabled=\"off\" button_text_size__hover=\"null\" button_one_text_size__hover_enabled=\"off\" button_one_text_size__hover=\"null\" button_two_text_size__hover_enabled=\"off\" button_two_text_size__hover=\"null\" button_text_color__hover_enabled=\"off\" button_text_color__hover=\"null\" button_one_text_color__hover_enabled=\"off\" button_one_text_color__hover=\"null\" button_two_text_color__hover_enabled=\"off\" button_two_text_color__hover=\"null\" button_border_width__hover_enabled=\"off\" button_border_width__hover=\"null\" button_one_border_width__hover_enabled=\"off\" button_one_border_width__hover=\"null\" button_two_border_width__hover_enabled=\"off\" button_two_border_width__hover=\"null\" button_border_color__hover_enabled=\"off\" button_border_color__hover=\"null\" button_one_border_color__hover_enabled=\"off\" button_one_border_color__hover=\"null\" button_two_border_color__hover_enabled=\"off\" button_two_border_color__hover=\"null\" button_border_radius__hover_enabled=\"off\" button_border_radius__hover=\"null\" button_one_border_radius__hover_enabled=\"off\" button_one_border_radius__hover=\"null\" button_two_border_radius__hover_enabled=\"off\" button_two_border_radius__hover=\"null\" button_letter_spacing__hover_enabled=\"off\" button_letter_spacing__hover=\"null\" button_one_letter_spacing__hover_enabled=\"off\" button_one_letter_spacing__hover=\"null\" button_two_letter_spacing__hover_enabled=\"off\" button_two_letter_spacing__hover=\"null\" button_bg_color__hover_enabled=\"off\" button_bg_color__hover=\"null\" button_one_bg_color__hover_enabled=\"off\" button_one_bg_color__hover=\"null\" button_two_bg_color__hover_enabled=\"off\" button_two_bg_color__hover=\"null\"][et_pb_slide heading=\"Glacier Express com o Swiss Travel Pass\" use_bg_overlay=\"off\" use_text_overlay=\"off\" _builder_version=\"4.27.4\" header_font=\"||||||||\" header_text_color=\"#ffffff\" header_letter_spacing=\"0px\" header_line_height=\"1.2em\" body_text_color=\"#FFFFFF\" background_color=\"#ffffff\" background_image=\"https:\/\/www.swiss-pass.ch\/wp-content\/uploads\/2025\/05\/swiss-travel-pass-glacier-express-andermatt.jpg\" background_enable_image=\"on\" button_on_hover=\"on\" custom_padding=\"|||\" global_colors_info=\"{}\" button_text_size__hover_enabled=\"off\" button_one_text_size__hover_enabled=\"off\" button_two_text_size__hover_enabled=\"off\" button_text_color__hover_enabled=\"off\" button_one_text_color__hover_enabled=\"off\" button_two_text_color__hover_enabled=\"off\" button_border_width__hover_enabled=\"off\" button_one_border_width__hover_enabled=\"off\" button_two_border_width__hover_enabled=\"off\" button_border_color__hover_enabled=\"off\" button_one_border_color__hover_enabled=\"off\" button_two_border_color__hover_enabled=\"off\" button_border_radius__hover_enabled=\"off\" button_one_border_radius__hover_enabled=\"off\" button_two_border_radius__hover_enabled=\"off\" button_letter_spacing__hover_enabled=\"off\" button_one_letter_spacing__hover_enabled=\"off\" button_two_letter_spacing__hover_enabled=\"off\" button_bg_color__hover_enabled=\"off\" button_one_bg_color__hover_enabled=\"off\" button_two_bg_color__hover_enabled=\"off\" sticky_transition=\"on\"]<\/p>\n<p>De Zermatt a St. Moritz via Andermatt \u2013 uma jornada panor\u00e2mica espetacular inclu\u00edda no Swiss Travel Pass (reserva necess\u00e1ria).<\/p>\n<p>[\/et_pb_slide][et_pb_slide heading=\"Bernina Express com o Swiss Travel Pass\" use_bg_overlay=\"off\" use_text_overlay=\"off\" _builder_version=\"4.27.4\" header_font=\"||||||||\" header_text_color=\"#ffffff\" header_letter_spacing=\"0px\" header_line_height=\"1.2em\" body_text_color=\"#FFFFFF\" background_color=\"#ffffff\" background_image=\"https:\/\/www.swiss-pass.ch\/wp-content\/uploads\/2025\/05\/bernina-express-lago-bianco-swiss-travel-pass.jpg\" background_enable_image=\"on\" button_on_hover=\"on\" custom_padding=\"|||\" global_colors_info=\"{}\" button_text_size__hover_enabled=\"off\" button_one_text_size__hover_enabled=\"off\" button_two_text_size__hover_enabled=\"off\" button_text_color__hover_enabled=\"off\" button_one_text_color__hover_enabled=\"off\" button_two_text_color__hover_enabled=\"off\" button_border_width__hover_enabled=\"off\" button_one_border_width__hover_enabled=\"off\" button_two_border_width__hover_enabled=\"off\" button_border_color__hover_enabled=\"off\" button_one_border_color__hover_enabled=\"off\" button_two_border_color__hover_enabled=\"off\" button_border_radius__hover_enabled=\"off\" button_one_border_radius__hover_enabled=\"off\" button_two_border_radius__hover_enabled=\"off\" button_letter_spacing__hover_enabled=\"off\" button_one_letter_spacing__hover_enabled=\"off\" button_two_letter_spacing__hover_enabled=\"off\" button_bg_color__hover_enabled=\"off\" button_one_bg_color__hover_enabled=\"off\" button_two_bg_color__hover_enabled=\"off\" sticky_transition=\"on\"]Uma das viagens de trem mais c\u00eanicas da Su\u00ed\u00e7a: o Bernina Express ao longo do Lago Bianco est\u00e1 inclu\u00eddo no Swiss Travel Pass \u2013 reserva necess\u00e1ria.[\/et_pb_slide][et_pb_slide heading=\"Top of Europe \u2013 25% de desconto com o Swiss Travel Pass\" use_bg_overlay=\"off\" use_text_overlay=\"off\" _builder_version=\"4.27.4\" header_font=\"||||||||\" header_text_color=\"#ffffff\" header_letter_spacing=\"0px\" header_line_height=\"1.2em\" body_text_color=\"#FFFFFF\" background_color=\"#ffffff\" background_image=\"https:\/\/www.swiss-pass.ch\/wp-content\/uploads\/2025\/05\/jungfrau-top-of-europe-swiss-travel-pass-discount.jpg\" background_enable_image=\"on\" button_on_hover=\"on\" custom_padding=\"|||\" global_colors_info=\"{}\" button_text_size__hover_enabled=\"off\" button_one_text_size__hover_enabled=\"off\" button_two_text_size__hover_enabled=\"off\" button_text_color__hover_enabled=\"off\" button_one_text_color__hover_enabled=\"off\" button_two_text_color__hover_enabled=\"off\" button_border_width__hover_enabled=\"off\" button_one_border_width__hover_enabled=\"off\" button_two_border_width__hover_enabled=\"off\" button_border_color__hover_enabled=\"off\" button_one_border_color__hover_enabled=\"off\" button_two_border_color__hover_enabled=\"off\" button_border_radius__hover_enabled=\"off\" button_one_border_radius__hover_enabled=\"off\" button_two_border_radius__hover_enabled=\"off\" button_letter_spacing__hover_enabled=\"off\" button_one_letter_spacing__hover_enabled=\"off\" button_two_letter_spacing__hover_enabled=\"off\" button_bg_color__hover_enabled=\"off\" button_one_bg_color__hover_enabled=\"off\" button_two_bg_color__hover_enabled=\"off\" sticky_transition=\"on\"]Viva a experi\u00eancia de viajar at\u00e9 a esta\u00e7\u00e3o ferrovi\u00e1ria mais alta da Europa. Receba 25% de desconto at\u00e9 o Jungfraujoch \u2013 Top of Europe com o Swiss Travel Pass.[\/et_pb_slide][\/et_pb_fullwidth_slider][\/et_pb_section][et_pb_section fb_built=\"1\" specialty=\"on\" _builder_version=\"4.16\" use_background_color_gradient=\"on\" background_color_gradient_stops=\"rgba(0,0,0,0.05) 3%|rgba(0,0,0,0) 13%\" background_color_gradient_start=\"rgba(0,0,0,0.05)\" background_color_gradient_start_position=\"3%\" background_color_gradient_end=\"rgba(0,0,0,0)\" background_color_gradient_end_position=\"13%\" custom_padding=\"50px|0px|50px|0px|true|false\" global_colors_info=\"{}\"][et_pb_column type=\"3_4\" specialty_columns=\"3\" _builder_version=\"4.16\" custom_padding=\"|||\" global_colors_info=\"{}\" custom_padding__hover=\"|||\"][et_pb_row_inner admin_label=\"Row\" _builder_version=\"4.16\" custom_padding=\"0|0px|33.1563px|0px|false|false\" global_colors_info=\"{}\"][et_pb_column_inner saved_specialty_column_type=\"3_4\" _builder_version=\"4.16\" custom_padding=\"|||\" global_colors_info=\"{}\" custom_padding__hover=\"|||\"][et_pb_text _builder_version=\"4.27.4\" header_font=\"|300|||||||\" header_text_color=\"#000000\" custom_margin=\"||30px|\" global_colors_info=\"{}\"]<\/p>\n<h1>Swiss Travel Pass<\/h1>\n<h4>Passe de Transporte Su\u00ed\u00e7o | Passe Ferrovi\u00e1rio Su\u00ed\u00e7o | Passe de Viagem Su\u00ed\u00e7o<\/h4>\n<p>Compre um Passe de Transporte Su\u00ed\u00e7o para as suas viagens de trem na Su\u00ed\u00e7a. Esse Passe Ferrovi\u00e1rio Su\u00ed\u00e7o popular oferece viagens ilimitadas no Sistema de Transportes Su\u00ed\u00e7o. O Passe de Transporte Su\u00ed\u00e7o s\u00f3 pode ser vendido para n\u00e3o residentes da Su\u00ed\u00e7a ou Liechtenstein. Com um Passe de Transporte Su\u00ed\u00e7o no bolso, voc\u00ea tem o passe ferrovi\u00e1rio ideal para viajar na Su\u00ed\u00e7a. Leia mais detalhes sobre o Passe de Transporte Su\u00ed\u00e7o e validade abaixo.[\/et_pb_text][et_pb_text module_class=\"sondertitel\" _builder_version=\"4.27.4\" header_font=\"||||||||\" header_2_font=\"||||||||\" global_colors_info=\"{}\"]<\/p>\n<h2>Compre agora um Passe de Transporte Su\u00ed\u00e7o e comece a explorar o Sistema de Transportes Su\u00ed\u00e7o.<\/h2>\n<p>[\/et_pb_text][et_pb_code _builder_version=\"4.27.6\" hover_enabled=\"0\" global_colors_info=\"{}\" sticky_enabled=\"0\"]<script><!-- [et_pb_line_break_holder] -->  function sendHeight() {<!-- [et_pb_line_break_holder] -->    const height = document.documentElement.scrollHeight;<!-- [et_pb_line_break_holder] -->    parent.postMessage({ type: \"setHeight\", height }, \"*\");<!-- [et_pb_line_break_holder] -->  }<!-- [et_pb_line_break_holder] -->  window.addEventListener(\"load\", sendHeight);<!-- [et_pb_line_break_holder] -->  window.addEventListener(\"resize\", sendHeight);<!-- [et_pb_line_break_holder] --><\/script><iframe style=\"border: none; overflow: hidden; width: 100%; height:2000px; float:left;\" src=\"https:\/\/shop.swiss-pass.ch\/?currency=USD#\/pt\/product\/swissPass\" frameborder=\"0\" scrolling=\"auto\"><\/iframe>[\/et_pb_code][et_pb_code disabled_on=\"off|off|off\" admin_label=\"Promo 2025 schema\" _builder_version=\"4.27.4\" _module_preset=\"default\" locked=\"off\" global_colors_info=\"{}\"]<script type=\"application\/ld+json\"><!-- [et_pb_line_break_holder] -->{<!-- [et_pb_line_break_holder] -->  \"@context\":\"https:\/\/schema.org\",<!-- [et_pb_line_break_holder] -->  \"@graph\":[<!-- [et_pb_line_break_holder] -->    {<!-- [et_pb_line_break_holder] -->      \"@type\":\"Product\",<!-- [et_pb_line_break_holder] -->      \"@id\":\"https:\/\/www.swiss-pass.ch\/pt-br\/desconto-no-passe-de-viagem-suico\/#product\",<!-- [et_pb_line_break_holder] -->      \"name\":\"Swiss Travel Pass \u2013 Promo\u00e7\u00e3o 1\u00aa classe 2025\",<!-- [et_pb_line_break_holder] -->      \"description\":\"Compre um passe de 1\u00aa classe de 4 ou 8 dias e ganhe dias extras gratuitos. V\u00e1lido somente at\u00e9 30.11.2025.\",<!-- [et_pb_line_break_holder] -->      \"brand\":{\"@type\":\"Brand\",\"name\":\"Swiss Travel Pass\"},<!-- [et_pb_line_break_holder] -->      \"category\":\"Rail Pass\",<!-- [et_pb_line_break_holder] -->      \"url\":\"https:\/\/www.swiss-pass.ch\/pt-br\/desconto-no-passe-de-viagem-suico\/\",<!-- [et_pb_line_break_holder] -->      \"image\":\"https:\/\/www.swiss-pass.ch\/wp-content\/uploads\/2025\/09\/swiss-travel-pass-promotion.jpg\",<!-- [et_pb_line_break_holder] -->      \"offers\":[<!-- [et_pb_line_break_holder] -->        {<!-- [et_pb_line_break_holder] -->          \"@type\":\"Offer\",<!-- [et_pb_line_break_holder] -->          \"name\":\"4 dias (1\u00aa classe) + 1 gr\u00e1tis\",<!-- [et_pb_line_break_holder] -->          \"priceCurrency\":\"USD\",<!-- [et_pb_line_break_holder] -->          \"price\":\"610.00\",<!-- [et_pb_line_break_holder] -->          \"availability\":\"https:\/\/schema.org\/InStock\",<!-- [et_pb_line_break_holder] -->          \"itemCondition\":\"https:\/\/schema.org\/NewCondition\",<!-- [et_pb_line_break_holder] -->          \"validFrom\":\"2025-09-11\",<!-- [et_pb_line_break_holder] -->          \"priceValidUntil\":\"2025-11-30\",<!-- [et_pb_line_break_holder] -->          \"url\":\"https:\/\/www.swiss-pass.ch\/pt-br\/swiss-travel-pass\/\"<!-- [et_pb_line_break_holder] -->        },<!-- [et_pb_line_break_holder] -->        {<!-- [et_pb_line_break_holder] -->          \"@type\":\"Offer\",<!-- [et_pb_line_break_holder] -->          \"name\":\"8 dias (1\u00aa classe) + 2 gr\u00e1tis\",<!-- [et_pb_line_break_holder] -->          \"priceCurrency\":\"USD\",<!-- [et_pb_line_break_holder] -->          \"price\":\"864.00\",<!-- [et_pb_line_break_holder] -->          \"availability\":\"https:\/\/schema.org\/InStock\",<!-- [et_pb_line_break_holder] -->          \"itemCondition\":\"https:\/\/schema.org\/NewCondition\",<!-- [et_pb_line_break_holder] -->          \"validFrom\":\"2025-09-11\",<!-- [et_pb_line_break_holder] -->          \"priceValidUntil\":\"2025-11-30\",<!-- [et_pb_line_break_holder] -->          \"url\":\"https:\/\/www.swiss-pass.ch\/pt-br\/swiss-travel-pass\/\"<!-- [et_pb_line_break_holder] -->        }<!-- [et_pb_line_break_holder] -->      ]<!-- [et_pb_line_break_holder] -->    }<!-- [et_pb_line_break_holder] -->  ]<!-- [et_pb_line_break_holder] -->}<!-- [et_pb_line_break_holder] --><\/script><!-- [et_pb_line_break_holder] -->[\/et_pb_code][\/et_pb_column_inner][\/et_pb_row_inner][\/et_pb_column][et_pb_column type=\"1_4\" _builder_version=\"4.16\" custom_padding=\"|||\" global_colors_info=\"{}\" custom_padding__hover=\"|||\"][et_pb_code disabled_on=\"on|on|on\" admin_label=\"Ads-PT-BR-ID253\" _builder_version=\"4.19.3\" _module_preset=\"default\" positioning=\"absolute\" position_origin_a=\"top_right\" vertical_offset=\"55px\" horizontal_offset=\"-290px\" vertical_offset_tablet=\"0px\" vertical_offset_phone=\"\" vertical_offset_last_edited=\"on|tablet\" horizontal_offset_tablet=\"0px\" horizontal_offset_phone=\"0px\" horizontal_offset_last_edited=\"on|tablet\" position_origin_a_tablet=\"top_right\" position_origin_a_phone=\"top_right\" position_origin_a_last_edited=\"on|tablet\" position_origin_f_tablet=\"\" position_origin_f_phone=\"\" position_origin_f_last_edited=\"on|desktop\" position_origin_r_tablet=\"\" position_origin_r_phone=\"\" position_origin_r_last_edited=\"on|desktop\" width=\"100%\" positioning_tablet=\"relative\" positioning_phone=\"relative\" positioning_last_edited=\"on|desktop\" custom_css_main_element=\".et_pb_code_inner adinfo||display:block;||font-size: 11px;||text-align: center !important;||text-decoration: none;\" global_module=\"31329\" locked=\"off\" global_colors_info=\"{}\"][the_ad_group id=\"253\"]<!-- [et_pb_line_break_holder] --><\/p>\n<div class=\"adinfo\">An\u00fancio<\/div>\n<p>[\/et_pb_code][et_pb_image src=\"https:\/\/www.swiss-pass.ch\/wp-content\/uploads\/2018\/08\/ticket-top-1.png\" align_tablet=\"center\" align_phone=\"\" align_last_edited=\"on|desktop\" disabled_on=\"on|on|off\" _builder_version=\"4.16\" custom_margin=\"||0px|\" global_colors_info=\"{}\"]<br \/>\n[\/et_pb_image][et_pb_text admin_label=\"Ticket Text PT_BR\" module_class=\"schweizerticket\" _builder_version=\"4.27.4\" text_font=\"||||||||\" text_text_color=\"#ffffff\" header_font=\"||||||||\" header_2_font=\"||||||||\" header_2_text_color=\"#ffffff\" background_color=\"#8f8f8f\" max_width=\"100%\" custom_margin=\"||0px|\" custom_padding=\"20px|20px|20px|20px|true|true\" border_width_all=\"5px\" border_color_all=\"#555555\" global_module=\"29265\" saved_tabs=\"all\" global_colors_info=\"{}\"]<\/p>\n<div class=\"swiss-pass-box white-icons-with-bg\" lang=\"pt-br\">\n<h2>Swiss Travel Pass (anteriormente Swiss Pass)<\/h2>\n<p>Seus benef\u00edcios ao comprar nesta loja:<\/p>\n<div class=\"iconzeile\"><span class=\"icon\"><i class=\"fas fa-ticket-alt\"><\/i><\/span><span class=\"text\">Ponto de venda oficial<\/span><\/div>\n<div class=\"iconzeile\"><span class=\"icon\"><i class=\"fas fa-tags\"><\/i><\/span><span class=\"text\">Melhores pre\u00e7os dispon\u00edveis<\/span><\/div>\n<div class=\"iconzeile\"><span class=\"icon\"><i class=\"fas fa-undo-alt\"><\/i><\/span><span class=\"text\">Cancelamento at\u00e9 1 dia antes da partida<\/span><\/div>\n<div class=\"iconzeile\"><span class=\"icon\"><i class=\"fas fa-file-alt\"><\/i><\/span><span class=\"text\">E-ticket & Impress\u00e3o em casa<\/span><\/div>\n<div class=\"iconzeile\"><span class=\"icon\"><i class=\"fas fa-ban\"><\/i><\/span><span class=\"text\">Sem taxas ocultas<\/span><\/div>\n<div class=\"iconzeile\"><span class=\"icon\"><i class=\"fas fa-star\"><\/i><\/span><span class=\"text\">Alta satisfa\u00e7\u00e3o dos clientes<\/span><\/div>\n<div class=\"iconzeile\"><span class=\"icon\"><i class=\"fas fa-lock\"><\/i><\/span><span class=\"text\">Reserva segura<\/span><\/div>\n<p>Este \u00e9 o site oficial para a venda do Swiss Travel Pass e de outros passes ferrovi\u00e1rios su\u00ed\u00e7os dentro do Sistema de Transporte da Su\u00ed\u00e7a.<\/p>\n<\/div>\n<p>[\/et_pb_text][et_pb_image src=\"https:\/\/www.swiss-pass.ch\/wp-content\/uploads\/2018\/08\/ticket-bottom.png\" align_tablet=\"center\" align_phone=\"\" align_last_edited=\"on|desktop\" disabled_on=\"on|on|off\" _builder_version=\"4.16\" custom_margin=\"||50px||false|false\" global_colors_info=\"{}\"]<br \/>\n[\/et_pb_image][et_pb_text module_class=\"faq-sidebar\" _builder_version=\"4.27.4\" global_colors_info=\"{}\"]<\/p>\n<h2>FAQ do Passe de Transporte Su\u00ed\u00e7o<\/h2>\n<p>[ultimate-faqs include_category=\"swiss-travel-pass\" post_count=5 orderby=\"popular\"]<\/p>\n<p>[\/et_pb_text][et_pb_code admin_label=\"Letsencript ALL\" _builder_version=\"4.23\" _module_preset=\"default\" saved_tabs=\"all\" global_colors_info=\"{}\"]<\/p>\n<h6>Grand Tour de trem pela Su\u00ed\u00e7a<\/h6>\n<p><a id=\"overlay_unique_id_2091\" href=\"#\"><img decoding=\"async\" style=\"border-radius:5px\" src=\"https:\/\/www.swiss-pass.ch\/wp-content\/uploads\/2018\/10\/grand-tour-deckbild.jpg\"><\/a><!-- [et_pb_line_break_holder] --><!\u2013- [et_pb_br_holder] -\u2013><!\u2013- [et_pb_br_holder] -\u2013><!-- [et_pb_line_break_holder] --><a href=\"https:\/\/letsencrypt.status.io\/\" target=\"_blank\" rel=\"nofollow noopener\" style=\"background-color:#4c4949; width:100%; border-radius: 3px; border-bottom-right-radius:0px; border-bottom-left-radius:0px; display:inline-block; text-align:center\"><img loading=\"lazy\" decoding=\"async\" class=\"alignnone size-full wp-image-2020\" style=\"margin-top: 10px;\" src=\"https:\/\/www.swiss-pass.ch\/wp-content\/uploads\/2023\/10\/lets-encrypt-logo.png\" alt=\"\" width=\"152\" height=\"125\" \/><\/a><pee style=\"background-color:#4c4949; color:white; text-align:center; font-weight:bold; padding:5px; border-bottom-right-radius:3px; border-bottom-left-radius:3px; padding-top:0px;\">PROTECTED by SSL<\/pee>[\/et_pb_code][\/et_pb_column][\/et_pb_section]<\/p>\n","protected":false},"excerpt":{"rendered":"<p>De Zermatt a St. Moritz via Andermatt \u2013 uma jornada panor\u00e2mica espetacular inclu\u00edda no Swiss Travel Pass (reserva necess\u00e1ria).Uma das viagens de trem mais c\u00eanicas da Su\u00ed\u00e7a: o Bernina Express ao longo do Lago Bianco est\u00e1 inclu\u00eddo no Swiss Travel Pass \u2013 reserva necess\u00e1ria.Viva a experi\u00eancia de viajar at\u00e9 a esta\u00e7\u00e3o ferrovi\u00e1ria mais alta da [&hellip;]<\/p>\n","protected":false},"author":1,"featured_media":0,"parent":0,"menu_order":25,"comment_status":"closed","ping_status":"closed","template":"","meta":{"_et_pb_use_builder":"on","_et_pb_old_content":"","_et_gb_content_width":"","_glsr_average":0,"_glsr_ranking":0,"_glsr_reviews":0,"footnotes":""},"class_list":["post-28739","page","type-page","status-publish","hentry"],"_links":{"self":[{"href":"https:\/\/www.swiss-pass.ch\/pt-br\/wp-json\/wp\/v2\/pages\/28739","targetHints":{"allow":["GET"]}}],"collection":[{"href":"https:\/\/www.swiss-pass.ch\/pt-br\/wp-json\/wp\/v2\/pages"}],"about":[{"href":"https:\/\/www.swiss-pass.ch\/pt-br\/wp-json\/wp\/v2\/types\/page"}],"author":[{"embeddable":true,"href":"https:\/\/www.swiss-pass.ch\/pt-br\/wp-json\/wp\/v2\/users\/1"}],"replies":[{"embeddable":true,"href":"https:\/\/www.swiss-pass.ch\/pt-br\/wp-json\/wp\/v2\/comments?post=28739"}],"version-history":[{"count":28,"href":"https:\/\/www.swiss-pass.ch\/pt-br\/wp-json\/wp\/v2\/pages\/28739\/revisions"}],"predecessor-version":[{"id":44652,"href":"https:\/\/www.swiss-pass.ch\/pt-br\/wp-json\/wp\/v2\/pages\/28739\/revisions\/44652"}],"wp:attachment":[{"href":"https:\/\/www.swiss-pass.ch\/pt-br\/wp-json\/wp\/v2\/media?parent=28739"}],"curies":[{"name":"wp","href":"https:\/\/api.w.org\/{rel}","templated":true}]}}