{"id":28658,"date":"2025-04-11T13:42:02","date_gmt":"2025-04-11T13:42:02","guid":{"rendered":"https:\/\/www.swiss-pass.ch\/aluguel-de-temporada-na-suica\/"},"modified":"2025-05-02T14:18:03","modified_gmt":"2025-05-02T14:18:03","slug":"aluguel-de-temporada-na-suica","status":"publish","type":"page","link":"https:\/\/www.swiss-pass.ch\/pt-br\/aluguel-de-temporada-na-suica\/","title":{"rendered":"Aluguel de temporada na Su\u00ed\u00e7a"},"content":{"rendered":"<p>[et_pb_section fb_built=\"1\" fullwidth=\"on\" _builder_version=\"4.16\" bottom_divider_color=\"#ffffff\" bottom_divider_height=\"96px\" bottom_divider_flip=\"vertical\" border_width_bottom=\"5px\" border_color_bottom=\"#e02b20\" global_colors_info=\"{}\"][et_pb_fullwidth_slider admin_label=\"PT-Slider-Top\" module_class=\"kopfslider\" _builder_version=\"4.27.4\" header_font=\"||||||||\" header_text_color=\"#ffffff\" custom_margin=\"|||\" custom_padding=\"|||\" global_module=\"31088\" saved_tabs=\"all\" global_colors_info=\"{}\" button_text_size__hover_enabled=\"off\" button_text_size__hover=\"null\" button_one_text_size__hover_enabled=\"off\" button_one_text_size__hover=\"null\" button_two_text_size__hover_enabled=\"off\" button_two_text_size__hover=\"null\" button_text_color__hover_enabled=\"off\" button_text_color__hover=\"null\" button_one_text_color__hover_enabled=\"off\" button_one_text_color__hover=\"null\" button_two_text_color__hover_enabled=\"off\" button_two_text_color__hover=\"null\" button_border_width__hover_enabled=\"off\" button_border_width__hover=\"null\" button_one_border_width__hover_enabled=\"off\" button_one_border_width__hover=\"null\" button_two_border_width__hover_enabled=\"off\" button_two_border_width__hover=\"null\" button_border_color__hover_enabled=\"off\" button_border_color__hover=\"null\" button_one_border_color__hover_enabled=\"off\" button_one_border_color__hover=\"null\" button_two_border_color__hover_enabled=\"off\" button_two_border_color__hover=\"null\" button_border_radius__hover_enabled=\"off\" button_border_radius__hover=\"null\" button_one_border_radius__hover_enabled=\"off\" button_one_border_radius__hover=\"null\" button_two_border_radius__hover_enabled=\"off\" button_two_border_radius__hover=\"null\" button_letter_spacing__hover_enabled=\"off\" button_letter_spacing__hover=\"null\" button_one_letter_spacing__hover_enabled=\"off\" button_one_letter_spacing__hover=\"null\" button_two_letter_spacing__hover_enabled=\"off\" button_two_letter_spacing__hover=\"null\" button_bg_color__hover_enabled=\"off\" button_bg_color__hover=\"null\" button_one_bg_color__hover_enabled=\"off\" button_one_bg_color__hover=\"null\" button_two_bg_color__hover_enabled=\"off\" button_two_bg_color__hover=\"null\"][et_pb_slide heading=\"Glacier Express com o Swiss Travel Pass\" use_bg_overlay=\"off\" use_text_overlay=\"off\" _builder_version=\"4.27.4\" header_font=\"||||||||\" header_text_color=\"#ffffff\" header_letter_spacing=\"0px\" header_line_height=\"1.2em\" body_text_color=\"#FFFFFF\" background_color=\"#ffffff\" background_image=\"https:\/\/www.swiss-pass.ch\/wp-content\/uploads\/2025\/05\/swiss-travel-pass-glacier-express-andermatt.jpg\" background_enable_image=\"on\" button_on_hover=\"on\" custom_padding=\"|||\" global_colors_info=\"{}\" button_text_size__hover_enabled=\"off\" button_one_text_size__hover_enabled=\"off\" button_two_text_size__hover_enabled=\"off\" button_text_color__hover_enabled=\"off\" button_one_text_color__hover_enabled=\"off\" button_two_text_color__hover_enabled=\"off\" button_border_width__hover_enabled=\"off\" button_one_border_width__hover_enabled=\"off\" button_two_border_width__hover_enabled=\"off\" button_border_color__hover_enabled=\"off\" button_one_border_color__hover_enabled=\"off\" button_two_border_color__hover_enabled=\"off\" button_border_radius__hover_enabled=\"off\" button_one_border_radius__hover_enabled=\"off\" button_two_border_radius__hover_enabled=\"off\" button_letter_spacing__hover_enabled=\"off\" button_one_letter_spacing__hover_enabled=\"off\" button_two_letter_spacing__hover_enabled=\"off\" button_bg_color__hover_enabled=\"off\" button_one_bg_color__hover_enabled=\"off\" button_two_bg_color__hover_enabled=\"off\" sticky_transition=\"on\"]<\/p>\n<p>De Zermatt a St. Moritz via Andermatt \u2013 uma jornada panor\u00e2mica espetacular inclu\u00edda no Swiss Travel Pass (reserva necess\u00e1ria).<\/p>\n<p>[\/et_pb_slide][et_pb_slide heading=\"Bernina Express com o Swiss Travel Pass\" use_bg_overlay=\"off\" use_text_overlay=\"off\" _builder_version=\"4.27.4\" header_font=\"||||||||\" header_text_color=\"#ffffff\" header_letter_spacing=\"0px\" header_line_height=\"1.2em\" body_text_color=\"#FFFFFF\" background_color=\"#ffffff\" background_image=\"https:\/\/www.swiss-pass.ch\/wp-content\/uploads\/2025\/05\/bernina-express-lago-bianco-swiss-travel-pass.jpg\" background_enable_image=\"on\" button_on_hover=\"on\" custom_padding=\"|||\" global_colors_info=\"{}\" button_text_size__hover_enabled=\"off\" button_one_text_size__hover_enabled=\"off\" button_two_text_size__hover_enabled=\"off\" button_text_color__hover_enabled=\"off\" button_one_text_color__hover_enabled=\"off\" button_two_text_color__hover_enabled=\"off\" button_border_width__hover_enabled=\"off\" button_one_border_width__hover_enabled=\"off\" button_two_border_width__hover_enabled=\"off\" button_border_color__hover_enabled=\"off\" button_one_border_color__hover_enabled=\"off\" button_two_border_color__hover_enabled=\"off\" button_border_radius__hover_enabled=\"off\" button_one_border_radius__hover_enabled=\"off\" button_two_border_radius__hover_enabled=\"off\" button_letter_spacing__hover_enabled=\"off\" button_one_letter_spacing__hover_enabled=\"off\" button_two_letter_spacing__hover_enabled=\"off\" button_bg_color__hover_enabled=\"off\" button_one_bg_color__hover_enabled=\"off\" button_two_bg_color__hover_enabled=\"off\" sticky_transition=\"on\"]Uma das viagens de trem mais c\u00eanicas da Su\u00ed\u00e7a: o Bernina Express ao longo do Lago Bianco est\u00e1 inclu\u00eddo no Swiss Travel Pass \u2013 reserva necess\u00e1ria.[\/et_pb_slide][et_pb_slide heading=\"Top of Europe \u2013 25% de desconto com o Swiss Travel Pass\" use_bg_overlay=\"off\" use_text_overlay=\"off\" _builder_version=\"4.27.4\" header_font=\"||||||||\" header_text_color=\"#ffffff\" header_letter_spacing=\"0px\" header_line_height=\"1.2em\" body_text_color=\"#FFFFFF\" background_color=\"#ffffff\" background_image=\"https:\/\/www.swiss-pass.ch\/wp-content\/uploads\/2025\/05\/jungfrau-top-of-europe-swiss-travel-pass-discount.jpg\" background_enable_image=\"on\" button_on_hover=\"on\" custom_padding=\"|||\" global_colors_info=\"{}\" button_text_size__hover_enabled=\"off\" button_one_text_size__hover_enabled=\"off\" button_two_text_size__hover_enabled=\"off\" button_text_color__hover_enabled=\"off\" button_one_text_color__hover_enabled=\"off\" button_two_text_color__hover_enabled=\"off\" button_border_width__hover_enabled=\"off\" button_one_border_width__hover_enabled=\"off\" button_two_border_width__hover_enabled=\"off\" button_border_color__hover_enabled=\"off\" button_one_border_color__hover_enabled=\"off\" button_two_border_color__hover_enabled=\"off\" button_border_radius__hover_enabled=\"off\" button_one_border_radius__hover_enabled=\"off\" button_two_border_radius__hover_enabled=\"off\" button_letter_spacing__hover_enabled=\"off\" button_one_letter_spacing__hover_enabled=\"off\" button_two_letter_spacing__hover_enabled=\"off\" button_bg_color__hover_enabled=\"off\" button_one_bg_color__hover_enabled=\"off\" button_two_bg_color__hover_enabled=\"off\" sticky_transition=\"on\"]Viva a experi\u00eancia de viajar at\u00e9 a esta\u00e7\u00e3o ferrovi\u00e1ria mais alta da Europa. Receba 25% de desconto at\u00e9 o Jungfraujoch \u2013 Top of Europe com o Swiss Travel Pass.[\/et_pb_slide][\/et_pb_fullwidth_slider][\/et_pb_section][et_pb_section fb_built=\"1\" specialty=\"on\" _builder_version=\"4.16\" custom_padding=\"50px|0px|50px|0px|true|false\" global_colors_info=\"{}\"][et_pb_column type=\"3_4\" specialty_columns=\"3\" _builder_version=\"4.16\" custom_padding=\"|||\" global_colors_info=\"{}\" parallax__hover=\"off\" parallax_method__hover=\"on\" custom_padding__hover=\"|||\"][et_pb_row_inner admin_label=\"Row\" _builder_version=\"4.16\" custom_padding=\"0|0px|33.1563px|0px|false|false\" global_colors_info=\"{}\"][et_pb_column_inner saved_specialty_column_type=\"3_4\" _builder_version=\"4.16\" custom_padding=\"|||\" global_colors_info=\"{}\" parallax__hover=\"off\" parallax_method__hover=\"on\" custom_padding__hover=\"|||\"][et_pb_text _builder_version=\"4.27.4\" header_font=\"|300|||||||\" header_text_color=\"#000000\" custom_margin=\"||30px|\" hover_enabled=\"0\" global_colors_info=\"{}\" sticky_enabled=\"0\"]<\/p>\n<h1>Apartamentos de f\u00e9rias na Su\u00ed\u00e7a \u2013 Descubra e reserve agora<\/h1>\n<p><strong>Planejando f\u00e9rias na Su\u00ed\u00e7a e procurando acomoda\u00e7\u00e3o flex\u00edvel?<\/strong> Seja um chal\u00e9 aconchegante nos Alpes, um apartamento moderno \u00e0 beira do lago ou uma casa de f\u00e9rias familiar no campo \u2013 com nosso parceiro <strong>Interhome<\/strong>, voc\u00ea encontrar\u00e1 o local perfeito para dias inesquec\u00edveis na Su\u00ed\u00e7a.<\/p>\n<p>Escolha entre uma ampla sele\u00e7\u00e3o de apartamentos e casas de f\u00e9rias verificadas em todas as regi\u00f5es da Su\u00ed\u00e7a. Ideal para fam\u00edlias, casais ou grupos \u2013 com pre\u00e7os transparentes, avalia\u00e7\u00f5es genu\u00ednas e reserva online segura. Comece suas f\u00e9rias relaxado e sem preocupa\u00e7\u00f5es.<\/p>\n<p>[\/et_pb_text][et_pb_code _builder_version=\"4.21.2\" global_colors_info=\"{}\"]<iframe loading=\"lazy\" id=\"interhome_frame\" width=\"100%\" height=\"1000px\" src=\"https:\/\/www.interhome.pt\/Forward.aspx?iniframe=1&navigationid=4&cCode=CH&color1=E02B20&color2=5E5E5E&color3=FFFFFF&partnerid=CH1002399\" frameborder=\"0\"><\/iframe><!-- [et_pb_line_break_holder] --><script type=\"text\/javascript\"><!-- [et_pb_line_break_holder] -->  if (window.sc_receivePostMsg !== undefined) {<!-- [et_pb_line_break_holder] -->    window.removeEventListener(\"message\",window.sc_receivePostMsg); <!-- [et_pb_line_break_holder] -->  }<!-- [et_pb_line_break_holder] -->  window.sc_receivePostMsg=function (event) { <!-- [et_pb_line_break_holder] -->     if(event.data.split) {<!-- [et_pb_line_break_holder] -->          var arr = event.data.split(';'), <!-- [et_pb_line_break_holder] -->          init = parseInt(arr[1]); <!-- [et_pb_line_break_holder] -->          var height = parseInt(arr[0]); <!-- [et_pb_line_break_holder] -->          if (height) { <!-- [et_pb_line_break_holder] -->              document.getElementById('interhome_frame').height = height; <!-- [et_pb_line_break_holder] -->          }<!-- [et_pb_line_break_holder] -->      }<!-- [et_pb_line_break_holder] -->          if (init) <!-- [et_pb_line_break_holder] -->              window.scrollTo(0, 0); <!-- [et_pb_line_break_holder] -->  }<!-- [et_pb_line_break_holder] -->  if (window.addEventListener) {<!-- [et_pb_line_break_holder] -->    window.addEventListener(\"message\", window.sc_receivePostMsg, false); <!-- [et_pb_line_break_holder] -->  }<\/script>[\/et_pb_code][\/et_pb_column_inner][\/et_pb_row_inner][\/et_pb_column][et_pb_column type=\"1_4\" _builder_version=\"4.16\" custom_padding=\"|||\" global_colors_info=\"{}\" parallax__hover=\"off\" parallax_method__hover=\"on\" custom_padding__hover=\"|||\"][et_pb_code disabled_on=\"on|on|on\" admin_label=\"Ads-PT-BR-ID253\" _builder_version=\"4.19.3\" _module_preset=\"default\" positioning=\"absolute\" position_origin_a=\"top_right\" vertical_offset=\"55px\" horizontal_offset=\"-290px\" vertical_offset_tablet=\"0px\" vertical_offset_phone=\"\" vertical_offset_last_edited=\"on|tablet\" horizontal_offset_tablet=\"0px\" horizontal_offset_phone=\"0px\" horizontal_offset_last_edited=\"on|tablet\" position_origin_a_tablet=\"top_right\" position_origin_a_phone=\"top_right\" position_origin_a_last_edited=\"on|tablet\" position_origin_f_tablet=\"\" position_origin_f_phone=\"\" position_origin_f_last_edited=\"on|desktop\" position_origin_r_tablet=\"\" position_origin_r_phone=\"\" position_origin_r_last_edited=\"on|desktop\" width=\"100%\" positioning_tablet=\"relative\" positioning_phone=\"relative\" positioning_last_edited=\"on|desktop\" custom_css_main_element=\".et_pb_code_inner adinfo||display:block;||font-size: 11px;||text-align: center !important;||text-decoration: none;\" global_module=\"31329\" locked=\"off\" global_colors_info=\"{}\"][the_ad_group id=\"253\"]<!-- [et_pb_line_break_holder] --><\/p>\n<div class=\"adinfo\">An\u00fancio<\/div>\n<p>[\/et_pb_code][et_pb_image src=\"https:\/\/www.swiss-pass.ch\/wp-content\/uploads\/2023\/08\/fewobox-oben.png.webp\" title_text=\"fewobox-oben.png\" align_tablet=\"center\" align_phone=\"\" align_last_edited=\"on|desktop\" disabled_on=\"on|on|off\" _builder_version=\"4.21.2\" custom_margin=\"||0px\" global_colors_info=\"{}\"][\/et_pb_image][et_pb_text module_class=\"schweizerticket\" _builder_version=\"4.21.2\" text_font=\"||||||||\" text_text_color=\"#000000\" header_font=\"||||||||\" header_text_color=\"#000000\" header_2_font=\"||||||||\" header_2_text_color=\"#000000\" background_color=\"#e2e2e2\" custom_margin=\"||0px|\" custom_padding=\"20px|20px|0px|20px|false|true\" border_color_all=\"#555555\" border_width_top=\"1px\" border_color_top=\"rgba(85,85,85,0.32)\" border_width_bottom=\"1px\" border_color_bottom=\"rgba(85,85,85,0.32)\" global_colors_info=\"{}\"]<\/p>\n<h2>Interhome<\/h2>\n<p>Reserve sua casa de f\u00e9rias na Su\u00ed\u00e7a por meio de nosso parceiro Interhome e aproveite os in\u00fameros benef\u00edcios:<\/p>\n<ul>\n<li>Escrit\u00f3rios de atendimento locais e linha de ajuda 24 horas por dia, 7 dias por semana<\/li>\n<li>Alojamento cuidadosamente verificado<\/li>\n<li>Desde 1965, o principal fornecedor europeu de casas de f\u00e9rias de qualidade em todo o mundo<\/li>\n<li>Reserva e pagamento simples<\/li>\n<li>Garantia do melhor pre\u00e7o<\/li>\n<li>Alta satisfa\u00e7\u00e3o do cliente<\/li>\n<\/ul>\n<p>&nbsp;[\/et_pb_text][et_pb_image src=\"https:\/\/www.swiss-pass.ch\/wp-content\/uploads\/2018\/10\/best-prize-garantie.jpg\" align_tablet=\"center\" align_phone=\"\" align_last_edited=\"on|desktop\" disabled_on=\"on|on|off\" _builder_version=\"4.16\" border_width_bottom=\"5px\" border_color_bottom=\"#e22c21\" global_colors_info=\"{}\"][\/et_pb_image][et_pb_code admin_label=\"Letsencript ALL\" _builder_version=\"4.23\" _module_preset=\"default\" saved_tabs=\"all\" global_colors_info=\"{}\"]<\/p>\n<h6>Grand Train Tour of Switzerland<\/h6>\n<p><a id=\"overlay_unique_id_2091\" href=\"#\"><img decoding=\"async\" style=\"border-radius:5px;\" src=\"https:\/\/www.swiss-pass.ch\/wp-content\/uploads\/2018\/10\/grand-tour-deckbild.jpg\" \/><\/a><!-- [et_pb_line_break_holder] --><!\u2013- [et_pb_br_holder] -\u2013><!\u2013- [et_pb_br_holder] -\u2013><!-- [et_pb_line_break_holder] --><a href=\"https:\/\/letsencrypt.status.io\/\" target=\"_blank\" rel=\"nofollow noopener\" style=\"background-color:#4c4949; width:100%; border-radius: 3px; border-bottom-right-radius:0px; border-bottom-left-radius:0px; display:inline-block; text-align:center\"><img loading=\"lazy\" decoding=\"async\" class=\"alignnone size-full wp-image-2020\" style=\"margin-top: 10px;\" src=\"https:\/\/www.swiss-pass.ch\/wp-content\/uploads\/2023\/10\/lets-encrypt-logo.png\" alt=\"\" width=\"152\" height=\"125\" \/><\/a><pee style=\"background-color:#4c4949; color:white; text-align:center; font-weight:bold; padding:5px; border-bottom-right-radius:3px; border-bottom-left-radius:3px; padding-top:0px;\">PROTECTED by SSL<\/pee>[\/et_pb_code][\/et_pb_column][\/et_pb_section]<\/p>\n","protected":false},"excerpt":{"rendered":"<p>De Zermatt a St. Moritz via Andermatt \u2013 uma jornada panor\u00e2mica espetacular inclu\u00edda no Swiss Travel Pass (reserva necess\u00e1ria).Uma das viagens de trem mais c\u00eanicas da Su\u00ed\u00e7a: o Bernina Express ao longo do Lago Bianco est\u00e1 inclu\u00eddo no Swiss Travel Pass \u2013 reserva necess\u00e1ria.Viva a experi\u00eancia de viajar at\u00e9 a esta\u00e7\u00e3o ferrovi\u00e1ria mais alta da [&hellip;]<\/p>\n","protected":false},"author":1,"featured_media":0,"parent":0,"menu_order":10,"comment_status":"closed","ping_status":"closed","template":"","meta":{"_et_pb_use_builder":"on","_et_pb_old_content":"","_et_gb_content_width":"","_glsr_average":0,"_glsr_ranking":0,"_glsr_reviews":0,"footnotes":""},"class_list":["post-28658","page","type-page","status-publish","hentry"],"_links":{"self":[{"href":"https:\/\/www.swiss-pass.ch\/pt-br\/wp-json\/wp\/v2\/pages\/28658","targetHints":{"allow":["GET"]}}],"collection":[{"href":"https:\/\/www.swiss-pass.ch\/pt-br\/wp-json\/wp\/v2\/pages"}],"about":[{"href":"https:\/\/www.swiss-pass.ch\/pt-br\/wp-json\/wp\/v2\/types\/page"}],"author":[{"embeddable":true,"href":"https:\/\/www.swiss-pass.ch\/pt-br\/wp-json\/wp\/v2\/users\/1"}],"replies":[{"embeddable":true,"href":"https:\/\/www.swiss-pass.ch\/pt-br\/wp-json\/wp\/v2\/comments?post=28658"}],"version-history":[{"count":17,"href":"https:\/\/www.swiss-pass.ch\/pt-br\/wp-json\/wp\/v2\/pages\/28658\/revisions"}],"predecessor-version":[{"id":34455,"href":"https:\/\/www.swiss-pass.ch\/pt-br\/wp-json\/wp\/v2\/pages\/28658\/revisions\/34455"}],"wp:attachment":[{"href":"https:\/\/www.swiss-pass.ch\/pt-br\/wp-json\/wp\/v2\/media?parent=28658"}],"curies":[{"name":"wp","href":"https:\/\/api.w.org\/{rel}","templated":true}]}}