{"id":71,"date":"2025-04-11T13:42:02","date_gmt":"2025-04-11T13:42:02","guid":{"rendered":"http:\/\/194.126.200.57\/~qmarketi\/swiss-pass-ch\/?page_id=71"},"modified":"2026-03-31T11:34:32","modified_gmt":"2026-03-31T11:34:32","slug":"swiss-travel-pass","status":"publish","type":"page","link":"https:\/\/www.swiss-pass.ch\/fr\/swiss-travel-pass\/","title":{"rendered":"Swiss Travel Pass"},"content":{"rendered":"<p>[et_pb_section fb_built=\"1\" fullwidth=\"on\" _builder_version=\"4.16\" bottom_divider_color=\"#ffffff\" bottom_divider_height=\"96px\" bottom_divider_flip=\"vertical\" border_width_bottom=\"5px\" border_color_bottom=\"#e02b20\" global_colors_info=\"{}\"][et_pb_fullwidth_slider admin_label=\"FR-Slider-Top\" module_class=\"kopfslider\" _builder_version=\"4.27.4\" header_font=\"||||||||\" header_text_color=\"#ffffff\" body_text_color=\"#FFFFFF\" custom_margin=\"|||\" custom_padding=\"|||\" global_module=\"26257\" saved_tabs=\"all\" global_colors_info=\"{}\" button_text_size__hover_enabled=\"off\" button_one_text_size__hover_enabled=\"off\" button_two_text_size__hover_enabled=\"off\" button_text_color__hover_enabled=\"off\" button_one_text_color__hover_enabled=\"off\" button_two_text_color__hover_enabled=\"off\" button_border_width__hover_enabled=\"off\" button_one_border_width__hover_enabled=\"off\" button_two_border_width__hover_enabled=\"off\" button_border_color__hover_enabled=\"off\" button_one_border_color__hover_enabled=\"off\" button_two_border_color__hover_enabled=\"off\" button_border_radius__hover_enabled=\"off\" button_one_border_radius__hover_enabled=\"off\" button_two_border_radius__hover_enabled=\"off\" button_letter_spacing__hover_enabled=\"off\" button_one_letter_spacing__hover_enabled=\"off\" button_two_letter_spacing__hover_enabled=\"off\" button_bg_color__hover_enabled=\"off\" button_one_bg_color__hover_enabled=\"off\" button_two_bg_color__hover_enabled=\"off\"][et_pb_slide heading=\"Glacier Express avec le Swiss Travel Pass\" use_bg_overlay=\"off\" use_text_overlay=\"off\" _builder_version=\"4.27.4\" header_font=\"||||||||\" header_text_color=\"#ffffff\" header_letter_spacing=\"0px\" header_line_height=\"1.2em\" background_color=\"#ffffff\" background_image=\"https:\/\/www.swiss-pass.ch\/wp-content\/uploads\/2025\/05\/swiss-travel-pass-glacier-express-andermatt.jpg\" background_enable_image=\"on\" button_on_hover=\"on\" custom_padding=\"|||\" global_colors_info=\"{}\" button_text_size__hover_enabled=\"off\" button_one_text_size__hover_enabled=\"off\" button_two_text_size__hover_enabled=\"off\" button_text_color__hover_enabled=\"off\" button_one_text_color__hover_enabled=\"off\" button_two_text_color__hover_enabled=\"off\" button_border_width__hover_enabled=\"off\" button_one_border_width__hover_enabled=\"off\" button_two_border_width__hover_enabled=\"off\" button_border_color__hover_enabled=\"off\" button_one_border_color__hover_enabled=\"off\" button_two_border_color__hover_enabled=\"off\" button_border_radius__hover_enabled=\"off\" button_one_border_radius__hover_enabled=\"off\" button_two_border_radius__hover_enabled=\"off\" button_letter_spacing__hover_enabled=\"off\" button_one_letter_spacing__hover_enabled=\"off\" button_two_letter_spacing__hover_enabled=\"off\" button_bg_color__hover_enabled=\"off\" button_one_bg_color__hover_enabled=\"off\" button_two_bg_color__hover_enabled=\"off\" sticky_transition=\"on\"]<\/p>\n<p>De Zermatt \u00e0 St. Moritz via Andermatt \u2013 un voyage panoramique spectaculaire inclus dans le Swiss Travel Pass (r\u00e9servation requise).<\/p>\n<p>[\/et_pb_slide][et_pb_slide heading=\"Bernina Express avec le Swiss Travel Pass\" use_bg_overlay=\"off\" use_text_overlay=\"off\" _builder_version=\"4.27.4\" header_font=\"||||||||\" header_text_color=\"#ffffff\" header_letter_spacing=\"0px\" header_line_height=\"1.2em\" background_color=\"#ffffff\" background_image=\"https:\/\/www.swiss-pass.ch\/wp-content\/uploads\/2025\/05\/bernina-express-lago-bianco-swiss-travel-pass.jpg\" background_enable_image=\"on\" button_on_hover=\"on\" custom_padding=\"|||\" global_colors_info=\"{}\" button_text_size__hover_enabled=\"off\" button_one_text_size__hover_enabled=\"off\" button_two_text_size__hover_enabled=\"off\" button_text_color__hover_enabled=\"off\" button_one_text_color__hover_enabled=\"off\" button_two_text_color__hover_enabled=\"off\" button_border_width__hover_enabled=\"off\" button_one_border_width__hover_enabled=\"off\" button_two_border_width__hover_enabled=\"off\" button_border_color__hover_enabled=\"off\" button_one_border_color__hover_enabled=\"off\" button_two_border_color__hover_enabled=\"off\" button_border_radius__hover_enabled=\"off\" button_one_border_radius__hover_enabled=\"off\" button_two_border_radius__hover_enabled=\"off\" button_letter_spacing__hover_enabled=\"off\" button_one_letter_spacing__hover_enabled=\"off\" button_two_letter_spacing__hover_enabled=\"off\" button_bg_color__hover_enabled=\"off\" button_one_bg_color__hover_enabled=\"off\" button_two_bg_color__hover_enabled=\"off\" sticky_transition=\"on\"]L'un des voyages en train les plus pittoresques de Suisse : le Bernina Express le long du Lago Bianco est inclus dans le Swiss Travel Pass \u2013 r\u00e9servation requise.[\/et_pb_slide][et_pb_slide heading=\"Top of Europe \u2013 25\u202f% de r\u00e9duction avec le Swiss Travel Pass\" use_bg_overlay=\"off\" use_text_overlay=\"off\" _builder_version=\"4.27.4\" header_font=\"||||||||\" header_text_color=\"#ffffff\" header_letter_spacing=\"0px\" header_line_height=\"1.2em\" body_text_color=\"#FFFFFF\" background_color=\"#ffffff\" background_image=\"https:\/\/www.swiss-pass.ch\/wp-content\/uploads\/2025\/05\/jungfrau-top-of-europe-swiss-travel-pass-discount.jpg\" background_enable_image=\"on\" background_position=\"top_center\" button_on_hover=\"on\" custom_padding=\"|||\" global_colors_info=\"{}\" button_text_size__hover_enabled=\"off\" button_one_text_size__hover_enabled=\"off\" button_two_text_size__hover_enabled=\"off\" button_text_color__hover_enabled=\"off\" button_one_text_color__hover_enabled=\"off\" button_two_text_color__hover_enabled=\"off\" button_border_width__hover_enabled=\"off\" button_one_border_width__hover_enabled=\"off\" button_two_border_width__hover_enabled=\"off\" button_border_color__hover_enabled=\"off\" button_one_border_color__hover_enabled=\"off\" button_two_border_color__hover_enabled=\"off\" button_border_radius__hover_enabled=\"off\" button_one_border_radius__hover_enabled=\"off\" button_two_border_radius__hover_enabled=\"off\" button_letter_spacing__hover_enabled=\"off\" button_one_letter_spacing__hover_enabled=\"off\" button_two_letter_spacing__hover_enabled=\"off\" button_bg_color__hover_enabled=\"off\" button_one_bg_color__hover_enabled=\"off\" button_two_bg_color__hover_enabled=\"off\" sticky_transition=\"on\"]Prenez le train jusqu'\u00e0 la gare la plus haute d'Europe. B\u00e9n\u00e9ficiez de 25\u202f% de r\u00e9duction sur le trajet vers le Jungfraujoch \u2013 Top of Europe avec le Swiss Travel Pass.[\/et_pb_slide][\/et_pb_fullwidth_slider][\/et_pb_section][et_pb_section fb_built=\"1\" specialty=\"on\" _builder_version=\"4.16\" use_background_color_gradient=\"on\" background_color_gradient_stops=\"rgba(0,0,0,0.05) 3%|rgba(0,0,0,0) 13%\" background_color_gradient_start=\"rgba(0,0,0,0.05)\" background_color_gradient_start_position=\"3%\" background_color_gradient_end=\"rgba(0,0,0,0)\" background_color_gradient_end_position=\"13%\" custom_padding=\"50px|0px|50px|0px|true|false\" global_colors_info=\"{}\"][et_pb_column type=\"3_4\" specialty_columns=\"3\" _builder_version=\"4.16\" custom_padding=\"|||\" global_colors_info=\"{}\" custom_padding__hover=\"|||\"][et_pb_row_inner admin_label=\"Row\" _builder_version=\"4.16\" custom_padding=\"0|0px|33.1563px|0px|false|false\" global_colors_info=\"{}\"][et_pb_column_inner saved_specialty_column_type=\"3_4\" _builder_version=\"4.16\" custom_padding=\"|||\" global_colors_info=\"{}\" custom_padding__hover=\"|||\"][et_pb_text _builder_version=\"4.16\" header_font=\"|300|||||||\" header_text_color=\"#000000\" custom_margin=\"||30px|\" global_colors_info=\"{}\"]<\/p>\n<h1>Swiss Travel Pass<\/h1>\n<p>Commandez d\u00e8s maintenant le Swiss Travel Pass pour des voyages en train \u00e0 prix avantageux. Avec le Swiss Travel Pass de Swiss Travel System vous voyagez de mani\u00e8re flexible par train, bus ou bateau. Le domaine d\u2019application exacte du Swiss Travel Pass est indiqu\u00e9 sur le plan du Swiss Travel System. Le Swiss Travel Pass est id\u00e9al pour des voyages en train en Suisse et peut \u00eatre achet\u00e9 par toute personne domicili\u00e9e en dehors de la Suisse ou la Principaut\u00e9 de Liechtenstein.<\/p>\n<p>[\/et_pb_text][et_pb_text module_class=\"sondertitel\" _builder_version=\"4.16\" global_colors_info=\"{}\"]<\/p>\n<h2>Commander le Swiss Travel Pass en ligne et explorer Swiss Travel System.<\/h2>\n<p>[\/et_pb_text][et_pb_code _builder_version=\"4.27.6\" hover_enabled=\"0\" global_colors_info=\"{}\" sticky_enabled=\"0\"]<script><!-- [et_pb_line_break_holder] -->  function sendHeight() {<!-- [et_pb_line_break_holder] -->    const height = document.documentElement.scrollHeight;<!-- [et_pb_line_break_holder] -->    parent.postMessage({ type: \"setHeight\", height }, \"*\");<!-- [et_pb_line_break_holder] -->  }<!-- [et_pb_line_break_holder] -->  window.addEventListener(\"load\", sendHeight);<!-- [et_pb_line_break_holder] -->  window.addEventListener(\"resize\", sendHeight);<!-- [et_pb_line_break_holder] --><\/script><iframe loading=\"lazy\" style=\"border: none; overflow: hidden; width: 100%; height: 2000px; float:left;\" src=\"https:\/\/shop.swiss-pass.ch\/?currency=EUR#\/fr\/product\/swissPass\" width=\"300\" height=\"150\" frameborder=\"0\" scrolling=\"auto\"><\/iframe>[\/et_pb_code][et_pb_code disabled_on=\"off|on|off\" admin_label=\"Promo 2025 schema\" _builder_version=\"4.27.4\" _module_preset=\"default\" locked=\"off\" global_colors_info=\"{}\"]<script type=\"application\/ld+json\"><!-- [et_pb_line_break_holder] -->{<!-- [et_pb_line_break_holder] -->  \"@context\":\"https:\/\/schema.org\",<!-- [et_pb_line_break_holder] -->  \"@graph\":[<!-- [et_pb_line_break_holder] -->    {<!-- [et_pb_line_break_holder] -->      \"@type\":\"Product\",<!-- [et_pb_line_break_holder] -->      \"@id\":\"https:\/\/www.swiss-pass.ch\/fr\/reductions-et-promotions-swiss-travel-pass\/#product\",<!-- [et_pb_line_break_holder] -->      \"name\":\"Swiss Travel Pass \u2013 Promotion 1re classe 2025\",<!-- [et_pb_line_break_holder] -->      \"description\":\"Achetez un pass 1re classe de 4 ou 8 jours et obtenez des jours de voyage suppl\u00e9mentaires gratuits. Offre valable jusqu\u2019au 30.11.2025.\",<!-- [et_pb_line_break_holder] -->      \"brand\":{\"@type\":\"Brand\",\"name\":\"Swiss Travel Pass\"},<!-- [et_pb_line_break_holder] -->      \"category\":\"Rail Pass\",<!-- [et_pb_line_break_holder] -->      \"url\":\"https:\/\/www.swiss-pass.ch\/fr\/reductions-et-promotions-swiss-travel-pass\/\",<!-- [et_pb_line_break_holder] -->      \"image\":\"https:\/\/www.swiss-pass.ch\/wp-content\/uploads\/2025\/09\/swiss-travel-pass-promotion.jpg\",<!-- [et_pb_line_break_holder] -->      \"offers\":[<!-- [et_pb_line_break_holder] -->        {<!-- [et_pb_line_break_holder] -->          \"@type\":\"Offer\",<!-- [et_pb_line_break_holder] -->          \"name\":\"4 jours (1re classe) + 1 offert\",<!-- [et_pb_line_break_holder] -->          \"priceCurrency\":\"EUR\",<!-- [et_pb_line_break_holder] -->          \"price\":\"510\",<!-- [et_pb_line_break_holder] -->          \"availability\":\"https:\/\/schema.org\/InStock\",<!-- [et_pb_line_break_holder] -->          \"itemCondition\":\"https:\/\/schema.org\/NewCondition\",<!-- [et_pb_line_break_holder] -->          \"validFrom\":\"2025-09-11\",<!-- [et_pb_line_break_holder] -->          \"priceValidUntil\":\"2025-11-30\",<!-- [et_pb_line_break_holder] -->          \"url\":\"https:\/\/www.swiss-pass.ch\/fr\/swiss-travel-pass\/\"<!-- [et_pb_line_break_holder] -->        },<!-- [et_pb_line_break_holder] -->        {<!-- [et_pb_line_break_holder] -->          \"@type\":\"Offer\",<!-- [et_pb_line_break_holder] -->          \"name\":\"8 jours (1re classe) + 2 offerts\",<!-- [et_pb_line_break_holder] -->          \"priceCurrency\":\"EUR\",<!-- [et_pb_line_break_holder] -->          \"price\":\"723\",<!-- [et_pb_line_break_holder] -->          \"availability\":\"https:\/\/schema.org\/InStock\",<!-- [et_pb_line_break_holder] -->          \"itemCondition\":\"https:\/\/schema.org\/NewCondition\",<!-- [et_pb_line_break_holder] -->          \"validFrom\":\"2025-09-11\",<!-- [et_pb_line_break_holder] -->          \"priceValidUntil\":\"2025-11-30\",<!-- [et_pb_line_break_holder] -->          \"url\":\"https:\/\/www.swiss-pass.ch\/fr\/swiss-travel-pass\/\"<!-- [et_pb_line_break_holder] -->        }<!-- [et_pb_line_break_holder] -->      ]<!-- [et_pb_line_break_holder] -->    }<!-- [et_pb_line_break_holder] -->  ]<!-- [et_pb_line_break_holder] -->}<!-- [et_pb_line_break_holder] --><\/script><!-- [et_pb_line_break_holder] -->[\/et_pb_code][\/et_pb_column_inner][\/et_pb_row_inner][\/et_pb_column][et_pb_column type=\"1_4\" _builder_version=\"4.16\" custom_padding=\"|||\" global_colors_info=\"{}\" custom_padding__hover=\"|||\"][et_pb_image src=\"https:\/\/www.swiss-pass.ch\/wp-content\/uploads\/2018\/08\/ticket-top-1.png\" align_tablet=\"center\" align_phone=\"\" align_last_edited=\"on|desktop\" disabled_on=\"on|on|off\" _builder_version=\"4.16\" custom_margin=\"||0px|\" global_colors_info=\"{}\"][\/et_pb_image][et_pb_text admin_label=\"Ticket Text FR\" module_class=\"schweizerticket\" _builder_version=\"4.27.4\" text_text_color=\"#ffffff\" header_2_text_color=\"#ffffff\" background_color=\"#8f8f8f\" custom_margin=\"||0px|\" custom_padding=\"20px|20px|20px|20px|true|true\" border_width_all=\"5px\" border_color_all=\"#555555\" global_module=\"34299\" global_colors_info=\"{}\"]<\/p>\n<div class=\"swiss-pass-box white-icons-with-bg\" lang=\"fr\">\n<h2>Swiss Travel Pass (anciennement Swiss Pass)<\/h2>\n<p>Vos avantages en commandant sur cette boutique :<\/p>\n<div class=\"iconzeile\"><span class=\"icon\"><i class=\"fas fa-ticket-alt\"><\/i><\/span><span class=\"text\">Point de vente officiel<\/span><\/div>\n<div class=\"iconzeile\"><span class=\"icon\"><i class=\"fas fa-tags\"><\/i><\/span><span class=\"text\">Meilleurs prix disponibles<\/span><\/div>\n<div class=\"iconzeile\"><span class=\"icon\"><i class=\"fas fa-undo-alt\"><\/i><\/span><span class=\"text\">Annulable jusqu'\u00e0 1 jour avant le d\u00e9part<\/span><\/div>\n<div class=\"iconzeile\"><span class=\"icon\"><i class=\"fas fa-file-alt\"><\/i><\/span><span class=\"text\">Billet \u00e9lectronique & impression \u00e0 domicile<\/span><\/div>\n<div class=\"iconzeile\"><span class=\"icon\"><i class=\"fas fa-ban\"><\/i><\/span><span class=\"text\">Aucun frais cach\u00e9<\/span><\/div>\n<div class=\"iconzeile\"><span class=\"icon\"><i class=\"fas fa-star\"><\/i><\/span><span class=\"text\">Grande satisfaction client<\/span><\/div>\n<div class=\"iconzeile\"><span class=\"icon\"><i class=\"fas fa-lock\"><\/i><\/span><span class=\"text\">R\u00e9servation s\u00e9curis\u00e9e<\/span><\/div>\n<p>Ceci est le site officiel pour la vente du Swiss Travel Pass et d'autres abonnements ferroviaires suisses dans le Swiss Travel System.<\/p>\n<\/div>\n<p>[\/et_pb_text][et_pb_image src=\"https:\/\/www.swiss-pass.ch\/wp-content\/uploads\/2018\/08\/ticket-bottom.png\" align_tablet=\"center\" align_phone=\"\" align_last_edited=\"on|desktop\" disabled_on=\"on|on|off\" _builder_version=\"4.16\" custom_margin=\"||50px||false|false\" global_colors_info=\"{}\"][\/et_pb_image][et_pb_text module_class=\"faq-sidebar\" _builder_version=\"4.27.4\" global_colors_info=\"{}\"]<\/p>\n<h3>FAQs<\/h3>\n<p>[ultimate-faqs include_category=\"swiss-travel-pass\" post_count=5 orderby=\"popular\"]<\/p>\n<p>[\/et_pb_text][et_pb_code admin_label=\"Grand Train Tour of Switzerland\" _builder_version=\"4.27.4\" _module_preset=\"default\" global_module=\"26762\" saved_tabs=\"all\" global_colors_info=\"{}\"]<\/p>\n<h6>Grand Train Tour Suisse<\/h6>\n<p><!-- [et_pb_line_break_holder] --><a id=\"overlay_unique_id_2091\" href=\"#\"><img decoding=\"async\" style=\"border-radius:5px;\" src=\"https:\/\/www.swiss-pass.ch\/wp-content\/uploads\/2018\/10\/grand-tour-deckbild.jpg\" \/><\/a><!-- [et_pb_line_break_holder] -->[\/et_pb_code][\/et_pb_column][\/et_pb_section]<\/p>\n","protected":false},"excerpt":{"rendered":"<p>De Zermatt \u00e0 St. Moritz via Andermatt \u2013 un voyage panoramique spectaculaire inclus dans le Swiss Travel Pass (r\u00e9servation requise).L'un des voyages en train les plus pittoresques de Suisse : le Bernina Express le long du Lago Bianco est inclus dans le Swiss Travel Pass \u2013 r\u00e9servation requise.Prenez le train jusqu'\u00e0 la gare la plus [&hellip;]<\/p>\n","protected":false},"author":1,"featured_media":0,"parent":0,"menu_order":25,"comment_status":"closed","ping_status":"closed","template":"","meta":{"_et_pb_use_builder":"on","_et_pb_old_content":"<h2>\u00a0<\/h2><div class=\"addthis_native_toolbox\">\u00a0<\/div><div class=\"block-mitte\"><p><iframe style=\"border: none; overflow: hidden; width: 800px; height: 750px; float: left;\" src=\"https:\/\/www.swissrailways.com\/en\/products\/swisspass?affiliateid=223\" width=\"300\" height=\"150\" frameborder=\"0\" scrolling=\"auto\"><\/iframe><\/p><div class=\"addthis_horizontal_follow_toolbox\"><h3>Follow us<\/h3><\/div><div class=\"addthis_sharing_toolbox\"><h3>Share us<\/h3><\/div><\/div>","_et_gb_content_width":"","_glsr_average":0,"_glsr_ranking":0,"_glsr_reviews":0,"footnotes":""},"class_list":["post-71","page","type-page","status-publish","hentry"],"_links":{"self":[{"href":"https:\/\/www.swiss-pass.ch\/fr\/wp-json\/wp\/v2\/pages\/71","targetHints":{"allow":["GET"]}}],"collection":[{"href":"https:\/\/www.swiss-pass.ch\/fr\/wp-json\/wp\/v2\/pages"}],"about":[{"href":"https:\/\/www.swiss-pass.ch\/fr\/wp-json\/wp\/v2\/types\/page"}],"author":[{"embeddable":true,"href":"https:\/\/www.swiss-pass.ch\/fr\/wp-json\/wp\/v2\/users\/1"}],"replies":[{"embeddable":true,"href":"https:\/\/www.swiss-pass.ch\/fr\/wp-json\/wp\/v2\/comments?post=71"}],"version-history":[{"count":20,"href":"https:\/\/www.swiss-pass.ch\/fr\/wp-json\/wp\/v2\/pages\/71\/revisions"}],"predecessor-version":[{"id":44596,"href":"https:\/\/www.swiss-pass.ch\/fr\/wp-json\/wp\/v2\/pages\/71\/revisions\/44596"}],"wp:attachment":[{"href":"https:\/\/www.swiss-pass.ch\/fr\/wp-json\/wp\/v2\/media?parent=71"}],"curies":[{"name":"wp","href":"https:\/\/api.w.org\/{rel}","templated":true}]}}