{"id":629,"date":"2025-04-11T13:42:02","date_gmt":"2025-04-11T13:42:02","guid":{"rendered":"https:\/\/new.swiss-pass.ch\/?page_id=629"},"modified":"2025-04-11T13:42:02","modified_gmt":"2025-04-11T13:42:02","slug":"swiss-travel-pass-flex-combi","status":"publish","type":"page","link":"https:\/\/www.swiss-pass.ch\/fr\/swiss-travel-pass-flex-combi\/","title":{"rendered":"Swiss Travel Pass Flex Combi"},"content":{"rendered":"<p>Avec le Swiss Travel Pass Flex Combi, choisissez vos jours de voyage en toute libert\u00e9. Le Swiss Travel Pass Flex est valable 3, 4, 8 ou 15 jours pendant un mois, et vous permet de faire autant de trajets que vous le souhaitez sur l'ensemble du r\u00e9seau Swiss Travel System pendant la p\u00e9riode choisie. Vous b\u00e9n\u00e9ficiez par ailleurs d'une r\u00e9duction de 50 % sur tous vos d\u00e9placements en train, en car, en bateau et sur la plupart des t\u00e9l\u00e9ph\u00e9riques.<\/p>\n<h2>Commander le Swiss Travel Pass Flex Combi en ligne et explorer Swiss Travel System.<\/h2>\n<div class=\"addthis_native_toolbox\"><\/div>\n<div class=\"block-mitte\"><iframe loading=\"lazy\" style=\"border: none; overflow: hidden; width: 800px; height: 750px; float:left;\" src=\"https:\/\/www.swissrailways.com\/de\/products\/swissflexipasscombi?affiliateid=223\" width=\"300\" height=\"150\" frameborder=\"0\" scrolling=\"auto\"><\/iframe><\/p>\n<div class=\"addthis_horizontal_follow_toolbox\">\n<h3>Follow us<\/h3>\n<\/div>\n<div class=\"addthis_sharing_toolbox\">\n<h3>Share us<\/h3>\n<\/div>\n<\/div>\n","protected":false},"excerpt":{"rendered":"<p>Avec le Swiss Travel Pass Flex Combi, choisissez vos jours de voyage en toute libert\u00e9. Le Swiss Travel Pass Flex est valable 3, 4, 8 ou 15 jours pendant un mois, et vous permet de faire autant de trajets que vous le souhaitez sur l'ensemble du r\u00e9seau Swiss Travel System pendant la p\u00e9riode choisie. Vous [&hellip;]<\/p>\n","protected":false},"author":1,"featured_media":0,"parent":0,"menu_order":66,"comment_status":"closed","ping_status":"closed","template":"template-fullpage.php","meta":{"_et_pb_use_builder":"","_et_pb_old_content":"","_et_gb_content_width":"","_glsr_average":0,"_glsr_ranking":0,"_glsr_reviews":0,"footnotes":""},"class_list":["post-629","page","type-page","status-publish","hentry"],"_links":{"self":[{"href":"https:\/\/www.swiss-pass.ch\/fr\/wp-json\/wp\/v2\/pages\/629","targetHints":{"allow":["GET"]}}],"collection":[{"href":"https:\/\/www.swiss-pass.ch\/fr\/wp-json\/wp\/v2\/pages"}],"about":[{"href":"https:\/\/www.swiss-pass.ch\/fr\/wp-json\/wp\/v2\/types\/page"}],"author":[{"embeddable":true,"href":"https:\/\/www.swiss-pass.ch\/fr\/wp-json\/wp\/v2\/users\/1"}],"replies":[{"embeddable":true,"href":"https:\/\/www.swiss-pass.ch\/fr\/wp-json\/wp\/v2\/comments?post=629"}],"version-history":[{"count":4,"href":"https:\/\/www.swiss-pass.ch\/fr\/wp-json\/wp\/v2\/pages\/629\/revisions"}],"predecessor-version":[{"id":1447,"href":"https:\/\/www.swiss-pass.ch\/fr\/wp-json\/wp\/v2\/pages\/629\/revisions\/1447"}],"wp:attachment":[{"href":"https:\/\/www.swiss-pass.ch\/fr\/wp-json\/wp\/v2\/media?parent=629"}],"curies":[{"name":"wp","href":"https:\/\/api.w.org\/{rel}","templated":true}]}}