{"id":575,"date":"2025-04-11T13:42:02","date_gmt":"2025-04-11T13:42:02","guid":{"rendered":"https:\/\/new.swiss-pass.ch\/?page_id=575"},"modified":"2025-04-11T13:42:02","modified_gmt":"2025-04-11T13:42:02","slug":"swiss-transfer-ticket-combi","status":"publish","type":"page","link":"https:\/\/www.swiss-pass.ch\/fr\/swiss-transfer-ticket-combi\/","title":{"rendered":"Swiss Transfer Ticket Combi"},"content":{"rendered":"<p>Commandez le Swiss Transfer Ticket Combi pour le transfert en train \u00e0 votre destination de vacances Suisse. Avec le Swiss Transfer Ticket Combi vous voyagez \u00e0 prix avantageux en train, bus ou bateau. Le Swiss Transfer Ticket Combi est le ticket id\u00e9al pour voyager \u00e0 votre destination de vacances Suisse telle que Zermatt ou St. Moriz et peut \u00eatre achet\u00e9 par toute personne domicili\u00e9e en dehors de la Suisse ou la Principaut\u00e9 de Liechtenstein.<\/p>\n<h2>Commander le Swiss Transfer Ticket Combi en ligne et explorer Swiss Travel System.<\/h2>\n<div class=\"addthis_native_toolbox\"><\/div>\n<div class=\"block-mitte\"><iframe loading=\"lazy\" style=\"border: none; overflow: hidden; width: 800px; height: 750px; float:left;\" src=\"https:\/\/www.swissrailways.com\/fr\/products\/swisstransferticketcombi?affiliateid=223\" width=\"300\" height=\"150\" frameborder=\"0\" scrolling=\"auto\"><\/iframe><\/p>\n<div class=\"addthis_horizontal_follow_toolbox\">\n<h3>Follow us<\/h3>\n<\/div>\n<div class=\"addthis_sharing_toolbox\">\n<h3>Share us<\/h3>\n<\/div>\n<\/div>\n","protected":false},"excerpt":{"rendered":"<p>Commandez le Swiss Transfer Ticket Combi pour le transfert en train \u00e0 votre destination de vacances Suisse. Avec le Swiss Transfer Ticket Combi vous voyagez \u00e0 prix avantageux en train, bus ou bateau. Le Swiss Transfer Ticket Combi est le ticket id\u00e9al pour voyager \u00e0 votre destination de vacances Suisse telle que Zermatt ou St. [&hellip;]<\/p>\n","protected":false},"author":1,"featured_media":0,"parent":0,"menu_order":60,"comment_status":"closed","ping_status":"closed","template":"template-fullpage.php","meta":{"_et_pb_use_builder":"","_et_pb_old_content":"","_et_gb_content_width":"","_glsr_average":0,"_glsr_ranking":0,"_glsr_reviews":0,"footnotes":""},"class_list":["post-575","page","type-page","status-publish","hentry"],"_links":{"self":[{"href":"https:\/\/www.swiss-pass.ch\/fr\/wp-json\/wp\/v2\/pages\/575","targetHints":{"allow":["GET"]}}],"collection":[{"href":"https:\/\/www.swiss-pass.ch\/fr\/wp-json\/wp\/v2\/pages"}],"about":[{"href":"https:\/\/www.swiss-pass.ch\/fr\/wp-json\/wp\/v2\/types\/page"}],"author":[{"embeddable":true,"href":"https:\/\/www.swiss-pass.ch\/fr\/wp-json\/wp\/v2\/users\/1"}],"replies":[{"embeddable":true,"href":"https:\/\/www.swiss-pass.ch\/fr\/wp-json\/wp\/v2\/comments?post=575"}],"version-history":[{"count":3,"href":"https:\/\/www.swiss-pass.ch\/fr\/wp-json\/wp\/v2\/pages\/575\/revisions"}],"predecessor-version":[{"id":1438,"href":"https:\/\/www.swiss-pass.ch\/fr\/wp-json\/wp\/v2\/pages\/575\/revisions\/1438"}],"wp:attachment":[{"href":"https:\/\/www.swiss-pass.ch\/fr\/wp-json\/wp\/v2\/media?parent=575"}],"curies":[{"name":"wp","href":"https:\/\/api.w.org\/{rel}","templated":true}]}}