{"id":279,"date":"2025-04-11T13:42:02","date_gmt":"2025-04-11T13:42:02","guid":{"rendered":"http:\/\/194.126.200.57\/~qmarketi\/swiss-pass-ch\/?page_id=279"},"modified":"2025-05-02T14:16:45","modified_gmt":"2025-05-02T14:16:45","slug":"locations-vacances","status":"publish","type":"page","link":"https:\/\/www.swiss-pass.ch\/fr\/locations-vacances\/","title":{"rendered":"Locations de vacances en Suisse"},"content":{"rendered":"<p>[et_pb_section fb_built=\"1\" fullwidth=\"on\" _builder_version=\"4.16\" bottom_divider_color=\"#ffffff\" bottom_divider_height=\"96px\" bottom_divider_flip=\"vertical\" border_width_bottom=\"5px\" border_color_bottom=\"#e02b20\" global_colors_info=\"{}\"][et_pb_fullwidth_slider admin_label=\"FR-Slider-Top\" module_class=\"kopfslider\" _builder_version=\"4.27.4\" header_font=\"||||||||\" header_text_color=\"#ffffff\" body_text_color=\"#FFFFFF\" custom_margin=\"|||\" custom_padding=\"|||\" global_module=\"26257\" saved_tabs=\"all\" global_colors_info=\"{}\" button_text_size__hover_enabled=\"off\" button_one_text_size__hover_enabled=\"off\" button_two_text_size__hover_enabled=\"off\" button_text_color__hover_enabled=\"off\" button_one_text_color__hover_enabled=\"off\" button_two_text_color__hover_enabled=\"off\" button_border_width__hover_enabled=\"off\" button_one_border_width__hover_enabled=\"off\" button_two_border_width__hover_enabled=\"off\" button_border_color__hover_enabled=\"off\" button_one_border_color__hover_enabled=\"off\" button_two_border_color__hover_enabled=\"off\" button_border_radius__hover_enabled=\"off\" button_one_border_radius__hover_enabled=\"off\" button_two_border_radius__hover_enabled=\"off\" button_letter_spacing__hover_enabled=\"off\" button_one_letter_spacing__hover_enabled=\"off\" button_two_letter_spacing__hover_enabled=\"off\" button_bg_color__hover_enabled=\"off\" button_one_bg_color__hover_enabled=\"off\" button_two_bg_color__hover_enabled=\"off\"][et_pb_slide heading=\"Glacier Express avec le Swiss Travel Pass\" use_bg_overlay=\"off\" use_text_overlay=\"off\" _builder_version=\"4.27.4\" header_font=\"||||||||\" header_text_color=\"#ffffff\" header_letter_spacing=\"0px\" header_line_height=\"1.2em\" background_color=\"#ffffff\" background_image=\"https:\/\/www.swiss-pass.ch\/wp-content\/uploads\/2025\/05\/swiss-travel-pass-glacier-express-andermatt.jpg\" background_enable_image=\"on\" button_on_hover=\"on\" custom_padding=\"|||\" global_colors_info=\"{}\" button_text_size__hover_enabled=\"off\" button_one_text_size__hover_enabled=\"off\" button_two_text_size__hover_enabled=\"off\" button_text_color__hover_enabled=\"off\" button_one_text_color__hover_enabled=\"off\" button_two_text_color__hover_enabled=\"off\" button_border_width__hover_enabled=\"off\" button_one_border_width__hover_enabled=\"off\" button_two_border_width__hover_enabled=\"off\" button_border_color__hover_enabled=\"off\" button_one_border_color__hover_enabled=\"off\" button_two_border_color__hover_enabled=\"off\" button_border_radius__hover_enabled=\"off\" button_one_border_radius__hover_enabled=\"off\" button_two_border_radius__hover_enabled=\"off\" button_letter_spacing__hover_enabled=\"off\" button_one_letter_spacing__hover_enabled=\"off\" button_two_letter_spacing__hover_enabled=\"off\" button_bg_color__hover_enabled=\"off\" button_one_bg_color__hover_enabled=\"off\" button_two_bg_color__hover_enabled=\"off\" sticky_transition=\"on\"]<\/p>\n<p>De Zermatt \u00e0 St. Moritz via Andermatt \u2013 un voyage panoramique spectaculaire inclus dans le Swiss Travel Pass (r\u00e9servation requise).<\/p>\n<p>[\/et_pb_slide][et_pb_slide heading=\"Bernina Express avec le Swiss Travel Pass\" use_bg_overlay=\"off\" use_text_overlay=\"off\" _builder_version=\"4.27.4\" header_font=\"||||||||\" header_text_color=\"#ffffff\" header_letter_spacing=\"0px\" header_line_height=\"1.2em\" background_color=\"#ffffff\" background_image=\"https:\/\/www.swiss-pass.ch\/wp-content\/uploads\/2025\/05\/bernina-express-lago-bianco-swiss-travel-pass.jpg\" background_enable_image=\"on\" button_on_hover=\"on\" custom_padding=\"|||\" global_colors_info=\"{}\" button_text_size__hover_enabled=\"off\" button_one_text_size__hover_enabled=\"off\" button_two_text_size__hover_enabled=\"off\" button_text_color__hover_enabled=\"off\" button_one_text_color__hover_enabled=\"off\" button_two_text_color__hover_enabled=\"off\" button_border_width__hover_enabled=\"off\" button_one_border_width__hover_enabled=\"off\" button_two_border_width__hover_enabled=\"off\" button_border_color__hover_enabled=\"off\" button_one_border_color__hover_enabled=\"off\" button_two_border_color__hover_enabled=\"off\" button_border_radius__hover_enabled=\"off\" button_one_border_radius__hover_enabled=\"off\" button_two_border_radius__hover_enabled=\"off\" button_letter_spacing__hover_enabled=\"off\" button_one_letter_spacing__hover_enabled=\"off\" button_two_letter_spacing__hover_enabled=\"off\" button_bg_color__hover_enabled=\"off\" button_one_bg_color__hover_enabled=\"off\" button_two_bg_color__hover_enabled=\"off\" sticky_transition=\"on\"]L'un des voyages en train les plus pittoresques de Suisse : le Bernina Express le long du Lago Bianco est inclus dans le Swiss Travel Pass \u2013 r\u00e9servation requise.[\/et_pb_slide][et_pb_slide heading=\"Top of Europe \u2013 25\u202f% de r\u00e9duction avec le Swiss Travel Pass\" use_bg_overlay=\"off\" use_text_overlay=\"off\" _builder_version=\"4.27.4\" header_font=\"||||||||\" header_text_color=\"#ffffff\" header_letter_spacing=\"0px\" header_line_height=\"1.2em\" body_text_color=\"#FFFFFF\" background_color=\"#ffffff\" background_image=\"https:\/\/www.swiss-pass.ch\/wp-content\/uploads\/2025\/05\/jungfrau-top-of-europe-swiss-travel-pass-discount.jpg\" background_enable_image=\"on\" background_position=\"top_center\" button_on_hover=\"on\" custom_padding=\"|||\" global_colors_info=\"{}\" button_text_size__hover_enabled=\"off\" button_one_text_size__hover_enabled=\"off\" button_two_text_size__hover_enabled=\"off\" button_text_color__hover_enabled=\"off\" button_one_text_color__hover_enabled=\"off\" button_two_text_color__hover_enabled=\"off\" button_border_width__hover_enabled=\"off\" button_one_border_width__hover_enabled=\"off\" button_two_border_width__hover_enabled=\"off\" button_border_color__hover_enabled=\"off\" button_one_border_color__hover_enabled=\"off\" button_two_border_color__hover_enabled=\"off\" button_border_radius__hover_enabled=\"off\" button_one_border_radius__hover_enabled=\"off\" button_two_border_radius__hover_enabled=\"off\" button_letter_spacing__hover_enabled=\"off\" button_one_letter_spacing__hover_enabled=\"off\" button_two_letter_spacing__hover_enabled=\"off\" button_bg_color__hover_enabled=\"off\" button_one_bg_color__hover_enabled=\"off\" button_two_bg_color__hover_enabled=\"off\" sticky_transition=\"on\"]Prenez le train jusqu'\u00e0 la gare la plus haute d'Europe. B\u00e9n\u00e9ficiez de 25\u202f% de r\u00e9duction sur le trajet vers le Jungfraujoch \u2013 Top of Europe avec le Swiss Travel Pass.[\/et_pb_slide][\/et_pb_fullwidth_slider][\/et_pb_section][et_pb_section fb_built=\"1\" specialty=\"on\" _builder_version=\"4.16\" custom_padding=\"50px|0px|50px|0px|true|false\" global_colors_info=\"{}\"][et_pb_column type=\"3_4\" specialty_columns=\"3\" _builder_version=\"4.16\" custom_padding=\"|||\" global_colors_info=\"{}\" custom_padding__hover=\"|||\"][et_pb_row_inner admin_label=\"Row\" _builder_version=\"4.16\" custom_padding=\"0|0px|33.1563px|0px|false|false\" global_colors_info=\"{}\"][et_pb_column_inner saved_specialty_column_type=\"3_4\" _builder_version=\"4.16\" custom_padding=\"|||\" global_colors_info=\"{}\" custom_padding__hover=\"|||\"][et_pb_text _builder_version=\"4.27.4\" header_font=\"|300|||||||\" header_text_color=\"#000000\" custom_margin=\"||30px|\" hover_enabled=\"0\" global_colors_info=\"{}\" sticky_enabled=\"0\"]<\/p>\n<h1>Appartements de vacances en Suisse \u2013 D\u00e9couvrez et r\u00e9servez maintenant<\/h1>\n<p><strong>Vous planifiez des vacances en Suisse et recherchez un h\u00e9bergement flexible\u202f?<\/strong> Que ce soit un chalet confortable dans les Alpes, un appartement moderne au bord du lac ou une maison de vacances familiale \u00e0 la campagne \u2013 avec notre partenaire <strong>Interhome<\/strong>, trouvez l'h\u00e9bergement id\u00e9al pour des journ\u00e9es inoubliables en Suisse.<\/p>\n<p>Choisissez parmi une large s\u00e9lection d'appartements et de maisons de vacances v\u00e9rifi\u00e9s dans toutes les r\u00e9gions de Suisse. Id\u00e9al pour les familles, les couples ou les groupes \u2013 avec des prix transparents, des avis authentiques et une r\u00e9servation en ligne s\u00e9curis\u00e9e. Commencez ainsi vos vacances en toute s\u00e9r\u00e9nit\u00e9.<\/p>\n<p>[\/et_pb_text][et_pb_code _builder_version=\"4.27.4\" global_colors_info=\"{}\"]<iframe loading=\"lazy\" id=\"interhome_frame\" width=\"100%\" height=\"1000px\" src=\"https:\/\/www.interhome.fr\/Forward.aspx?iniframe=1&navigationid=4&cCode=CH&color1=E02B20&color2=5E5E5E&color3=FFFFFF&partnerid=CH1002399\" frameborder=\"0\"><\/iframe><!-- [et_pb_line_break_holder] --><script type=\"text\/javascript\"><!-- [et_pb_line_break_holder] -->  if (window.sc_receivePostMsg !== undefined) {<!-- [et_pb_line_break_holder] -->    window.removeEventListener(\"message\",window.sc_receivePostMsg); <!-- [et_pb_line_break_holder] -->  }<!-- [et_pb_line_break_holder] -->  window.sc_receivePostMsg=function (event) { <!-- [et_pb_line_break_holder] -->     if(event.data.split) {<!-- [et_pb_line_break_holder] -->          var arr = event.data.split(';'), <!-- [et_pb_line_break_holder] -->          init = parseInt(arr[1]); <!-- [et_pb_line_break_holder] -->          var height = parseInt(arr[0]); <!-- [et_pb_line_break_holder] -->          if (height) { <!-- [et_pb_line_break_holder] -->              document.getElementById('interhome_frame').height = height; <!-- [et_pb_line_break_holder] -->          }<!-- [et_pb_line_break_holder] -->      }<!-- [et_pb_line_break_holder] -->          if (init) <!-- [et_pb_line_break_holder] -->              window.scrollTo(0, 0); <!-- [et_pb_line_break_holder] -->  }<!-- [et_pb_line_break_holder] -->  if (window.addEventListener) {<!-- [et_pb_line_break_holder] -->    window.addEventListener(\"message\", window.sc_receivePostMsg, false); <!-- [et_pb_line_break_holder] -->  }<\/script>[\/et_pb_code][\/et_pb_column_inner][\/et_pb_row_inner][\/et_pb_column][et_pb_column type=\"1_4\" _builder_version=\"4.16\" custom_padding=\"|||\" global_colors_info=\"{}\" custom_padding__hover=\"|||\"][et_pb_image src=\"https:\/\/www.swiss-pass.ch\/wp-content\/uploads\/2023\/08\/fewobox-oben.png.webp\" title_text=\"fewobox-oben.png\" align_tablet=\"center\" align_phone=\"\" align_last_edited=\"on|desktop\" disabled_on=\"on|on|off\" _builder_version=\"4.21.2\" custom_margin=\"||0px\" global_colors_info=\"{}\"]&nbsp;<br \/>\n[\/et_pb_image][et_pb_text module_class=\"schweizerticket\" _builder_version=\"4.21.2\" background_color=\"#e2e2e2\" custom_margin=\"||0px|\" custom_padding=\"20px|20px|0px|20px\" border_width_top=\"1px\" border_color_top=\"rgba(85,85,85,0.32)\" border_width_bottom=\"1px\" border_color_bottom=\"rgba(85,85,85,0.32)\" global_colors_info=\"{}\"]<\/p>\n<h2>Interhome<\/h2>\n<p>R\u00e9servez votre maison de vacances en Suisse par l'interm\u00e9diaire de notre partenaire Interhome et capitalisez sur de nombreux avantages :<\/p>\n<ul>\n<li>Bureaux de service locaux et ligne d'assistance 24\/7<\/li>\n<li>Les logements ont \u00e9t\u00e9 soigneusement contr\u00f4l\u00e9s<\/li>\n<li>Depuis 1965, le premier fournisseur europ\u00e9en de maisons de vacances de qualit\u00e9 dans le monde entier<\/li>\n<li>R\u00e9servation et paiement simples<\/li>\n<li>Garantie du meilleur prix<\/li>\n<li>Satisfaction \u00e9lev\u00e9e de la client\u00e8le<\/li>\n<\/ul>\n<p>&nbsp ;[\/et_pb_text][et_pb_image src=\"https:\/\/www.swiss-pass.ch\/wp-content\/uploads\/2018\/10\/best-prize-garantie.jpg\" align_tablet=\"center\" align_phone=\"\" align_last_edited=\"on|desktop\" disabled_on=\"on|on|\" _builder_version=\"4.16\" border_width_bottom=\"5px\" border_color_bottom=\"#e22c21\" global_colors_info=\"{}\"][\/et_pb_image][et_pb_code admin_label=\"Code lets encrypt\" _builder_version=\"4.16\" custom_margin_tablet=\"30px||\" custom_margin_phone=\"\" custom_margin_last_edited=\"on|tablet\" global_colors_info=\"{}\"]<a href=\"https:\/\/letsencrypt.status.io\/\" rel=\"nofollow noopener\" style=\"background-color:#4c4949; width:100%; border-radius: 3px; display:inline-block; text-align:center\" target=\"_blank\"><img loading=\"lazy\" decoding=\"async\" class=\"alignnone size-full wp-image-2020\" style=\"margin-top: 10px;\" src=\"https:\/\/www.swiss-pass.ch\/wp-content\/uploads\/2018\/10\/lets-encrypt-logo.gif\" alt=\"\" width=\"96\" height=\"101\" \/><\/a>[\/et_pb_code][\/et_pb_column][\/et_pb_section]<\/p>\n","protected":false},"excerpt":{"rendered":"<p>De Zermatt \u00e0 St. Moritz via Andermatt \u2013 un voyage panoramique spectaculaire inclus dans le Swiss Travel Pass (r\u00e9servation requise).L'un des voyages en train les plus pittoresques de Suisse : le Bernina Express le long du Lago Bianco est inclus dans le Swiss Travel Pass \u2013 r\u00e9servation requise.Prenez le train jusqu'\u00e0 la gare la plus [&hellip;]<\/p>\n","protected":false},"author":1,"featured_media":0,"parent":0,"menu_order":10,"comment_status":"closed","ping_status":"closed","template":"","meta":{"_et_pb_use_builder":"on","_et_pb_old_content":"<p><iframe style=\"border: none; overflow: hidden; width: 100%; height: 2000px; float: left;\" src=\"https:\/\/www.interhome.ch\/en\/switzerland\/?partnerid=CH1000519&iniframe=1\" width=\"100%\" height=\"150\" frameborder=\"0\" scrolling=\"auto\"><\/iframe><\/p>","_et_gb_content_width":"","_glsr_average":0,"_glsr_ranking":0,"_glsr_reviews":0,"footnotes":""},"class_list":["post-279","page","type-page","status-publish","hentry"],"_links":{"self":[{"href":"https:\/\/www.swiss-pass.ch\/fr\/wp-json\/wp\/v2\/pages\/279","targetHints":{"allow":["GET"]}}],"collection":[{"href":"https:\/\/www.swiss-pass.ch\/fr\/wp-json\/wp\/v2\/pages"}],"about":[{"href":"https:\/\/www.swiss-pass.ch\/fr\/wp-json\/wp\/v2\/types\/page"}],"author":[{"embeddable":true,"href":"https:\/\/www.swiss-pass.ch\/fr\/wp-json\/wp\/v2\/users\/1"}],"replies":[{"embeddable":true,"href":"https:\/\/www.swiss-pass.ch\/fr\/wp-json\/wp\/v2\/comments?post=279"}],"version-history":[{"count":16,"href":"https:\/\/www.swiss-pass.ch\/fr\/wp-json\/wp\/v2\/pages\/279\/revisions"}],"predecessor-version":[{"id":34445,"href":"https:\/\/www.swiss-pass.ch\/fr\/wp-json\/wp\/v2\/pages\/279\/revisions\/34445"}],"wp:attachment":[{"href":"https:\/\/www.swiss-pass.ch\/fr\/wp-json\/wp\/v2\/media?parent=279"}],"curies":[{"name":"wp","href":"https:\/\/api.w.org\/{rel}","templated":true}]}}