{"id":27315,"date":"2025-04-11T13:42:02","date_gmt":"2025-04-11T13:42:02","guid":{"rendered":"https:\/\/www.swiss-pass.ch\/abonnements-regionaux\/passe-tell-suisse-centrale\/"},"modified":"2026-03-31T11:35:31","modified_gmt":"2026-03-31T11:35:31","slug":"passe-tell-suisse-centrale","status":"publish","type":"page","link":"https:\/\/www.swiss-pass.ch\/fr\/abonnements-regionaux\/passe-tell-suisse-centrale\/","title":{"rendered":"Passe Tell - Suisse centrale"},"content":{"rendered":"<p>[et_pb_section fb_built=\"1\" fullwidth=\"on\" _builder_version=\"4.16\" bottom_divider_color=\"#ffffff\" bottom_divider_height=\"96px\" bottom_divider_flip=\"vertical\" border_width_bottom=\"5px\" border_color_bottom=\"#e02b20\" global_colors_info=\"{}\"][et_pb_fullwidth_slider module_class=\"kopfslider\" _builder_version=\"4.16\" header_font=\"||||||||\" header_text_color=\"#ffffff\" custom_margin=\"|||\" custom_padding=\"|||\" global_colors_info=\"{}\" button_text_size__hover_enabled=\"off\" button_text_size__hover=\"null\" button_one_text_size__hover_enabled=\"off\" button_one_text_size__hover=\"null\" button_two_text_size__hover_enabled=\"off\" button_two_text_size__hover=\"null\" button_text_color__hover_enabled=\"off\" button_text_color__hover=\"null\" button_one_text_color__hover_enabled=\"off\" button_one_text_color__hover=\"null\" button_two_text_color__hover_enabled=\"off\" button_two_text_color__hover=\"null\" button_border_width__hover_enabled=\"off\" button_border_width__hover=\"null\" button_one_border_width__hover_enabled=\"off\" button_one_border_width__hover=\"null\" button_two_border_width__hover_enabled=\"off\" button_two_border_width__hover=\"null\" button_border_color__hover_enabled=\"off\" button_border_color__hover=\"null\" button_one_border_color__hover_enabled=\"off\" button_one_border_color__hover=\"null\" button_two_border_color__hover_enabled=\"off\" button_two_border_color__hover=\"null\" button_border_radius__hover_enabled=\"off\" button_border_radius__hover=\"null\" button_one_border_radius__hover_enabled=\"off\" button_one_border_radius__hover=\"null\" button_two_border_radius__hover_enabled=\"off\" button_two_border_radius__hover=\"null\" button_letter_spacing__hover_enabled=\"off\" button_letter_spacing__hover=\"null\" button_one_letter_spacing__hover_enabled=\"off\" button_one_letter_spacing__hover=\"null\" button_two_letter_spacing__hover_enabled=\"off\" button_two_letter_spacing__hover=\"null\" button_bg_color__hover_enabled=\"off\" button_bg_color__hover=\"null\" button_one_bg_color__hover_enabled=\"off\" button_one_bg_color__hover=\"null\" button_two_bg_color__hover_enabled=\"off\" button_two_bg_color__hover=\"null\"][et_pb_slide heading=\"Tell-Pass - Suisse centrale\" use_bg_overlay=\"off\" use_text_overlay=\"off\" _builder_version=\"4.16\" header_font=\"||||||||\" header_text_color=\"#ffffff\" header_letter_spacing=\"0px\" header_line_height=\"1.2em\" background_color=\"#ffffff\" background_image=\"https:\/\/www.swiss-pass.ch\/wp-content\/uploads\/2021\/09\/regional-pass-zentralschweiz-h.jpg\" background_enable_image=\"on\" button_on_hover=\"on\" custom_padding=\"|||\" global_colors_info=\"{}\" button_text_size__hover_enabled=\"off\" button_one_text_size__hover_enabled=\"off\" button_two_text_size__hover_enabled=\"off\" button_text_color__hover_enabled=\"off\" button_one_text_color__hover_enabled=\"off\" button_two_text_color__hover_enabled=\"off\" button_border_width__hover_enabled=\"off\" button_one_border_width__hover_enabled=\"off\" button_two_border_width__hover_enabled=\"off\" button_border_color__hover_enabled=\"off\" button_one_border_color__hover_enabled=\"off\" button_two_border_color__hover_enabled=\"off\" button_border_radius__hover_enabled=\"off\" button_one_border_radius__hover_enabled=\"off\" button_two_border_radius__hover_enabled=\"off\" button_letter_spacing__hover_enabled=\"off\" button_one_letter_spacing__hover_enabled=\"off\" button_two_letter_spacing__hover_enabled=\"off\" button_bg_color__hover_enabled=\"off\" button_one_bg_color__hover_enabled=\"off\" button_two_bg_color__hover_enabled=\"off\" sticky_transition=\"on\"]<\/p>\n<p style=\"text-align: center\"><span style=\"color: #ffffff\">Bateau \u00e0 vapeur du lac des Quatre-Cantons Lucerne<\/span><\/p>\n<p>[\/et_pb_slide][\/et_pb_fullwidth_slider][\/et_pb_section][et_pb_section fb_built=\"1\" specialty=\"on\" _builder_version=\"4.16\" use_background_color_gradient=\"on\" background_color_gradient_stops=\"rgba(0,0,0,0.05) 3%|rgba(0,0,0,0) 13%\" background_color_gradient_start=\"rgba(0,0,0,0.05)\" background_color_gradient_start_position=\"3%\" background_color_gradient_end=\"rgba(0,0,0,0)\" background_color_gradient_end_position=\"13%\" custom_padding=\"50px|0px|50px|0px|true|false\" global_colors_info=\"{}\"][et_pb_column type=\"3_4\" specialty_columns=\"3\" _builder_version=\"4.16\" custom_padding=\"|||\" global_colors_info=\"{}\" custom_padding__hover=\"|||\"][et_pb_row_inner admin_label=\"Row\" _builder_version=\"4.16\" custom_padding=\"0|0px|0|0px|false|false\" global_colors_info=\"{}\"][et_pb_column_inner saved_specialty_column_type=\"3_4\" _builder_version=\"4.16\" custom_padding=\"|||\" global_colors_info=\"{}\" custom_padding__hover=\"|||\"][et_pb_text _builder_version=\"4.16\" header_font=\"|300|||||||\" header_text_color=\"#000000\" custom_margin=\"||30px|\" global_colors_info=\"{}\"]<\/p>\n<h1>Passe Tell Suisse centrale<\/h1>\n<p>[\/et_pb_text][\/et_pb_column_inner][\/et_pb_row_inner][et_pb_row_inner column_structure=\"1_2,1_2\" admin_label=\"Row\" _builder_version=\"4.16\" custom_padding=\"0|0px|0|0px|false|false\" global_colors_info=\"{}\"][et_pb_column_inner type=\"1_2\" saved_specialty_column_type=\"3_4\" _builder_version=\"4.16\" custom_padding=\"|||\" global_colors_info=\"{}\" custom_padding__hover=\"|||\"][et_pb_text _builder_version=\"4.16\" header_font=\"|300|||||||\" header_text_color=\"#000000\" custom_margin=\"||30px|\" global_colors_info=\"{}\"]Le passe Tell vous permet de d\u00e9couvrir toute la Suisse centrale en bus, en bateau ou en train de montagne pendant 2, 3, 4, 5 ou 10 jours. Montez simplement \u00e0 bord et c'est parti ! Partez de n'importe o\u00f9 dans la r\u00e9gion et visitez des endroits tels que le Rigi, la reine des montagnes, ou prenez le train \u00e0 cr\u00e9maill\u00e8re le plus raide du monde jusqu'au mont Pilate, avec ses l\u00e9gendes de dragon. Vous pourrez \u00e9galement d\u00e9couvrir la neige et la glace toute l'ann\u00e9e sur le Titlis ou \u00e0 Andermatt-Gemsstock. Les nostalgiques bateaux \u00e0 aubes du lac des Quatre-Cantons naviguent entre les stations de la vall\u00e9e et les terrasses panoramiques du B\u00fcrgenstock, du Klewenalp, du Seelisberg ou du Stoos-Fronalpstock. Une exp\u00e9rience particuli\u00e8re attend les visiteurs qui se rendent au restaurant tournant du Stanserhorn, ou qui voyagent en bateau ou en train \u00e0 cr\u00e9maill\u00e8re lors de leur visite \u00e0 Zoug. Avec la passe Tell, les voyageurs ont \u00e9galement la possibilit\u00e9 de contempler les Alpes romantiques ou les petits lacs de montagne reposants sur le Bannalp, le Brunni, le Melchsee-Frutt, le Hochstuckli ou le Wirzweli.[\/et_pb_text][\/et_pb_column_inner][et_pb_column_inner type=\"1_2\" saved_specialty_column_type=\"3_4\" _builder_version=\"4.16\" custom_padding=\"|||\" global_colors_info=\"{}\" custom_padding__hover=\"|||\"][et_pb_text _builder_version=\"4.16\" _module_preset=\"default\" min_height=\"33px\" custom_margin=\"||3px|||\" global_colors_info=\"{}\"]<\/p>\n<h2>Passe Tell - Suisse centrale - Carte de validit\u00e9<\/h2>\n<p>[\/et_pb_text][et_pb_gallery gallery_ids=\"33068,33032\" fullwidth=\"on\" _builder_version=\"4.24.1\" _module_preset=\"default\" title_text_color=\"#E02B20\" pagination_text_color=\"#E02B20\" global_colors_info=\"{}\"][\/et_pb_gallery][\/et_pb_column_inner][\/et_pb_row_inner][et_pb_row_inner admin_label=\"Row\" _builder_version=\"4.16\" custom_padding=\"0|0px|33.1563px|0px|false|false\" global_colors_info=\"{}\"][et_pb_column_inner saved_specialty_column_type=\"3_4\" _builder_version=\"4.16\" custom_padding=\"|||\" global_colors_info=\"{}\" custom_padding__hover=\"|||\"][et_pb_code _builder_version=\"4.27.6\" hover_enabled=\"0\" global_colors_info=\"{}\" sticky_enabled=\"0\"]<script><!-- [et_pb_line_break_holder] -->  function sendHeight() {<!-- [et_pb_line_break_holder] -->    const height = document.documentElement.scrollHeight;<!-- [et_pb_line_break_holder] -->    parent.postMessage({ type: \"setHeight\", height }, \"*\");<!-- [et_pb_line_break_holder] -->  }<!-- [et_pb_line_break_holder] -->  window.addEventListener(\"load\", sendHeight);<!-- [et_pb_line_break_holder] -->  window.addEventListener(\"resize\", sendHeight);<!-- [et_pb_line_break_holder] --><\/script><iframe style=\"border: none; overflow: hidden; width: 100%; height: 2000px; float: left;\" src=\"https:\/\/shop.swiss-pass.ch\/?currency=EUR#\/fr\/product\/regionalCentralSwissPass\" frameborder=\"0\" scrolling=\"auto\"><\/iframe>[\/et_pb_code][\/et_pb_column_inner][\/et_pb_row_inner][\/et_pb_column][et_pb_column type=\"1_4\" _builder_version=\"4.16\" custom_padding=\"|||\" global_colors_info=\"{}\" custom_padding__hover=\"|||\"][et_pb_image src=\"https:\/\/www.swiss-pass.ch\/wp-content\/uploads\/2018\/08\/ticket-top-1.png\" align_tablet=\"center\" align_phone=\"\" align_last_edited=\"on|desktop\" disabled_on=\"on|on|off\" _builder_version=\"4.16\" custom_margin=\"||0px|\" global_colors_info=\"{}\"][\/et_pb_image][et_pb_text admin_label=\"Ticket Text Englisch\" module_class=\"schweizerticket\" _builder_version=\"4.24.1\" text_font=\"||||||||\" text_text_color=\"#ffffff\" header_font=\"||||||||\" header_2_font=\"||||||||\" header_2_text_color=\"#ffffff\" background_color=\"#8f8f8f\" max_width=\"100%\" custom_margin=\"||0px|\" custom_padding=\"20px|20px|20px|20px|true|true\" border_width_all=\"5px\" border_color_all=\"#555555\" global_colors_info=\"{}\"]<\/p>\n<h2>Passe Tell - Suisse centrale<\/h2>\n<ul class=\"product-description\">\n<li class=\"\">Voyages illimit\u00e9s en train, bus, bateau et chemins de fer de montagne dans toute la Suisse centrale (plus d'informations sur la validit\u00e9 en <a href=\"https:\/\/www.swiss-pass.ch\/wp-content\/uploads\/2024\/02\/FR-Tell-Pass-reseau-de-lignes-ete.pdf\" target=\"_blank\" rel=\"noopener\">\u00e9t\u00e9<\/a> et en <a href=\"https:\/\/www.swiss-pass.ch\/wp-content\/uploads\/2024\/02\/FR-Tell-Pass-reseau-de-lignes-hiver.pdf\" target=\"_blank\" rel=\"noopener\">hiver<\/a>).<\/li>\n<li class=\"\">Valable pour des voyages de plusieurs jours cons\u00e9cutifs : cartes de 2, 3, 4, 5 et 10 jours disponibles<\/li>\n<li class=\"\">Disponible sous forme de <strong>print@home ticket \/ eTicket<\/strong><\/li>\n<\/ul>\n<p>[\/et_pb_text][et_pb_image src=\"https:\/\/www.swiss-pass.ch\/wp-content\/uploads\/2018\/08\/ticket-bottom.png\" align_tablet=\"center\" align_phone=\"\" align_last_edited=\"on|desktop\" disabled_on=\"on|on|off\" _builder_version=\"4.16\" global_colors_info=\"{}\"][\/et_pb_image][et_pb_text module_class=\"faq-sidebar\" _builder_version=\"4.16\" global_colors_info=\"{}\"]<\/p>\n<h2 style=\"text-align: left;\">FAQ<br \/>\nPasse Tell Suisse centrale<\/h2>\n<p>[ultimate-faqs include_category=\"tell pass-fr\"][\/et_pb_text][et_pb_code admin_label=\"Code lets encrypt\" _builder_version=\"4.16\" custom_margin_tablet=\"30px||\" custom_margin_phone=\"\" custom_margin_last_edited=\"on|tablet\" global_colors_info=\"{}\"]<a style=\"background-color: #4c4949;width: 100%;border-radius: 3px;text-align: center\" href=\"https:\/\/letsencrypt.status.io\/\" rel=\"nofollow noopener\" target=\"_blank\"><img loading=\"lazy\" decoding=\"async\" class=\"alignnone size-full wp-image-2020\" style=\"margin-top: 10px\" src=\"https:\/\/www.swiss-pass.ch\/wp-content\/uploads\/2018\/10\/lets-encrypt-logo.gif\" alt=\"\" width=\"96\" height=\"101\"><\/a>[\/et_pb_code][\/et_pb_column][\/et_pb_section]<\/p>\n","protected":false},"excerpt":{"rendered":"<p>Bateau \u00e0 vapeur du lac des Quatre-Cantons LucernePasse Tell Suisse centraleLe passe Tell vous permet de d\u00e9couvrir toute la Suisse centrale en bus, en bateau ou en train de montagne pendant 2, 3, 4, 5 ou 10 jours. Montez simplement \u00e0 bord et c'est parti ! Partez de n'importe o\u00f9 dans la r\u00e9gion et visitez [&hellip;]<\/p>\n","protected":false},"author":1,"featured_media":0,"parent":27254,"menu_order":1,"comment_status":"closed","ping_status":"closed","template":"","meta":{"_et_pb_use_builder":"on","_et_pb_old_content":"","_et_gb_content_width":"","_glsr_average":0,"_glsr_ranking":0,"_glsr_reviews":0,"footnotes":""},"class_list":["post-27315","page","type-page","status-publish","hentry"],"_links":{"self":[{"href":"https:\/\/www.swiss-pass.ch\/fr\/wp-json\/wp\/v2\/pages\/27315","targetHints":{"allow":["GET"]}}],"collection":[{"href":"https:\/\/www.swiss-pass.ch\/fr\/wp-json\/wp\/v2\/pages"}],"about":[{"href":"https:\/\/www.swiss-pass.ch\/fr\/wp-json\/wp\/v2\/types\/page"}],"author":[{"embeddable":true,"href":"https:\/\/www.swiss-pass.ch\/fr\/wp-json\/wp\/v2\/users\/1"}],"replies":[{"embeddable":true,"href":"https:\/\/www.swiss-pass.ch\/fr\/wp-json\/wp\/v2\/comments?post=27315"}],"version-history":[{"count":11,"href":"https:\/\/www.swiss-pass.ch\/fr\/wp-json\/wp\/v2\/pages\/27315\/revisions"}],"predecessor-version":[{"id":44605,"href":"https:\/\/www.swiss-pass.ch\/fr\/wp-json\/wp\/v2\/pages\/27315\/revisions\/44605"}],"up":[{"embeddable":true,"href":"https:\/\/www.swiss-pass.ch\/fr\/wp-json\/wp\/v2\/pages\/27254"}],"wp:attachment":[{"href":"https:\/\/www.swiss-pass.ch\/fr\/wp-json\/wp\/v2\/media?parent=27315"}],"curies":[{"name":"wp","href":"https:\/\/api.w.org\/{rel}","templated":true}]}}