{"id":27254,"date":"2025-04-11T13:42:02","date_gmt":"2025-04-11T13:42:02","guid":{"rendered":"https:\/\/www.swiss-pass.ch\/abonnements-regionaux\/"},"modified":"2025-04-11T13:42:02","modified_gmt":"2025-04-11T13:42:02","slug":"abonnements-regionaux","status":"publish","type":"page","link":"https:\/\/www.swiss-pass.ch\/fr\/abonnements-regionaux\/","title":{"rendered":"Abonnements r\u00e9gionaux"},"content":{"rendered":"<p>[et_pb_section fb_built=\"1\" fullwidth=\"on\" _builder_version=\"4.16\" bottom_divider_color=\"#ffffff\" bottom_divider_height=\"96px\" bottom_divider_flip=\"vertical\" border_width_bottom=\"5px\" border_color_bottom=\"#e02b20\" global_colors_info=\"{}\"][et_pb_fullwidth_slider module_class=\"kopfslider\" _builder_version=\"4.16\" header_font=\"||||||||\" header_text_color=\"#ffffff\" background_size=\"initial\" background_position=\"top_left\" background_repeat=\"repeat\" custom_margin=\"|||\" custom_padding=\"|||\" global_colors_info=\"{}\" button_text_size__hover_enabled=\"off\" button_text_size__hover=\"null\" button_one_text_size__hover_enabled=\"off\" button_one_text_size__hover=\"null\" button_two_text_size__hover_enabled=\"off\" button_two_text_size__hover=\"null\" button_text_color__hover_enabled=\"off\" button_text_color__hover=\"null\" button_one_text_color__hover_enabled=\"off\" button_one_text_color__hover=\"null\" button_two_text_color__hover_enabled=\"off\" button_two_text_color__hover=\"null\" button_border_width__hover_enabled=\"off\" button_border_width__hover=\"null\" button_one_border_width__hover_enabled=\"off\" button_one_border_width__hover=\"null\" button_two_border_width__hover_enabled=\"off\" button_two_border_width__hover=\"null\" button_border_color__hover_enabled=\"off\" button_border_color__hover=\"null\" button_one_border_color__hover_enabled=\"off\" button_one_border_color__hover=\"null\" button_two_border_color__hover_enabled=\"off\" button_two_border_color__hover=\"null\" button_border_radius__hover_enabled=\"off\" button_border_radius__hover=\"null\" button_one_border_radius__hover_enabled=\"off\" button_one_border_radius__hover=\"null\" button_two_border_radius__hover_enabled=\"off\" button_two_border_radius__hover=\"null\" button_letter_spacing__hover_enabled=\"off\" button_letter_spacing__hover=\"null\" button_one_letter_spacing__hover_enabled=\"off\" button_one_letter_spacing__hover=\"null\" button_two_letter_spacing__hover_enabled=\"off\" button_two_letter_spacing__hover=\"null\" button_bg_color__hover_enabled=\"off\" button_bg_color__hover=\"null\" button_one_bg_color__hover_enabled=\"off\" button_one_bg_color__hover=\"null\" button_two_bg_color__hover_enabled=\"off\" button_two_bg_color__hover=\"null\"][et_pb_slide heading=\"Abonnements r\u00e9gionaux en Suisse\" use_bg_overlay=\"off\" use_text_overlay=\"off\" _builder_version=\"4.16\" header_font=\"||||||||\" header_text_color=\"#ffffff\" header_letter_spacing=\"0px\" header_line_height=\"1.2em\" background_color=\"#ffffff\" background_image=\"https:\/\/www.swiss-pass.ch\/wp-content\/uploads\/2021\/09\/regional-pass-berner-oberland-aarebrucke-h.jpg\" background_enable_image=\"on\" button_on_hover=\"on\" custom_padding=\"|||\" global_colors_info=\"{}\" button_text_size__hover_enabled=\"off\" button_one_text_size__hover_enabled=\"off\" button_two_text_size__hover_enabled=\"off\" button_text_color__hover_enabled=\"off\" button_one_text_color__hover_enabled=\"off\" button_two_text_color__hover_enabled=\"off\" button_border_width__hover_enabled=\"off\" button_one_border_width__hover_enabled=\"off\" button_two_border_width__hover_enabled=\"off\" button_border_color__hover_enabled=\"off\" button_one_border_color__hover_enabled=\"off\" button_two_border_color__hover_enabled=\"off\" button_border_radius__hover_enabled=\"off\" button_one_border_radius__hover_enabled=\"off\" button_two_border_radius__hover_enabled=\"off\" button_letter_spacing__hover_enabled=\"off\" button_one_letter_spacing__hover_enabled=\"off\" button_two_letter_spacing__hover_enabled=\"off\" button_bg_color__hover_enabled=\"off\" button_one_bg_color__hover_enabled=\"off\" button_two_bg_color__hover_enabled=\"off\" sticky_transition=\"on\"]<\/p>\n<p style=\"text-align: center;\"><span style=\"color: #ffffff;\">Train, bus, bateau et bien plus encore<\/span><\/p>\n<p>[\/et_pb_slide][\/et_pb_fullwidth_slider][\/et_pb_section][et_pb_section fb_built=\"1\" _builder_version=\"4.16\" global_colors_info=\"{}\"][et_pb_row _builder_version=\"4.16\" custom_padding=\"0|0px|0|0px|false|false\" global_colors_info=\"{}\"][et_pb_column type=\"4_4\" _builder_version=\"4.16\" custom_padding=\"|||\" global_colors_info=\"{}\" custom_padding__hover=\"|||\"][et_pb_text _builder_version=\"4.17.1\" header_font=\"|300|||||||\" header_text_color=\"#000000\" custom_margin=\"||30px|\" hover_enabled=\"0\" global_colors_info=\"{}\" sticky_enabled=\"0\"]<\/p>\n<h1>Abonnements r\u00e9gionaux en Suisse<\/h1>\n<p>Les Chemins de fer suisses sont l'une des meilleures entreprises ferroviaires publiques au monde. Outre leur fantastique ponctualit\u00e9 et leur exceptionnelle s\u00e9curit\u00e9, ce sont aussi des offres telles que les laissez-passer r\u00e9gionaux qui rendent le syst\u00e8me ferroviaire suisse si attrayant.<\/p>\n<p>Tout le monde n'a pas assez de temps libre pour voir toute la diversit\u00e9 de la Suisse. Certains sont attir\u00e9s par l'Oberland bernois et d'autres veulent explorer la Suisse centrale. Chaque r\u00e9gion a son propre charme et offre de nombreuses curiosit\u00e9s et destinations d'excursion.<\/p>\n<p>Avec un abonnement r\u00e9gional, vous avez en main la solution id\u00e9ale pour explorer une r\u00e9gion particuli\u00e8re.<\/p>\n<p>[\/et_pb_text][\/et_pb_column][\/et_pb_row][et_pb_row column_structure=\"1_3,1_3,1_3\" use_custom_gutter=\"on\" gutter_width=\"2\" make_equal=\"on\" _builder_version=\"4.16\" background_size=\"initial\" background_position=\"top_left\" background_repeat=\"repeat\" custom_padding=\"0|0px|0|0px|false|false\" global_colors_info=\"{}\"][et_pb_column type=\"1_3\" _builder_version=\"4.16\" custom_padding=\"|||\" custom_css_main_element=\"background-color:#FFF;||padding:20px;||-webkit-box-shadow: 0px 0px 5px 0px rgba(0,0,0,0.2);||-moz-box-shadow: 0px 0px 5px 0px rgba(0,0,0,0.2);||box-shadow: 0px 0px 5px 0px rgba(0,0,0,0.2);\" global_colors_info=\"{}\" custom_padding__hover=\"|||\"][et_pb_team_member name=\"Forfait r\u00e9gional Oberland bernois\" image_url=\"https:\/\/www.swiss-pass.ch\/wp-content\/uploads\/2021\/09\/regional-pass-berner-oberland-aarebrucke.jpg\" _builder_version=\"4.16\" global_colors_info=\"{}\"]<\/p>\n<p>D\u00e9couvrez les plus belles vall\u00e9es, montagnes et lacs de l'Oberland bernois - et tout cela avec un seul billet !<\/p>\n<p>[\/et_pb_team_member][et_pb_button button_url=\"@ET-DC@eyJkeW5hbWljIjp0cnVlLCJjb250ZW50IjoicG9zdF9saW5rX3VybF9wYWdlIiwic2V0dGluZ3MiOnsicG9zdF9pZCI6IjI3MTA4In19@\" button_text=\"Commander maintenant\" admin_label=\"Regional Pass Bernese Oberland\" _builder_version=\"4.16\" _dynamic_attributes=\"button_url\" custom_button=\"on\" button_bg_color=\"#595959\" button_border_width=\"0px\" button_border_color=\"#ffffff\" button_font=\"||||||||\" button_use_icon=\"off\" background_layout=\"dark\" button_border_radius_hover=\"3px\" button_bg_color_hover=\"#8c8c8c\" global_colors_info=\"{}\" button_text_size__hover_enabled=\"off\" button_text_size__hover=\"null\" button_one_text_size__hover_enabled=\"off\" button_one_text_size__hover=\"null\" button_two_text_size__hover_enabled=\"off\" button_two_text_size__hover=\"null\" button_text_color__hover_enabled=\"off\" button_text_color__hover=\"null\" button_one_text_color__hover_enabled=\"off\" button_one_text_color__hover=\"null\" button_two_text_color__hover_enabled=\"off\" button_two_text_color__hover=\"null\" button_border_width__hover_enabled=\"off\" button_border_width__hover=\"null\" button_one_border_width__hover_enabled=\"off\" button_one_border_width__hover=\"null\" button_two_border_width__hover_enabled=\"off\" button_two_border_width__hover=\"null\" button_border_color__hover_enabled=\"off\" button_border_color__hover=\"null\" button_one_border_color__hover_enabled=\"off\" button_one_border_color__hover=\"null\" button_two_border_color__hover_enabled=\"off\" button_two_border_color__hover=\"null\" button_border_radius__hover_enabled=\"on\" button_border_radius__hover=\"3px\" button_one_border_radius__hover_enabled=\"off\" button_one_border_radius__hover=\"null\" button_two_border_radius__hover_enabled=\"off\" button_two_border_radius__hover=\"null\" button_letter_spacing__hover_enabled=\"off\" button_letter_spacing__hover=\"null\" button_one_letter_spacing__hover_enabled=\"off\" button_one_letter_spacing__hover=\"null\" button_two_letter_spacing__hover_enabled=\"off\" button_two_letter_spacing__hover=\"null\" button_bg_color__hover_enabled=\"on\" button_bg_color__hover=\"#8c8c8c\" button_one_bg_color__hover_enabled=\"off\" button_one_bg_color__hover=\"null\" button_two_bg_color__hover_enabled=\"off\" button_two_bg_color__hover=\"null\"][\/et_pb_button][\/et_pb_column][et_pb_column type=\"1_3\" _builder_version=\"4.16\" custom_padding=\"|||\" custom_css_main_element=\"background-color:#FFF;||padding:20px;||-webkit-box-shadow: 0px 0px 5px 0px rgba(0,0,0,0.2);||-moz-box-shadow: 0px 0px 5px 0px rgba(0,0,0,0.2);||box-shadow: 0px 0px 5px 0px rgba(0,0,0,0.2);\" global_colors_info=\"{}\" custom_padding__hover=\"|||\"][et_pb_team_member name=\"Forfait Tell - Suisse centrale\" image_url=\"https:\/\/www.swiss-pass.ch\/wp-content\/uploads\/2021\/09\/regional-pass-zentralschweiz.jpg\" _builder_version=\"4.16\" global_colors_info=\"{}\"]<\/p>\n<p>Le forfait Tell (Tell Pass) vous permet d'explorer l'ensemble du centre de la Suisse en train, bus, bateau ou t\u00e9l\u00e9ph\u00e9rique en 2, 3, 4, 5 ou 10 jours.<\/p>\n<p>[\/et_pb_team_member][et_pb_button button_url=\"@ET-DC@eyJkeW5hbWljIjp0cnVlLCJjb250ZW50IjoicG9zdF9saW5rX3VybF9wYWdlIiwic2V0dGluZ3MiOnsicG9zdF9pZCI6IjI3MzAyIn19@\" button_text=\"Commander maintenant\" admin_label=\"Tell-Pass - Central Switzerland\" _builder_version=\"4.16\" _dynamic_attributes=\"button_url\" custom_button=\"on\" button_bg_color=\"#595959\" button_border_width=\"0px\" button_border_color=\"#ffffff\" button_font=\"||||||||\" button_use_icon=\"off\" background_layout=\"dark\" button_border_radius_hover=\"3px\" button_bg_color_hover=\"#8c8c8c\" global_colors_info=\"{}\" button_text_size__hover_enabled=\"off\" button_text_size__hover=\"null\" button_one_text_size__hover_enabled=\"off\" button_one_text_size__hover=\"null\" button_two_text_size__hover_enabled=\"off\" button_two_text_size__hover=\"null\" button_text_color__hover_enabled=\"off\" button_text_color__hover=\"null\" button_one_text_color__hover_enabled=\"off\" button_one_text_color__hover=\"null\" button_two_text_color__hover_enabled=\"off\" button_two_text_color__hover=\"null\" button_border_width__hover_enabled=\"off\" button_border_width__hover=\"null\" button_one_border_width__hover_enabled=\"off\" button_one_border_width__hover=\"null\" button_two_border_width__hover_enabled=\"off\" button_two_border_width__hover=\"null\" button_border_color__hover_enabled=\"off\" button_border_color__hover=\"null\" button_one_border_color__hover_enabled=\"off\" button_one_border_color__hover=\"null\" button_two_border_color__hover_enabled=\"off\" button_two_border_color__hover=\"null\" button_border_radius__hover_enabled=\"on\" button_border_radius__hover=\"3px\" button_one_border_radius__hover_enabled=\"off\" button_one_border_radius__hover=\"null\" button_two_border_radius__hover_enabled=\"off\" button_two_border_radius__hover=\"null\" button_letter_spacing__hover_enabled=\"off\" button_letter_spacing__hover=\"null\" button_one_letter_spacing__hover_enabled=\"off\" button_one_letter_spacing__hover=\"null\" button_two_letter_spacing__hover_enabled=\"off\" button_two_letter_spacing__hover=\"null\" button_bg_color__hover_enabled=\"on\" button_bg_color__hover=\"#8c8c8c\" button_one_bg_color__hover_enabled=\"off\" button_one_bg_color__hover=\"null\" button_two_bg_color__hover_enabled=\"off\" button_two_bg_color__hover=\"null\"][\/et_pb_button][\/et_pb_column][et_pb_column type=\"1_3\" _builder_version=\"4.16\" custom_padding=\"|||\" custom_css_main_element=\"background-color:#FFF;||padding:20px;||-webkit-box-shadow: 0px 0px 5px 0px rgba(0,0,0,0.2);||-moz-box-shadow: 0px 0px 5px 0px rgba(0,0,0,0.2);||box-shadow: 0px 0px 5px 0px rgba(0,0,0,0.2);\" global_colors_info=\"{}\" custom_padding__hover=\"|||\"][et_pb_team_member name=\"Passe r\u00e9gional L\u00e9man - Alpes\" image_url=\"https:\/\/www.swiss-pass.ch\/wp-content\/uploads\/2021\/09\/regional-pass-genfersee.jpg\" disabled_on=\"on|on|on\" _builder_version=\"4.16\" disabled=\"on\" global_colors_info=\"{}\"]<\/p>\n<p>Avec le Passe r\u00e9gional \"Lac L\u00e9man - Alpes\", vous d\u00e9couvrez la r\u00e9gion en train, en bus, en bateau et en t\u00e9l\u00e9ph\u00e9rique ou en train de montagne.<\/p>\n<p>[\/et_pb_team_member][et_pb_button button_url=\"@ET-DC@eyJkeW5hbWljIjp0cnVlLCJjb250ZW50IjoicG9zdF9saW5rX3VybF9wYWdlIiwic2V0dGluZ3MiOnsicG9zdF9pZCI6IjI2OTc1In19@\" button_text=\"Commander maintenant\" disabled_on=\"on|on|on\" admin_label=\"Regional Pass Lake Geneva - Alps\" _builder_version=\"4.16\" _dynamic_attributes=\"button_url\" custom_button=\"on\" button_bg_color=\"#595959\" button_border_width=\"0px\" button_border_color=\"#ffffff\" button_font=\"||||||||\" button_use_icon=\"off\" background_layout=\"dark\" button_border_radius_hover=\"3px\" button_bg_color_hover=\"#8c8c8c\" disabled=\"on\" global_colors_info=\"{}\" button_text_size__hover_enabled=\"off\" button_text_size__hover=\"null\" button_one_text_size__hover_enabled=\"off\" button_one_text_size__hover=\"null\" button_two_text_size__hover_enabled=\"off\" button_two_text_size__hover=\"null\" button_text_color__hover_enabled=\"off\" button_text_color__hover=\"null\" button_one_text_color__hover_enabled=\"off\" button_one_text_color__hover=\"null\" button_two_text_color__hover_enabled=\"off\" button_two_text_color__hover=\"null\" button_border_width__hover_enabled=\"off\" button_border_width__hover=\"null\" button_one_border_width__hover_enabled=\"off\" button_one_border_width__hover=\"null\" button_two_border_width__hover_enabled=\"off\" button_two_border_width__hover=\"null\" button_border_color__hover_enabled=\"off\" button_border_color__hover=\"null\" button_one_border_color__hover_enabled=\"off\" button_one_border_color__hover=\"null\" button_two_border_color__hover_enabled=\"off\" button_two_border_color__hover=\"null\" button_border_radius__hover_enabled=\"on\" button_border_radius__hover=\"3px\" button_one_border_radius__hover_enabled=\"off\" button_one_border_radius__hover=\"null\" button_two_border_radius__hover_enabled=\"off\" button_two_border_radius__hover=\"null\" button_letter_spacing__hover_enabled=\"off\" button_letter_spacing__hover=\"null\" button_one_letter_spacing__hover_enabled=\"off\" button_one_letter_spacing__hover=\"null\" button_two_letter_spacing__hover_enabled=\"off\" button_two_letter_spacing__hover=\"null\" button_bg_color__hover_enabled=\"on\" button_bg_color__hover=\"#8c8c8c\" button_one_bg_color__hover_enabled=\"off\" button_one_bg_color__hover=\"null\" button_two_bg_color__hover_enabled=\"off\" button_two_bg_color__hover=\"null\"][\/et_pb_button][\/et_pb_column][\/et_pb_row][\/et_pb_section]<\/p>\n","protected":false},"excerpt":{"rendered":"<p>Train, bus, bateau et bien plus encoreAbonnements r\u00e9gionaux en Suisse Les Chemins de fer suisses sont l'une des meilleures entreprises ferroviaires publiques au monde. Outre leur fantastique ponctualit\u00e9 et leur exceptionnelle s\u00e9curit\u00e9, ce sont aussi des offres telles que les laissez-passer r\u00e9gionaux qui rendent le syst\u00e8me ferroviaire suisse si attrayant. Tout le monde n'a pas [&hellip;]<\/p>\n","protected":false},"author":2,"featured_media":0,"parent":0,"menu_order":25,"comment_status":"closed","ping_status":"closed","template":"","meta":{"_et_pb_use_builder":"on","_et_pb_old_content":"","_et_gb_content_width":"","_glsr_average":0,"_glsr_ranking":0,"_glsr_reviews":0,"footnotes":""},"class_list":["post-27254","page","type-page","status-publish","hentry"],"_links":{"self":[{"href":"https:\/\/www.swiss-pass.ch\/fr\/wp-json\/wp\/v2\/pages\/27254","targetHints":{"allow":["GET"]}}],"collection":[{"href":"https:\/\/www.swiss-pass.ch\/fr\/wp-json\/wp\/v2\/pages"}],"about":[{"href":"https:\/\/www.swiss-pass.ch\/fr\/wp-json\/wp\/v2\/types\/page"}],"author":[{"embeddable":true,"href":"https:\/\/www.swiss-pass.ch\/fr\/wp-json\/wp\/v2\/users\/2"}],"replies":[{"embeddable":true,"href":"https:\/\/www.swiss-pass.ch\/fr\/wp-json\/wp\/v2\/comments?post=27254"}],"version-history":[{"count":7,"href":"https:\/\/www.swiss-pass.ch\/fr\/wp-json\/wp\/v2\/pages\/27254\/revisions"}],"predecessor-version":[{"id":29365,"href":"https:\/\/www.swiss-pass.ch\/fr\/wp-json\/wp\/v2\/pages\/27254\/revisions\/29365"}],"wp:attachment":[{"href":"https:\/\/www.swiss-pass.ch\/fr\/wp-json\/wp\/v2\/media?parent=27254"}],"curies":[{"name":"wp","href":"https:\/\/api.w.org\/{rel}","templated":true}]}}