{"id":267,"date":"2025-04-11T13:42:02","date_gmt":"2025-04-11T13:42:02","guid":{"rendered":"http:\/\/194.126.200.57\/~qmarketi\/swiss-pass-ch\/?page_id=267"},"modified":"2025-05-02T13:55:34","modified_gmt":"2025-05-02T13:55:34","slug":"hotel","status":"publish","type":"page","link":"https:\/\/www.swiss-pass.ch\/fr\/hotel\/","title":{"rendered":"R\u00e9server des h\u00f4tels en Suisse"},"content":{"rendered":"<p>[et_pb_section fb_built=\"1\" fullwidth=\"on\" _builder_version=\"4.16\" bottom_divider_color=\"#ffffff\" bottom_divider_height=\"96px\" bottom_divider_flip=\"vertical\" border_width_bottom=\"5px\" border_color_bottom=\"#e02b20\" global_colors_info=\"{}\"][et_pb_fullwidth_slider admin_label=\"FR-Slider-Top\" module_class=\"kopfslider\" _builder_version=\"4.27.4\" header_font=\"||||||||\" header_text_color=\"#ffffff\" body_text_color=\"#FFFFFF\" custom_margin=\"|||\" custom_padding=\"|||\" global_module=\"26257\" saved_tabs=\"all\" global_colors_info=\"{}\" button_text_size__hover_enabled=\"off\" button_one_text_size__hover_enabled=\"off\" button_two_text_size__hover_enabled=\"off\" button_text_color__hover_enabled=\"off\" button_one_text_color__hover_enabled=\"off\" button_two_text_color__hover_enabled=\"off\" button_border_width__hover_enabled=\"off\" button_one_border_width__hover_enabled=\"off\" button_two_border_width__hover_enabled=\"off\" button_border_color__hover_enabled=\"off\" button_one_border_color__hover_enabled=\"off\" button_two_border_color__hover_enabled=\"off\" button_border_radius__hover_enabled=\"off\" button_one_border_radius__hover_enabled=\"off\" button_two_border_radius__hover_enabled=\"off\" button_letter_spacing__hover_enabled=\"off\" button_one_letter_spacing__hover_enabled=\"off\" button_two_letter_spacing__hover_enabled=\"off\" button_bg_color__hover_enabled=\"off\" button_one_bg_color__hover_enabled=\"off\" button_two_bg_color__hover_enabled=\"off\"][et_pb_slide heading=\"Glacier Express avec le Swiss Travel Pass\" use_bg_overlay=\"off\" use_text_overlay=\"off\" _builder_version=\"4.27.4\" header_font=\"||||||||\" header_text_color=\"#ffffff\" header_letter_spacing=\"0px\" header_line_height=\"1.2em\" background_color=\"#ffffff\" background_image=\"https:\/\/www.swiss-pass.ch\/wp-content\/uploads\/2025\/05\/swiss-travel-pass-glacier-express-andermatt.jpg\" background_enable_image=\"on\" button_on_hover=\"on\" custom_padding=\"|||\" global_colors_info=\"{}\" button_text_size__hover_enabled=\"off\" button_one_text_size__hover_enabled=\"off\" button_two_text_size__hover_enabled=\"off\" button_text_color__hover_enabled=\"off\" button_one_text_color__hover_enabled=\"off\" button_two_text_color__hover_enabled=\"off\" button_border_width__hover_enabled=\"off\" button_one_border_width__hover_enabled=\"off\" button_two_border_width__hover_enabled=\"off\" button_border_color__hover_enabled=\"off\" button_one_border_color__hover_enabled=\"off\" button_two_border_color__hover_enabled=\"off\" button_border_radius__hover_enabled=\"off\" button_one_border_radius__hover_enabled=\"off\" button_two_border_radius__hover_enabled=\"off\" button_letter_spacing__hover_enabled=\"off\" button_one_letter_spacing__hover_enabled=\"off\" button_two_letter_spacing__hover_enabled=\"off\" button_bg_color__hover_enabled=\"off\" button_one_bg_color__hover_enabled=\"off\" button_two_bg_color__hover_enabled=\"off\" sticky_transition=\"on\"]<\/p>\n<p>De Zermatt \u00e0 St. Moritz via Andermatt \u2013 un voyage panoramique spectaculaire inclus dans le Swiss Travel Pass (r\u00e9servation requise).<\/p>\n<p>[\/et_pb_slide][et_pb_slide heading=\"Bernina Express avec le Swiss Travel Pass\" use_bg_overlay=\"off\" use_text_overlay=\"off\" _builder_version=\"4.27.4\" header_font=\"||||||||\" header_text_color=\"#ffffff\" header_letter_spacing=\"0px\" header_line_height=\"1.2em\" background_color=\"#ffffff\" background_image=\"https:\/\/www.swiss-pass.ch\/wp-content\/uploads\/2025\/05\/bernina-express-lago-bianco-swiss-travel-pass.jpg\" background_enable_image=\"on\" button_on_hover=\"on\" custom_padding=\"|||\" global_colors_info=\"{}\" button_text_size__hover_enabled=\"off\" button_one_text_size__hover_enabled=\"off\" button_two_text_size__hover_enabled=\"off\" button_text_color__hover_enabled=\"off\" button_one_text_color__hover_enabled=\"off\" button_two_text_color__hover_enabled=\"off\" button_border_width__hover_enabled=\"off\" button_one_border_width__hover_enabled=\"off\" button_two_border_width__hover_enabled=\"off\" button_border_color__hover_enabled=\"off\" button_one_border_color__hover_enabled=\"off\" button_two_border_color__hover_enabled=\"off\" button_border_radius__hover_enabled=\"off\" button_one_border_radius__hover_enabled=\"off\" button_two_border_radius__hover_enabled=\"off\" button_letter_spacing__hover_enabled=\"off\" button_one_letter_spacing__hover_enabled=\"off\" button_two_letter_spacing__hover_enabled=\"off\" button_bg_color__hover_enabled=\"off\" button_one_bg_color__hover_enabled=\"off\" button_two_bg_color__hover_enabled=\"off\" sticky_transition=\"on\"]L'un des voyages en train les plus pittoresques de Suisse : le Bernina Express le long du Lago Bianco est inclus dans le Swiss Travel Pass \u2013 r\u00e9servation requise.[\/et_pb_slide][et_pb_slide heading=\"Top of Europe \u2013 25\u202f% de r\u00e9duction avec le Swiss Travel Pass\" use_bg_overlay=\"off\" use_text_overlay=\"off\" _builder_version=\"4.27.4\" header_font=\"||||||||\" header_text_color=\"#ffffff\" header_letter_spacing=\"0px\" header_line_height=\"1.2em\" body_text_color=\"#FFFFFF\" background_color=\"#ffffff\" background_image=\"https:\/\/www.swiss-pass.ch\/wp-content\/uploads\/2025\/05\/jungfrau-top-of-europe-swiss-travel-pass-discount.jpg\" background_enable_image=\"on\" background_position=\"top_center\" button_on_hover=\"on\" custom_padding=\"|||\" global_colors_info=\"{}\" button_text_size__hover_enabled=\"off\" button_one_text_size__hover_enabled=\"off\" button_two_text_size__hover_enabled=\"off\" button_text_color__hover_enabled=\"off\" button_one_text_color__hover_enabled=\"off\" button_two_text_color__hover_enabled=\"off\" button_border_width__hover_enabled=\"off\" button_one_border_width__hover_enabled=\"off\" button_two_border_width__hover_enabled=\"off\" button_border_color__hover_enabled=\"off\" button_one_border_color__hover_enabled=\"off\" button_two_border_color__hover_enabled=\"off\" button_border_radius__hover_enabled=\"off\" button_one_border_radius__hover_enabled=\"off\" button_two_border_radius__hover_enabled=\"off\" button_letter_spacing__hover_enabled=\"off\" button_one_letter_spacing__hover_enabled=\"off\" button_two_letter_spacing__hover_enabled=\"off\" button_bg_color__hover_enabled=\"off\" button_one_bg_color__hover_enabled=\"off\" button_two_bg_color__hover_enabled=\"off\" sticky_transition=\"on\"]Prenez le train jusqu'\u00e0 la gare la plus haute d'Europe. B\u00e9n\u00e9ficiez de 25\u202f% de r\u00e9duction sur le trajet vers le Jungfraujoch \u2013 Top of Europe avec le Swiss Travel Pass.[\/et_pb_slide][\/et_pb_fullwidth_slider][\/et_pb_section][et_pb_section fb_built=\"1\" specialty=\"on\" _builder_version=\"4.16\" custom_padding=\"50px|0px|50px|0px|true|false\" global_colors_info=\"{}\"][et_pb_column type=\"3_4\" specialty_columns=\"3\" _builder_version=\"4.16\" custom_padding=\"|||\" global_colors_info=\"{}\" custom_padding__hover=\"|||\"][et_pb_row_inner admin_label=\"Row\" _builder_version=\"4.16\" custom_padding=\"0|0px|33.1563px|0px|false|false\" global_colors_info=\"{}\"][et_pb_column_inner saved_specialty_column_type=\"3_4\" _builder_version=\"4.16\" custom_padding=\"|||\" global_colors_info=\"{}\" custom_padding__hover=\"|||\"][et_pb_text _builder_version=\"4.27.4\" header_font=\"|300|||||||\" header_text_color=\"#000000\" custom_margin=\"||30px|\" hover_enabled=\"0\" global_colors_info=\"{}\" sticky_enabled=\"0\"]<\/p>\n<h1>H\u00f4tels en Suisse \u2013 Comparez et r\u00e9servez maintenant<\/h1>\n<p><strong>Vous pr\u00e9voyez un s\u00e9jour en Suisse ?<\/strong> Que ce soit pour un city trip \u00e0 Zurich, un voyage d'affaires \u00e0 Gen\u00e8ve ou des vacances de randonn\u00e9e en Valais \u2013 la Suisse offre une multitude d'h\u00f4tels pour tous les budgets et toutes les cat\u00e9gories. Gr\u00e2ce \u00e0 notre solution de r\u00e9servation avec <strong>Booking.com<\/strong>, trouvez facilement l'h\u00f4tel id\u00e9al pour votre voyage.<\/p>\n<p>Des h\u00f4tels-boutiques \u00e9l\u00e9gants aux h\u00f4tels d'affaires modernes en passant par des h\u00e9bergements adapt\u00e9s aux familles \u2013 r\u00e9servez ici rapidement, en toute s\u00e9curit\u00e9 et directement aupr\u00e8s du fournisseur. Filtrez selon l'emplacement, les \u00e9quipements, les \u00e9valuations ou le prix \u2013 et commencez votre s\u00e9jour en toute s\u00e9r\u00e9nit\u00e9.<\/p>\n<p>[\/et_pb_text][et_pb_code _builder_version=\"4.16\" global_colors_info=\"{}\"]<ins class=\"bookingaff\" data-aid=\"1621479\" data-target_aid=\"1621479\" data-prod=\"nsb\" data-width=\"100%\" data-height=\"auto\" data-lang=\"fr\" data-currency=\"EUR\" data-dest_id=\"204\" data-dest_type=\"country\" data-df_num_properties=\"3\"><!-- [et_pb_line_break_holder] --> <!-- Anything inside will go away once widget is loaded. --><!-- [et_pb_line_break_holder] --> <a href=\"\/\/www.booking.com?aid=1621479\">Booking.com<\/a><!-- [et_pb_line_break_holder] --><\/ins><!-- [et_pb_line_break_holder] --><script type=\"text\/javascript\"><!-- [et_pb_line_break_holder] --> (function(d, sc, u) {<!-- [et_pb_line_break_holder] --> var s = d.createElement(sc), p = d.getElementsByTagName(sc)[0];<!-- [et_pb_line_break_holder] --> s.type = 'text\/javascript';<!-- [et_pb_line_break_holder] --> s.async = true;<!-- [et_pb_line_break_holder] --> s.src = u + '?v=' + (+new Date());<!-- [et_pb_line_break_holder] --> p.parentNode.insertBefore(s,p);<!-- [et_pb_line_break_holder] --> })(document, 'script', '\/\/aff.bstatic.com\/static\/affiliate_base\/js\/flexiproduct.js');<!-- [et_pb_line_break_holder] --><\/script>[\/et_pb_code][\/et_pb_column_inner][\/et_pb_row_inner][\/et_pb_column][et_pb_column type=\"1_4\" _builder_version=\"4.16\" custom_padding=\"|||\" global_colors_info=\"{}\" custom_padding__hover=\"|||\"][et_pb_image src=\"https:\/\/www.swiss-pass.ch\/wp-content\/uploads\/2018\/10\/hotelbox-oben.png\" align_tablet=\"center\" align_phone=\"\" align_last_edited=\"on|desktop\" disabled_on=\"on|on|off\" _builder_version=\"4.16\" custom_margin=\"||0px\" global_colors_info=\"{}\"][\/et_pb_image][et_pb_code _builder_version=\"4.16\" global_colors_info=\"{}\"]<ins class=\"bookingaff\" data-aid=\"1634954\" data-target_aid=\"1634954\" data-prod=\"dfl2\" data-width=\"100%\" data-height=\"auto\" data-lang=\"fr\" data-dest_id=\"3832\" data-dest_type=\"region\" data-df_num_properties=\"9\"><!-- [et_pb_line_break_holder] --> <!-- Anything inside will go away once widget is loaded. --><!-- [et_pb_line_break_holder] --> <a href=\"\/\/www.booking.com?aid=1634954\">Booking.com<\/a><!-- [et_pb_line_break_holder] --><\/ins><!-- [et_pb_line_break_holder] --><script type=\"text\/javascript\"><!-- [et_pb_line_break_holder] --> (function(d, sc, u) {<!-- [et_pb_line_break_holder] --> var s = d.createElement(sc), p = d.getElementsByTagName(sc)[0];<!-- [et_pb_line_break_holder] --> s.type = 'text\/javascript';<!-- [et_pb_line_break_holder] --> s.async = true;<!-- [et_pb_line_break_holder] --> s.src = u + '?v=' + (+new Date());<!-- [et_pb_line_break_holder] --> p.parentNode.insertBefore(s,p);<!-- [et_pb_line_break_holder] --> })(document, 'script', '\/\/aff.bstatic.com\/static\/affiliate_base\/js\/flexiproduct.js');<!-- [et_pb_line_break_holder] --><\/script>[\/et_pb_code][et_pb_code admin_label=\"Code lets encrypt\" _builder_version=\"4.16\" custom_margin_tablet=\"30px||\" custom_margin_phone=\"\" custom_margin_last_edited=\"on|tablet\" global_colors_info=\"{}\"]<a href=\"https:\/\/letsencrypt.status.io\/\" rel=\"nofollow noopener\" style=\"background-color:#4c4949; width:100%; border-radius: 3px; display:inline-block; text-align:center\" target=\"_blank\"><img loading=\"lazy\" decoding=\"async\" class=\"alignnone size-full wp-image-2020\" style=\"margin-top: 10px;\" src=\"https:\/\/www.swiss-pass.ch\/wp-content\/uploads\/2018\/10\/lets-encrypt-logo.gif\" alt=\"\" width=\"96\" height=\"101\" \/><\/a>[\/et_pb_code][\/et_pb_column][\/et_pb_section]<\/p>\n","protected":false},"excerpt":{"rendered":"<p>De Zermatt \u00e0 St. Moritz via Andermatt \u2013 un voyage panoramique spectaculaire inclus dans le Swiss Travel Pass (r\u00e9servation requise).L'un des voyages en train les plus pittoresques de Suisse : le Bernina Express le long du Lago Bianco est inclus dans le Swiss Travel Pass \u2013 r\u00e9servation requise.Prenez le train jusqu'\u00e0 la gare la plus [&hellip;]<\/p>\n","protected":false},"author":1,"featured_media":0,"parent":0,"menu_order":7,"comment_status":"closed","ping_status":"closed","template":"","meta":{"_et_pb_use_builder":"on","_et_pb_old_content":"<ins class=\"bookingaff\" data-aid=\"1621479\" data-target_aid=\"1621479\" data-prod=\"nsb\" data-width=\"100%\" data-height=\"auto\" data-lang=\"xu\" data-currency=\"USD\" data-dest_id=\"204\" data-dest_type=\"country\" data-df_num_properties=\"3\">\r\n    <!-- Anything inside will go away once widget is loaded. -->\r\n    <a href=\"\/\/www.booking.com?aid=1621479\">Booking.com<\/a>\r\n<\/ins>\r\n<script type=\"text\/javascript\">\r\n    (function(d, sc, u) {\r\n      var s = d.createElement(sc), p = d.getElementsByTagName(sc)[0];\r\n      s.type = 'text\/javascript';\r\n      s.async = true;\r\n      s.src = u + '?v=' + (+new Date());\r\n      p.parentNode.insertBefore(s,p);\r\n      })(document, 'script', '\/\/aff.bstatic.com\/static\/affiliate_base\/js\/flexiproduct.js');\r\n<\/script>\r\n\r\n<ins class=\"bookingaff\" data-aid=\"862466\" data-target_aid=\"342167\" data-prod=\"sbp\" data-width=\"945\" data-height=\"300\" data-cc1=\"ch\">\r\n    <!-- Anything inside will go away once widget is loaded. -->\r\n    <a href=\"\/\/www.booking.com?aid=342167\">Booking.com<\/a>\r\n<\/ins>\r\n<script type=\"text\/javascript\">\r\n    (function(d, sc, u) {\r\n      var s = d.createElement(sc), p = d.getElementsByTagName(sc)[0];\r\n      s.type = 'text\/javascript';\r\n      s.async = true;\r\n      s.src = u + '?v=' + (+new Date());\r\n      p.parentNode.insertBefore(s,p);\r\n      })(document, 'script', '\/\/aff.bstatic.com\/static\/affiliate_base\/js\/flexiproduct.js');\r\n<\/script>","_et_gb_content_width":"","_glsr_average":0,"_glsr_ranking":0,"_glsr_reviews":0,"footnotes":""},"class_list":["post-267","page","type-page","status-publish","hentry"],"_links":{"self":[{"href":"https:\/\/www.swiss-pass.ch\/fr\/wp-json\/wp\/v2\/pages\/267","targetHints":{"allow":["GET"]}}],"collection":[{"href":"https:\/\/www.swiss-pass.ch\/fr\/wp-json\/wp\/v2\/pages"}],"about":[{"href":"https:\/\/www.swiss-pass.ch\/fr\/wp-json\/wp\/v2\/types\/page"}],"author":[{"embeddable":true,"href":"https:\/\/www.swiss-pass.ch\/fr\/wp-json\/wp\/v2\/users\/1"}],"replies":[{"embeddable":true,"href":"https:\/\/www.swiss-pass.ch\/fr\/wp-json\/wp\/v2\/comments?post=267"}],"version-history":[{"count":17,"href":"https:\/\/www.swiss-pass.ch\/fr\/wp-json\/wp\/v2\/pages\/267\/revisions"}],"predecessor-version":[{"id":34431,"href":"https:\/\/www.swiss-pass.ch\/fr\/wp-json\/wp\/v2\/pages\/267\/revisions\/34431"}],"wp:attachment":[{"href":"https:\/\/www.swiss-pass.ch\/fr\/wp-json\/wp\/v2\/media?parent=267"}],"curies":[{"name":"wp","href":"https:\/\/api.w.org\/{rel}","templated":true}]}}