{"id":75,"date":"2025-04-11T13:42:02","date_gmt":"2025-04-11T13:42:02","guid":{"rendered":"http:\/\/194.126.200.57\/~qmarketi\/swiss-pass-ch\/?page_id=75"},"modified":"2026-03-31T11:42:15","modified_gmt":"2026-03-31T11:42:15","slug":"swiss-travel-pass","status":"publish","type":"page","link":"https:\/\/www.swiss-pass.ch\/es\/swiss-travel-pass\/","title":{"rendered":"Swiss Travel Pass"},"content":{"rendered":"<p>[et_pb_section fb_built=\"1\" fullwidth=\"on\" _builder_version=\"4.16\" bottom_divider_color=\"#ffffff\" bottom_divider_height=\"96px\" bottom_divider_flip=\"vertical\" border_width_bottom=\"5px\" border_color_bottom=\"#e02b20\" global_colors_info=\"{}\"][et_pb_fullwidth_slider admin_label=\"ES-Slider-Top\" module_class=\"kopfslider\" _builder_version=\"4.27.4\" header_font=\"||||||||\" header_text_color=\"#ffffff\" custom_margin=\"|||\" custom_padding=\"|||\" global_module=\"26324\" saved_tabs=\"all\" global_colors_info=\"{}\" button_text_size__hover_enabled=\"off\" button_text_size__hover=\"null\" button_one_text_size__hover_enabled=\"off\" button_one_text_size__hover=\"null\" button_two_text_size__hover_enabled=\"off\" button_two_text_size__hover=\"null\" button_text_color__hover_enabled=\"off\" button_text_color__hover=\"null\" button_one_text_color__hover_enabled=\"off\" button_one_text_color__hover=\"null\" button_two_text_color__hover_enabled=\"off\" button_two_text_color__hover=\"null\" button_border_width__hover_enabled=\"off\" button_border_width__hover=\"null\" button_one_border_width__hover_enabled=\"off\" button_one_border_width__hover=\"null\" button_two_border_width__hover_enabled=\"off\" button_two_border_width__hover=\"null\" button_border_color__hover_enabled=\"off\" button_border_color__hover=\"null\" button_one_border_color__hover_enabled=\"off\" button_one_border_color__hover=\"null\" button_two_border_color__hover_enabled=\"off\" button_two_border_color__hover=\"null\" button_border_radius__hover_enabled=\"off\" button_border_radius__hover=\"null\" button_one_border_radius__hover_enabled=\"off\" button_one_border_radius__hover=\"null\" button_two_border_radius__hover_enabled=\"off\" button_two_border_radius__hover=\"null\" button_letter_spacing__hover_enabled=\"off\" button_letter_spacing__hover=\"null\" button_one_letter_spacing__hover_enabled=\"off\" button_one_letter_spacing__hover=\"null\" button_two_letter_spacing__hover_enabled=\"off\" button_two_letter_spacing__hover=\"null\" button_bg_color__hover_enabled=\"off\" button_bg_color__hover=\"null\" button_one_bg_color__hover_enabled=\"off\" button_one_bg_color__hover=\"null\" button_two_bg_color__hover_enabled=\"off\" button_two_bg_color__hover=\"null\"][et_pb_slide heading=\"Glacier Express con el Swiss Travel Pass\" use_bg_overlay=\"off\" use_text_overlay=\"off\" _builder_version=\"4.27.4\" header_font=\"||||||||\" header_text_color=\"#ffffff\" header_letter_spacing=\"0px\" header_line_height=\"1.2em\" body_text_color=\"#FFFFFF\" background_color=\"#ffffff\" background_image=\"https:\/\/www.swiss-pass.ch\/wp-content\/uploads\/2025\/05\/swiss-travel-pass-glacier-express-andermatt.jpg\" background_enable_image=\"on\" button_on_hover=\"on\" custom_padding=\"|||\" global_colors_info=\"{}\" button_text_size__hover_enabled=\"off\" button_one_text_size__hover_enabled=\"off\" button_two_text_size__hover_enabled=\"off\" button_text_color__hover_enabled=\"off\" button_one_text_color__hover_enabled=\"off\" button_two_text_color__hover_enabled=\"off\" button_border_width__hover_enabled=\"off\" button_one_border_width__hover_enabled=\"off\" button_two_border_width__hover_enabled=\"off\" button_border_color__hover_enabled=\"off\" button_one_border_color__hover_enabled=\"off\" button_two_border_color__hover_enabled=\"off\" button_border_radius__hover_enabled=\"off\" button_one_border_radius__hover_enabled=\"off\" button_two_border_radius__hover_enabled=\"off\" button_letter_spacing__hover_enabled=\"off\" button_one_letter_spacing__hover_enabled=\"off\" button_two_letter_spacing__hover_enabled=\"off\" button_bg_color__hover_enabled=\"off\" button_one_bg_color__hover_enabled=\"off\" button_two_bg_color__hover_enabled=\"off\" sticky_transition=\"on\"]<\/p>\n<p>De Zermatt a St. Moritz v\u00eda Andermatt \u2013 un espectacular viaje panor\u00e1mico incluido en el Swiss Travel Pass (se requiere reserva).<\/p>\n<p>[\/et_pb_slide][et_pb_slide heading=\"Bernina Express con el Swiss Travel Pass\" use_bg_overlay=\"off\" use_text_overlay=\"off\" _builder_version=\"4.27.4\" header_font=\"||||||||\" header_text_color=\"#ffffff\" header_letter_spacing=\"0px\" header_line_height=\"1.2em\" body_text_color=\"#FFFFFF\" background_color=\"#ffffff\" background_image=\"https:\/\/www.swiss-pass.ch\/wp-content\/uploads\/2025\/05\/bernina-express-lago-bianco-swiss-travel-pass.jpg\" background_enable_image=\"on\" button_on_hover=\"on\" custom_padding=\"|||\" global_colors_info=\"{}\" button_text_size__hover_enabled=\"off\" button_one_text_size__hover_enabled=\"off\" button_two_text_size__hover_enabled=\"off\" button_text_color__hover_enabled=\"off\" button_one_text_color__hover_enabled=\"off\" button_two_text_color__hover_enabled=\"off\" button_border_width__hover_enabled=\"off\" button_one_border_width__hover_enabled=\"off\" button_two_border_width__hover_enabled=\"off\" button_border_color__hover_enabled=\"off\" button_one_border_color__hover_enabled=\"off\" button_two_border_color__hover_enabled=\"off\" button_border_radius__hover_enabled=\"off\" button_one_border_radius__hover_enabled=\"off\" button_two_border_radius__hover_enabled=\"off\" button_letter_spacing__hover_enabled=\"off\" button_one_letter_spacing__hover_enabled=\"off\" button_two_letter_spacing__hover_enabled=\"off\" button_bg_color__hover_enabled=\"off\" button_one_bg_color__hover_enabled=\"off\" button_two_bg_color__hover_enabled=\"off\" sticky_transition=\"on\"]Uno de los viajes en tren m\u00e1s pintorescos de Suiza: el Bernina Express a lo largo del Lago Bianco est\u00e1 incluido en el Swiss Travel Pass \u2013 se requiere reserva.[\/et_pb_slide][et_pb_slide heading=\"Top of Europe \u2013 25\u202f% de descuento con el Swiss Travel Pass\" use_bg_overlay=\"off\" use_text_overlay=\"off\" _builder_version=\"4.27.4\" header_font=\"||||||||\" header_text_color=\"#ffffff\" header_letter_spacing=\"0px\" header_line_height=\"1.2em\" body_text_color=\"#FFFFFF\" background_color=\"#ffffff\" background_image=\"https:\/\/www.swiss-pass.ch\/wp-content\/uploads\/2025\/05\/jungfrau-top-of-europe-swiss-travel-pass-discount.jpg\" background_enable_image=\"on\" background_position=\"top_center\" button_on_hover=\"on\" custom_padding=\"|||\" global_colors_info=\"{}\" button_text_size__hover_enabled=\"off\" button_one_text_size__hover_enabled=\"off\" button_two_text_size__hover_enabled=\"off\" button_text_color__hover_enabled=\"off\" button_one_text_color__hover_enabled=\"off\" button_two_text_color__hover_enabled=\"off\" button_border_width__hover_enabled=\"off\" button_one_border_width__hover_enabled=\"off\" button_two_border_width__hover_enabled=\"off\" button_border_color__hover_enabled=\"off\" button_one_border_color__hover_enabled=\"off\" button_two_border_color__hover_enabled=\"off\" button_border_radius__hover_enabled=\"off\" button_one_border_radius__hover_enabled=\"off\" button_two_border_radius__hover_enabled=\"off\" button_letter_spacing__hover_enabled=\"off\" button_one_letter_spacing__hover_enabled=\"off\" button_two_letter_spacing__hover_enabled=\"off\" button_bg_color__hover_enabled=\"off\" button_one_bg_color__hover_enabled=\"off\" button_two_bg_color__hover_enabled=\"off\" sticky_transition=\"on\"]Experimenta el viaje al punto ferroviario m\u00e1s alto de Europa. Obt\u00e9n un 25\u202f% de descuento hacia Jungfraujoch \u2013 Top of Europe con tu Swiss Travel Pass.[\/et_pb_slide][\/et_pb_fullwidth_slider][\/et_pb_section][et_pb_section fb_built=\"1\" specialty=\"on\" _builder_version=\"4.16\" use_background_color_gradient=\"on\" background_color_gradient_stops=\"rgba(0,0,0,0.05) 3%|rgba(0,0,0,0) 13%\" background_color_gradient_start=\"rgba(0,0,0,0.05)\" background_color_gradient_start_position=\"3%\" background_color_gradient_end=\"rgba(0,0,0,0)\" background_color_gradient_end_position=\"13%\" custom_padding=\"50px|0px|50px|0px|true|false\" global_colors_info=\"{}\"][et_pb_column type=\"3_4\" specialty_columns=\"3\" _builder_version=\"4.16\" custom_padding=\"|||\" global_colors_info=\"{}\" custom_padding__hover=\"|||\"][et_pb_row_inner admin_label=\"Row\" _builder_version=\"4.16\" custom_padding=\"0|0px|33.1563px|0px|false|false\" global_colors_info=\"{}\"][et_pb_column_inner saved_specialty_column_type=\"3_4\" _builder_version=\"4.16\" custom_padding=\"|||\" global_colors_info=\"{}\" custom_padding__hover=\"|||\"][et_pb_text _builder_version=\"4.16\" header_font=\"|300|||||||\" header_text_color=\"#000000\" custom_margin=\"||30px|\" global_colors_info=\"{}\"]<\/p>\n<h1>Swiss Travel Pass<\/h1>\n<p>Pida el Swiss Travel Pass Flex para que sus viajes a Suiza en tren sean m\u00e1s convenientes. Con Swiss Travel Pass Flex de Swiss Travel System sus viajes en tren, autocar o barco son m\u00e1s flexibles. La panor\u00e1mica de Swiss Travel explica con lujo de detalles la validez del Swiss Travel Pass Flex. El Swiss Travel Pass Flex es la soluci\u00f3n ideal para viajar a Suiza en tren y pueden solicitarlo quienes no est\u00e9n empadronados en Suiza o en Liechtenstein.<br \/>\n[\/et_pb_text][et_pb_text module_class=\"sondertitel\" _builder_version=\"4.16\" global_colors_info=\"{}\"]<\/p>\n<h2>Pida ahora on line el Swiss Travel Pass Flex y descubra el Swiss Travel System.<\/h2>\n<p>[\/et_pb_text][et_pb_code _builder_version=\"4.27.6\" hover_enabled=\"0\" global_colors_info=\"{}\" sticky_enabled=\"0\"]<script><!-- [et_pb_line_break_holder] -->  function sendHeight() {<!-- [et_pb_line_break_holder] -->    const height = document.documentElement.scrollHeight;<!-- [et_pb_line_break_holder] -->    parent.postMessage({ type: \"setHeight\", height }, \"*\");<!-- [et_pb_line_break_holder] -->  }<!-- [et_pb_line_break_holder] -->  window.addEventListener(\"load\", sendHeight);<!-- [et_pb_line_break_holder] -->  window.addEventListener(\"resize\", sendHeight);<!-- [et_pb_line_break_holder] --><\/script><iframe loading=\"lazy\" style=\"border: none; overflow: hidden; width: 100%; height: 2000px; float: left;\" src=\"https:\/\/shop.swiss-pass.ch\/?currency=EUR#\/es\/product\/swissPass\" width=\"300\" height=\"150\" frameborder=\"0\" scrolling=\"auto\"><\/iframe>[\/et_pb_code][et_pb_code disabled_on=\"off|off|off\" admin_label=\"Promo 2025 schema\" _builder_version=\"4.27.4\" _module_preset=\"default\" locked=\"off\" global_colors_info=\"{}\"]<script type=\"application\/ld+json\"><!-- [et_pb_line_break_holder] -->{<!-- [et_pb_line_break_holder] -->  \"@context\":\"https:\/\/schema.org\",<!-- [et_pb_line_break_holder] -->  \"@graph\":[<!-- [et_pb_line_break_holder] -->    {<!-- [et_pb_line_break_holder] -->      \"@type\":\"Product\",<!-- [et_pb_line_break_holder] -->      \"@id\":\"https:\/\/www.swiss-pass.ch\/es\/descuentos-y-promociones-swiss-travel-pass\/#product\",<!-- [et_pb_line_break_holder] -->      \"name\":\"Swiss Travel Pass \u2013 Promoci\u00f3n 1\u00aa clase 2025\",<!-- [et_pb_line_break_holder] -->      \"description\":\"Compra un pase de 1\u00aa clase de 4 u 8 d\u00edas y obt\u00e9n d\u00edas extra gratis. Solo hasta el 30.11.2025.\",<!-- [et_pb_line_break_holder] -->      \"brand\":{\"@type\":\"Brand\",\"name\":\"Swiss Travel Pass\"},<!-- [et_pb_line_break_holder] -->      \"category\":\"Rail Pass\",<!-- [et_pb_line_break_holder] -->      \"url\":\"https:\/\/www.swiss-pass.ch\/es\/descuentos-y-promociones-swiss-travel-pass\/\",<!-- [et_pb_line_break_holder] -->      \"image\":\"https:\/\/www.swiss-pass.ch\/wp-content\/uploads\/2025\/09\/swiss-travel-pass-promotion.jpg\",<!-- [et_pb_line_break_holder] -->      \"offers\":[<!-- [et_pb_line_break_holder] -->        {<!-- [et_pb_line_break_holder] -->          \"@type\":\"Offer\",<!-- [et_pb_line_break_holder] -->          \"name\":\"4 d\u00edas (1\u00aa clase) + 1 gratis\",<!-- [et_pb_line_break_holder] -->          \"priceCurrency\":\"EUR\",<!-- [et_pb_line_break_holder] -->          \"price\":\"510\",<!-- [et_pb_line_break_holder] -->          \"availability\":\"https:\/\/schema.org\/InStock\",<!-- [et_pb_line_break_holder] -->          \"itemCondition\":\"https:\/\/schema.org\/NewCondition\",<!-- [et_pb_line_break_holder] -->          \"validFrom\":\"2025-09-11\",<!-- [et_pb_line_break_holder] -->          \"priceValidUntil\":\"2025-11-30\",<!-- [et_pb_line_break_holder] -->          \"url\":\"https:\/\/www.swiss-pass.ch\/es\/swiss-travel-pass\/\"<!-- [et_pb_line_break_holder] -->        },<!-- [et_pb_line_break_holder] -->        {<!-- [et_pb_line_break_holder] -->          \"@type\":\"Offer\",<!-- [et_pb_line_break_holder] -->          \"name\":\"8 d\u00edas (1\u00aa clase) + 2 gratis\",<!-- [et_pb_line_break_holder] -->          \"priceCurrency\":\"EUR\",<!-- [et_pb_line_break_holder] -->          \"price\":\"723\",<!-- [et_pb_line_break_holder] -->          \"availability\":\"https:\/\/schema.org\/InStock\",<!-- [et_pb_line_break_holder] -->          \"itemCondition\":\"https:\/\/schema.org\/NewCondition\",<!-- [et_pb_line_break_holder] -->          \"validFrom\":\"2025-09-11\",<!-- [et_pb_line_break_holder] -->          \"priceValidUntil\":\"2025-11-30\",<!-- [et_pb_line_break_holder] -->          \"url\":\"https:\/\/www.swiss-pass.ch\/es\/swiss-travel-pass\/\"<!-- [et_pb_line_break_holder] -->        }<!-- [et_pb_line_break_holder] -->      ]<!-- [et_pb_line_break_holder] -->    }<!-- [et_pb_line_break_holder] -->  ]<!-- [et_pb_line_break_holder] -->}<!-- [et_pb_line_break_holder] --><\/script><!-- [et_pb_line_break_holder] -->[\/et_pb_code][\/et_pb_column_inner][\/et_pb_row_inner][\/et_pb_column][et_pb_column type=\"1_4\" _builder_version=\"4.16\" custom_padding=\"|||\" global_colors_info=\"{}\" custom_padding__hover=\"|||\"][et_pb_image src=\"https:\/\/www.swiss-pass.ch\/wp-content\/uploads\/2018\/08\/ticket-top-1.png\" align_tablet=\"center\" align_phone=\"\" align_last_edited=\"on|desktop\" disabled_on=\"on|on|off\" _builder_version=\"4.16\" custom_margin=\"||0px|\" global_colors_info=\"{}\"][\/et_pb_image][et_pb_text admin_label=\"Ticket Text ES\" module_class=\"schweizerticket\" _builder_version=\"4.27.4\" text_text_color=\"#ffffff\" header_2_text_color=\"#ffffff\" background_color=\"#8f8f8f\" custom_margin=\"||0px|\" custom_padding=\"20px|20px|20px|20px|true|true\" border_width_all=\"5px\" border_color_all=\"#555555\" global_module=\"2384\" saved_tabs=\"all\" global_colors_info=\"{}\"]<\/p>\n<div class=\"swiss-pass-box white-icons-with-bg\" lang=\"es\">\n<h2>Swiss Travel Pass (anteriormente Swiss Pass)<\/h2>\n<p>Tus beneficios al comprar en esta tienda:<\/p>\n<div class=\"iconzeile\"><span class=\"icon\"><i class=\"fas fa-ticket-alt\"><\/i><\/span><span class=\"text\">Punto de venta oficial<\/span><\/div>\n<div class=\"iconzeile\"><span class=\"icon\"><i class=\"fas fa-tags\"><\/i><\/span><span class=\"text\">Mejores precios disponibles<\/span><\/div>\n<div class=\"iconzeile\"><span class=\"icon\"><i class=\"fas fa-undo-alt\"><\/i><\/span><span class=\"text\">Cancelable hasta 1 d\u00eda antes de la salida<\/span><\/div>\n<div class=\"iconzeile\"><span class=\"icon\"><i class=\"fas fa-file-alt\"><\/i><\/span><span class=\"text\">Billete electr\u00f3nico e impresi\u00f3n en casa<\/span><\/div>\n<div class=\"iconzeile\"><span class=\"icon\"><i class=\"fas fa-ban\"><\/i><\/span><span class=\"text\">Sin costes ocultos<\/span><\/div>\n<div class=\"iconzeile\"><span class=\"icon\"><i class=\"fas fa-star\"><\/i><\/span><span class=\"text\">Alta satisfacci\u00f3n del cliente<\/span><\/div>\n<div class=\"iconzeile\"><span class=\"icon\"><i class=\"fas fa-lock\"><\/i><\/span><span class=\"text\">Reserva segura<\/span><\/div>\n<p>Este es el sitio web oficial para la venta del Swiss Travel Pass y otros pases ferroviarios suizos dentro del sistema de transporte suizo.<\/p>\n<\/div>\n<p>[\/et_pb_text][et_pb_image src=\"https:\/\/www.swiss-pass.ch\/wp-content\/uploads\/2018\/08\/ticket-bottom.png\" align_tablet=\"center\" align_phone=\"\" align_last_edited=\"on|desktop\" disabled_on=\"on|on|off\" _builder_version=\"4.16\" custom_margin=\"||50px||false|false\" global_colors_info=\"{}\"][\/et_pb_image][et_pb_text module_class=\"faq-sidebar\" _builder_version=\"4.27.4\" global_colors_info=\"{}\"]<\/p>\n<h2>FAQ Swiss Travel Pass<\/h2>\n<p>[ultimate-faqs include_category=\"swiss-travel-pass\" post_count=5 orderby=\"popular\"]<\/p>\n<p>[\/et_pb_text][et_pb_code admin_label=\"Letsencript ALL\" _builder_version=\"4.23\" _module_preset=\"default\" global_module=\"26762\" saved_tabs=\"all\" global_colors_info=\"{}\"]<\/p>\n<h6>Grand Train Tour of Switzerland<!-- [et_pb_line_break_holder] --><\/h6>\n<p><a id=\"overlay_unique_id_2091\" href=\"#\"><img decoding=\"async\" style=\"border-radius:5px;\" src=\"https:\/\/www.swiss-pass.ch\/wp-content\/uploads\/2018\/10\/grand-tour-deckbild.jpg\" \/><\/a><!-- [et_pb_line_break_holder] --><!\u2013- [et_pb_br_holder] -\u2013><!\u2013- [et_pb_br_holder] -\u2013><!-- [et_pb_line_break_holder] --><a href=\"https:\/\/letsencrypt.status.io\/\" target=\"_blank\" rel=\"nofollow noopener\" style=\"background-color:#4c4949; width:100%; border-radius: 3px; border-bottom-right-radius:0px; border-bottom-left-radius:0px; display:inline-block; text-align:center\"><img loading=\"lazy\" decoding=\"async\" class=\"alignnone size-full wp-image-2020\" style=\"margin-top: 10px;\" src=\"https:\/\/www.swiss-pass.ch\/wp-content\/uploads\/2023\/10\/lets-encrypt-logo.png\" alt=\"\" width=\"152\" height=\"125\" \/><\/a><pee style=\"background-color:#4c4949; color:white; text-align:center; font-weight:bold; padding:5px; border-bottom-right-radius:3px; border-bottom-left-radius:3px; padding-top:0px;\">PROTECTED by SSL<\/pee>[\/et_pb_code][\/et_pb_column][\/et_pb_section]<\/p>\n","protected":false},"excerpt":{"rendered":"<p>De Zermatt a St. Moritz v\u00eda Andermatt \u2013 un espectacular viaje panor\u00e1mico incluido en el Swiss Travel Pass (se requiere reserva).Uno de los viajes en tren m\u00e1s pintorescos de Suiza: el Bernina Express a lo largo del Lago Bianco est\u00e1 incluido en el Swiss Travel Pass \u2013 se requiere reserva.Experimenta el viaje al punto ferroviario [&hellip;]<\/p>\n","protected":false},"author":1,"featured_media":0,"parent":0,"menu_order":25,"comment_status":"closed","ping_status":"closed","template":"","meta":{"_et_pb_use_builder":"on","_et_pb_old_content":"<h2>\u00a0<\/h2><div class=\"addthis_native_toolbox\">\u00a0<\/div><div class=\"block-mitte\"><p><iframe style=\"border: none; overflow: hidden; width: 800px; height: 750px; float: left;\" src=\"https:\/\/www.swissrailways.com\/en\/products\/swisspass?affiliateid=223\" width=\"300\" height=\"150\" frameborder=\"0\" scrolling=\"auto\"><\/iframe><\/p><div class=\"addthis_horizontal_follow_toolbox\"><h3>Follow us<\/h3><\/div><div class=\"addthis_sharing_toolbox\"><h3>Share us<\/h3><\/div><\/div>","_et_gb_content_width":"","_glsr_average":0,"_glsr_ranking":0,"_glsr_reviews":0,"footnotes":""},"class_list":["post-75","page","type-page","status-publish","hentry"],"_links":{"self":[{"href":"https:\/\/www.swiss-pass.ch\/es\/wp-json\/wp\/v2\/pages\/75","targetHints":{"allow":["GET"]}}],"collection":[{"href":"https:\/\/www.swiss-pass.ch\/es\/wp-json\/wp\/v2\/pages"}],"about":[{"href":"https:\/\/www.swiss-pass.ch\/es\/wp-json\/wp\/v2\/types\/page"}],"author":[{"embeddable":true,"href":"https:\/\/www.swiss-pass.ch\/es\/wp-json\/wp\/v2\/users\/1"}],"replies":[{"embeddable":true,"href":"https:\/\/www.swiss-pass.ch\/es\/wp-json\/wp\/v2\/comments?post=75"}],"version-history":[{"count":18,"href":"https:\/\/www.swiss-pass.ch\/es\/wp-json\/wp\/v2\/pages\/75\/revisions"}],"predecessor-version":[{"id":44629,"href":"https:\/\/www.swiss-pass.ch\/es\/wp-json\/wp\/v2\/pages\/75\/revisions\/44629"}],"wp:attachment":[{"href":"https:\/\/www.swiss-pass.ch\/es\/wp-json\/wp\/v2\/media?parent=75"}],"curies":[{"name":"wp","href":"https:\/\/api.w.org\/{rel}","templated":true}]}}