{"id":633,"date":"2025-04-11T13:42:02","date_gmt":"2025-04-11T13:42:02","guid":{"rendered":"https:\/\/new.swiss-pass.ch\/?page_id=633"},"modified":"2025-04-11T13:42:02","modified_gmt":"2025-04-11T13:42:02","slug":"swiss-travel-pass-flex-combi","status":"publish","type":"page","link":"https:\/\/www.swiss-pass.ch\/es\/swiss-travel-pass-flex-combi\/","title":{"rendered":"Swiss Travel Pass Flex Combi"},"content":{"rendered":"<p>Con Swiss Travel Pass Flex Combi podr\u00e1 elegir los d\u00edas de viaje sin restricciones. El abono Swiss Travel Pass Flex Combi vale para 3, 4, 8 o 15 d\u00edas dentro de un mismo mes, y permite viajar de forma ilimitada por la red de Swiss Travel System. Asimismo, entre el primer y \u00faltimo d\u00eda de viaje gratis, podr\u00e1 obtener un 50 % de descuento en los precios habituales de tren, autob\u00fas, barco y la mayor\u00eda de los ferrocarriles de monta\u00f1a.<\/p>\n<h2>Pida ahora on line el Swiss Travel Pass Flex Combi y descubra el Swiss Travel System.<\/h2>\n<div class=\"addthis_native_toolbox\"><\/div>\n<div class=\"block-mitte\"><iframe loading=\"lazy\" style=\"border: none; overflow: hidden; width: 800px; height: 750px; float:left;\" src=\"https:\/\/www.swissrailways.com\/es\/products\/swissflexipasscombi?affiliateid=223\" width=\"300\" height=\"150\" frameborder=\"0\" scrolling=\"auto\"><\/iframe><\/p>\n<div class=\"addthis_horizontal_follow_toolbox\">\n<h3>Follow us<\/h3>\n<\/div>\n<div class=\"addthis_sharing_toolbox\">\n<h3>Share us<\/h3>\n<\/div>\n<\/div>\n","protected":false},"excerpt":{"rendered":"<p>Con Swiss Travel Pass Flex Combi podr\u00e1 elegir los d\u00edas de viaje sin restricciones. El abono Swiss Travel Pass Flex Combi vale para 3, 4, 8 o 15 d\u00edas dentro de un mismo mes, y permite viajar de forma ilimitada por la red de Swiss Travel System. Asimismo, entre el primer y \u00faltimo d\u00eda de [&hellip;]<\/p>\n","protected":false},"author":1,"featured_media":0,"parent":0,"menu_order":68,"comment_status":"closed","ping_status":"closed","template":"template-fullpage.php","meta":{"_et_pb_use_builder":"","_et_pb_old_content":"","_et_gb_content_width":"","_glsr_average":0,"_glsr_ranking":0,"_glsr_reviews":0,"footnotes":""},"class_list":["post-633","page","type-page","status-publish","hentry"],"_links":{"self":[{"href":"https:\/\/www.swiss-pass.ch\/es\/wp-json\/wp\/v2\/pages\/633","targetHints":{"allow":["GET"]}}],"collection":[{"href":"https:\/\/www.swiss-pass.ch\/es\/wp-json\/wp\/v2\/pages"}],"about":[{"href":"https:\/\/www.swiss-pass.ch\/es\/wp-json\/wp\/v2\/types\/page"}],"author":[{"embeddable":true,"href":"https:\/\/www.swiss-pass.ch\/es\/wp-json\/wp\/v2\/users\/1"}],"replies":[{"embeddable":true,"href":"https:\/\/www.swiss-pass.ch\/es\/wp-json\/wp\/v2\/comments?post=633"}],"version-history":[{"count":4,"href":"https:\/\/www.swiss-pass.ch\/es\/wp-json\/wp\/v2\/pages\/633\/revisions"}],"predecessor-version":[{"id":1445,"href":"https:\/\/www.swiss-pass.ch\/es\/wp-json\/wp\/v2\/pages\/633\/revisions\/1445"}],"wp:attachment":[{"href":"https:\/\/www.swiss-pass.ch\/es\/wp-json\/wp\/v2\/media?parent=633"}],"curies":[{"name":"wp","href":"https:\/\/api.w.org\/{rel}","templated":true}]}}