{"id":596,"date":"2025-04-11T13:42:02","date_gmt":"2025-04-11T13:42:02","guid":{"rendered":"https:\/\/new.swiss-pass.ch\/?page_id=596"},"modified":"2025-04-11T13:42:02","modified_gmt":"2025-04-11T13:42:02","slug":"swiss-travel-pass-flex-combi","status":"publish","type":"page","link":"https:\/\/www.swiss-pass.ch\/de\/swiss-travel-pass-flex-combi\/","title":{"rendered":"Swiss Travel Pass Flex Combi"},"content":{"rendered":"<p>Mit dem Swiss Travel Pass Flex Combi k\u00f6nnen Sie die Reisetage frei w\u00e4hlen. Der Swiss Travel Pass Flex ist g\u00fcltig an 3, 4, 8 oder 15 Tagen innerhalb eines Monats und erlaubt an diesen Tagen die unlimitierte Fahrt auf dem Netzwerk von Swiss Travel System. Dar\u00fcber hinaus erhalten Sie zwischen dem ersten und letzten f\u00fcr freie Fahrt validierten Tag 50% Erm\u00e4ssigung auf die regul\u00e4ren Preise und reisen mit Bahn, Bus, Schiff sowie den meisten Bergbahnen zum halben Preis.<\/p>\n<h2>Jetzt Swiss Travel Pass Flex Combi online bestellen.<\/h2>\n<div class=\"addthis_native_toolbox\"><\/div>\n<div class=\"block-mitte\"><iframe loading=\"lazy\" style=\"border: none; overflow: hidden; width: 800px; height: 750px; float:left;\" src=\"https:\/\/www.swissrailways.com\/de\/products\/swissflexipasscombi?affiliateid=223\" width=\"300\" height=\"150\" frameborder=\"0\" scrolling=\"auto\"><\/iframe><\/p>\n<div class=\"addthis_horizontal_follow_toolbox\">\n<h3>Follow us<\/h3>\n<\/div>\n<div class=\"addthis_sharing_toolbox\">\n<h3>Share us<\/h3>\n<\/div>\n<\/div>\n","protected":false},"excerpt":{"rendered":"<p>Mit dem Swiss Travel Pass Flex Combi k\u00f6nnen Sie die Reisetage frei w\u00e4hlen. Der Swiss Travel Pass Flex ist g\u00fcltig an 3, 4, 8 oder 15 Tagen innerhalb eines Monats und erlaubt an diesen Tagen die unlimitierte Fahrt auf dem Netzwerk von Swiss Travel System. Dar\u00fcber hinaus erhalten Sie zwischen dem ersten und letzten f\u00fcr [&hellip;]<\/p>\n","protected":false},"author":1,"featured_media":0,"parent":0,"menu_order":63,"comment_status":"closed","ping_status":"closed","template":"template-fullpage.php","meta":{"_et_pb_use_builder":"","_et_pb_old_content":"","_et_gb_content_width":"","_glsr_average":0,"_glsr_ranking":0,"_glsr_reviews":0,"footnotes":""},"class_list":["post-596","page","type-page","status-publish","hentry"],"_links":{"self":[{"href":"https:\/\/www.swiss-pass.ch\/de\/wp-json\/wp\/v2\/pages\/596","targetHints":{"allow":["GET"]}}],"collection":[{"href":"https:\/\/www.swiss-pass.ch\/de\/wp-json\/wp\/v2\/pages"}],"about":[{"href":"https:\/\/www.swiss-pass.ch\/de\/wp-json\/wp\/v2\/types\/page"}],"author":[{"embeddable":true,"href":"https:\/\/www.swiss-pass.ch\/de\/wp-json\/wp\/v2\/users\/1"}],"replies":[{"embeddable":true,"href":"https:\/\/www.swiss-pass.ch\/de\/wp-json\/wp\/v2\/comments?post=596"}],"version-history":[{"count":4,"href":"https:\/\/www.swiss-pass.ch\/de\/wp-json\/wp\/v2\/pages\/596\/revisions"}],"predecessor-version":[{"id":1444,"href":"https:\/\/www.swiss-pass.ch\/de\/wp-json\/wp\/v2\/pages\/596\/revisions\/1444"}],"wp:attachment":[{"href":"https:\/\/www.swiss-pass.ch\/de\/wp-json\/wp\/v2\/media?parent=596"}],"curies":[{"name":"wp","href":"https:\/\/api.w.org\/{rel}","templated":true}]}}