{"id":564,"date":"2025-04-11T13:42:02","date_gmt":"2025-04-11T13:42:02","guid":{"rendered":"https:\/\/new.swiss-pass.ch\/?page_id=564"},"modified":"2025-04-11T13:42:02","modified_gmt":"2025-04-11T13:42:02","slug":"swiss-transfer-ticket-combi","status":"publish","type":"page","link":"https:\/\/www.swiss-pass.ch\/de\/swiss-transfer-ticket-combi\/","title":{"rendered":"Swiss Transfer Ticket Combi"},"content":{"rendered":"<p>Bestellen Sie das Swiss Transfer Ticket Combi f\u00fcr Ihre Bahnreise in die Schweiz. Mit dem Swiss Transfer Ticket Combi von Swiss Travel System reisen Sie preisg\u00fcnstig mit Schweizer Bahnen, Bussen und Schiffen. Den genauen Geltungsbereich des Swiss Transfer Ticket Combi zeigt die \u00dcbersichtskarte von Swiss Travel System. Das Swiss Transfer Ticket Combi ist ideal f\u00fcr Bahnreisen in der Schweiz und kann von allen ausserhalb der Schweiz oder des F\u00fcrstentums Liechtensteins wohnhaften Personen bezogen werden.<\/p>\n<h2>Jetzt Swiss Transfer Ticket Combi online bestellen.<\/h2>\n<div class=\"addthis_native_toolbox\"><\/div>\n<div class=\"block-mitte\"><iframe loading=\"lazy\" style=\"border: none; overflow: hidden; width: 800px; height: 750px; float:left;\" src=\"https:\/\/www.swissrailways.com\/de\/products\/swisstransferticketcombi?affiliateid=223\" width=\"300\" height=\"150\" frameborder=\"0\" scrolling=\"auto\"><\/iframe><\/p>\n<div class=\"addthis_horizontal_follow_toolbox\">\n<h3>Follow us<\/h3>\n<\/div>\n<div class=\"addthis_sharing_toolbox\">\n<h3>Share us<\/h3>\n<\/div>\n<\/div>\n","protected":false},"excerpt":{"rendered":"<p>Bestellen Sie das Swiss Transfer Ticket Combi f\u00fcr Ihre Bahnreise in die Schweiz. Mit dem Swiss Transfer Ticket Combi von Swiss Travel System reisen Sie preisg\u00fcnstig mit Schweizer Bahnen, Bussen und Schiffen. Den genauen Geltungsbereich des Swiss Transfer Ticket Combi zeigt die \u00dcbersichtskarte von Swiss Travel System. Das Swiss Transfer Ticket Combi ist ideal f\u00fcr [&hellip;]<\/p>\n","protected":false},"author":1,"featured_media":0,"parent":0,"menu_order":57,"comment_status":"closed","ping_status":"closed","template":"template-fullpage.php","meta":{"_et_pb_use_builder":"","_et_pb_old_content":"","_et_gb_content_width":"","_glsr_average":0,"_glsr_ranking":0,"_glsr_reviews":0,"footnotes":""},"class_list":["post-564","page","type-page","status-publish","hentry"],"_links":{"self":[{"href":"https:\/\/www.swiss-pass.ch\/de\/wp-json\/wp\/v2\/pages\/564","targetHints":{"allow":["GET"]}}],"collection":[{"href":"https:\/\/www.swiss-pass.ch\/de\/wp-json\/wp\/v2\/pages"}],"about":[{"href":"https:\/\/www.swiss-pass.ch\/de\/wp-json\/wp\/v2\/types\/page"}],"author":[{"embeddable":true,"href":"https:\/\/www.swiss-pass.ch\/de\/wp-json\/wp\/v2\/users\/1"}],"replies":[{"embeddable":true,"href":"https:\/\/www.swiss-pass.ch\/de\/wp-json\/wp\/v2\/comments?post=564"}],"version-history":[{"count":3,"href":"https:\/\/www.swiss-pass.ch\/de\/wp-json\/wp\/v2\/pages\/564\/revisions"}],"predecessor-version":[{"id":1436,"href":"https:\/\/www.swiss-pass.ch\/de\/wp-json\/wp\/v2\/pages\/564\/revisions\/1436"}],"wp:attachment":[{"href":"https:\/\/www.swiss-pass.ch\/de\/wp-json\/wp\/v2\/media?parent=564"}],"curies":[{"name":"wp","href":"https:\/\/api.w.org\/{rel}","templated":true}]}}