{"id":38,"date":"2025-04-11T13:42:02","date_gmt":"2025-04-11T13:42:02","guid":{"rendered":"http:\/\/194.126.200.57\/~qmarketi\/swiss-pass-ch\/?page_id=38"},"modified":"2026-03-31T11:42:36","modified_gmt":"2026-03-31T11:42:36","slug":"swiss-travel-pass","status":"publish","type":"page","link":"https:\/\/www.swiss-pass.ch\/de\/swiss-travel-pass\/","title":{"rendered":"Swiss Travel Pass"},"content":{"rendered":"<p>[et_pb_section fb_built=\"1\" fullwidth=\"on\" _builder_version=\"4.16\" bottom_divider_color=\"#ffffff\" bottom_divider_height=\"96px\" bottom_divider_flip=\"vertical\" border_width_bottom=\"5px\" border_color_bottom=\"#e02b20\" global_colors_info=\"{}\"][et_pb_fullwidth_slider admin_label=\"DE-Slider-Top\" module_class=\"kopfslider\" _builder_version=\"4.27.4\" header_font=\"||||||||\" header_text_color=\"#ffffff\" custom_margin=\"|||\" custom_padding=\"|||\" global_module=\"26277\" saved_tabs=\"all\" global_colors_info=\"{}\" button_text_size__hover_enabled=\"off\" button_text_size__hover=\"null\" button_one_text_size__hover_enabled=\"off\" button_one_text_size__hover=\"null\" button_two_text_size__hover_enabled=\"off\" button_two_text_size__hover=\"null\" button_text_color__hover_enabled=\"off\" button_text_color__hover=\"null\" button_one_text_color__hover_enabled=\"off\" button_one_text_color__hover=\"null\" button_two_text_color__hover_enabled=\"off\" button_two_text_color__hover=\"null\" button_border_width__hover_enabled=\"off\" button_border_width__hover=\"null\" button_one_border_width__hover_enabled=\"off\" button_one_border_width__hover=\"null\" button_two_border_width__hover_enabled=\"off\" button_two_border_width__hover=\"null\" button_border_color__hover_enabled=\"off\" button_border_color__hover=\"null\" button_one_border_color__hover_enabled=\"off\" button_one_border_color__hover=\"null\" button_two_border_color__hover_enabled=\"off\" button_two_border_color__hover=\"null\" button_border_radius__hover_enabled=\"off\" button_border_radius__hover=\"null\" button_one_border_radius__hover_enabled=\"off\" button_one_border_radius__hover=\"null\" button_two_border_radius__hover_enabled=\"off\" button_two_border_radius__hover=\"null\" button_letter_spacing__hover_enabled=\"off\" button_letter_spacing__hover=\"null\" button_one_letter_spacing__hover_enabled=\"off\" button_one_letter_spacing__hover=\"null\" button_two_letter_spacing__hover_enabled=\"off\" button_two_letter_spacing__hover=\"null\" button_bg_color__hover_enabled=\"off\" button_bg_color__hover=\"null\" button_one_bg_color__hover_enabled=\"off\" button_one_bg_color__hover=\"null\" button_two_bg_color__hover_enabled=\"off\" button_two_bg_color__hover=\"null\"][et_pb_slide heading=\"Top of Europe mit 25\u202f% Swiss Travel Pass Rabatt\" use_bg_overlay=\"off\" use_text_overlay=\"off\" _builder_version=\"4.27.4\" header_font=\"||||||||\" header_text_color=\"#ffffff\" header_letter_spacing=\"0px\" header_line_height=\"1.2em\" body_text_color=\"#FFFFFF\" background_color=\"#ffffff\" background_image=\"https:\/\/www.swiss-pass.ch\/wp-content\/uploads\/2025\/05\/de-jungfrau-top-of-europe-swiss-travel-pass-discount-.jpg\" background_enable_image=\"on\" button_on_hover=\"on\" custom_padding=\"|||\" global_colors_info=\"{}\" button_text_size__hover_enabled=\"off\" button_one_text_size__hover_enabled=\"off\" button_two_text_size__hover_enabled=\"off\" button_text_color__hover_enabled=\"off\" button_one_text_color__hover_enabled=\"off\" button_two_text_color__hover_enabled=\"off\" button_border_width__hover_enabled=\"off\" button_one_border_width__hover_enabled=\"off\" button_two_border_width__hover_enabled=\"off\" button_border_color__hover_enabled=\"off\" button_one_border_color__hover_enabled=\"off\" button_two_border_color__hover_enabled=\"off\" button_border_radius__hover_enabled=\"off\" button_one_border_radius__hover_enabled=\"off\" button_two_border_radius__hover_enabled=\"off\" button_letter_spacing__hover_enabled=\"off\" button_one_letter_spacing__hover_enabled=\"off\" button_two_letter_spacing__hover_enabled=\"off\" button_bg_color__hover_enabled=\"off\" button_one_bg_color__hover_enabled=\"off\" button_two_bg_color__hover_enabled=\"off\" sticky_transition=\"on\"]<\/p>\n<p>Erlebe die Jungfraubahn zum h\u00f6chstgelegenen Bahnhof Europas. Mit dem Swiss Travel Pass profitierst du von 25\u202f% Rabatt auf die Fahrt zum Jungfraujoch \u2013 Top of Europe.<\/p>\n<p>[\/et_pb_slide][et_pb_slide heading=\"Bernina Express mit Swiss Travel Pass erleben\" use_bg_overlay=\"off\" use_text_overlay=\"off\" _builder_version=\"4.27.4\" header_font=\"||||||||\" header_text_color=\"#ffffff\" header_letter_spacing=\"0px\" header_line_height=\"1.2em\" body_text_color=\"#FFFFFF\" background_color=\"#ffffff\" background_image=\"https:\/\/www.swiss-pass.ch\/wp-content\/uploads\/2025\/05\/de-bernina-express-lago-bianco-swiss-travel-pass.jpg\" background_enable_image=\"on\" button_on_hover=\"on\" custom_padding=\"|||\" global_colors_info=\"{}\" button_text_size__hover_enabled=\"off\" button_one_text_size__hover_enabled=\"off\" button_two_text_size__hover_enabled=\"off\" button_text_color__hover_enabled=\"off\" button_one_text_color__hover_enabled=\"off\" button_two_text_color__hover_enabled=\"off\" button_border_width__hover_enabled=\"off\" button_one_border_width__hover_enabled=\"off\" button_two_border_width__hover_enabled=\"off\" button_border_color__hover_enabled=\"off\" button_one_border_color__hover_enabled=\"off\" button_two_border_color__hover_enabled=\"off\" button_border_radius__hover_enabled=\"off\" button_one_border_radius__hover_enabled=\"off\" button_two_border_radius__hover_enabled=\"off\" button_letter_spacing__hover_enabled=\"off\" button_one_letter_spacing__hover_enabled=\"off\" button_two_letter_spacing__hover_enabled=\"off\" button_bg_color__hover_enabled=\"off\" button_one_bg_color__hover_enabled=\"off\" button_two_bg_color__hover_enabled=\"off\" sticky_transition=\"on\"]<\/p>\n<p>Die Fahrt entlang des Lago Bianco z\u00e4hlt zu den spektakul\u00e4rsten Zugreisen der Schweiz. Der Bernina Express ist im Swiss Travel Pass inklusive \u2013 Reservation notwendig.<\/p>\n<p>[\/et_pb_slide][et_pb_slide heading=\"Glacier Express erleben mit dem Swiss Travel Pass\" use_bg_overlay=\"off\" use_text_overlay=\"off\" _builder_version=\"4.27.4\" header_font=\"||||||||\" header_text_color=\"#ffffff\" header_letter_spacing=\"0px\" header_line_height=\"1.2em\" body_text_color=\"#FFFFFF\" background_color=\"#ffffff\" background_image=\"https:\/\/www.swiss-pass.ch\/wp-content\/uploads\/2025\/05\/de-swiss-travel-pass-glacier-express-andermatt-1.jpg\" background_enable_image=\"on\" background_position=\"top_center\" button_on_hover=\"on\" custom_padding=\"|||\" global_colors_info=\"{}\" button_text_size__hover_enabled=\"off\" button_one_text_size__hover_enabled=\"off\" button_two_text_size__hover_enabled=\"off\" button_text_color__hover_enabled=\"off\" button_one_text_color__hover_enabled=\"off\" button_two_text_color__hover_enabled=\"off\" button_border_width__hover_enabled=\"off\" button_one_border_width__hover_enabled=\"off\" button_two_border_width__hover_enabled=\"off\" button_border_color__hover_enabled=\"off\" button_one_border_color__hover_enabled=\"off\" button_two_border_color__hover_enabled=\"off\" button_border_radius__hover_enabled=\"off\" button_one_border_radius__hover_enabled=\"off\" button_two_border_radius__hover_enabled=\"off\" button_letter_spacing__hover_enabled=\"off\" button_one_letter_spacing__hover_enabled=\"off\" button_two_letter_spacing__hover_enabled=\"off\" button_bg_color__hover_enabled=\"off\" button_one_bg_color__hover_enabled=\"off\" button_two_bg_color__hover_enabled=\"off\" sticky_transition=\"on\"]<\/p>\n<p>Von Zermatt nach St. Moritz \u00fcber Andermatt \u2013 spektakul\u00e4re Panoramafahrt mit Swiss Travel Pass inklusive (Reservation erforderlich).<\/p>\n<p>[\/et_pb_slide][\/et_pb_fullwidth_slider][\/et_pb_section][et_pb_section fb_built=\"1\" specialty=\"on\" _builder_version=\"4.16\" use_background_color_gradient=\"on\" background_color_gradient_stops=\"rgba(0,0,0,0.05) 3%|rgba(0,0,0,0) 13%\" background_color_gradient_start=\"rgba(0,0,0,0.05)\" background_color_gradient_start_position=\"3%\" background_color_gradient_end=\"rgba(0,0,0,0)\" background_color_gradient_end_position=\"13%\" custom_padding=\"50px|0px|50px|0px|true|false\" global_colors_info=\"{}\"][et_pb_column type=\"3_4\" specialty_columns=\"3\" _builder_version=\"4.16\" custom_padding=\"|||\" global_colors_info=\"{}\" custom_padding__hover=\"|||\"][et_pb_row_inner admin_label=\"Row\" _builder_version=\"4.16\" custom_padding=\"0|0px|33.1563px|0px|false|false\" global_colors_info=\"{}\"][et_pb_column_inner saved_specialty_column_type=\"3_4\" _builder_version=\"4.16\" custom_padding=\"|||\" global_colors_info=\"{}\" custom_padding__hover=\"|||\"][et_pb_text _builder_version=\"4.16\" header_font=\"|300|||||||\" header_text_color=\"#000000\" custom_margin=\"||30px|\" global_colors_info=\"{}\"]<\/p>\n<h1>Swiss Travel Pass<\/h1>\n<p>Bestellen Sie den Swiss Travel Pass f\u00fcr Ihre Bahnreise in die Schweiz. Mit dem Swiss Travel Pass von Swiss Travel System reisen Sie preisg\u00fcnstig mit Schweizer Bahnen, Bussen und Schiffen. Den genauen Geltungsbereich vom Swiss Travel Pass zeigt die \u00dcbersichtskarte von Swiss Travel System. Der Swiss Travel Pass ist ideal f\u00fcr Bahnreisen in der Schweiz und kann von allen ausserhalb der Schweiz oder des F\u00fcrstentums Liechtensteins wohnhaften Personen bezogen werden.<\/p>\n<p>[\/et_pb_text][et_pb_text module_class=\"sondertitel\" _builder_version=\"4.16\" global_colors_info=\"{}\"]<\/p>\n<h2>Jetzt Swiss Travel Pass online bestellen und das Swiss Travel System erkunden.<\/h2>\n<p>[\/et_pb_text][et_pb_code disabled_on=\"on|on|on\" admin_label=\"Addthis DE\" _builder_version=\"4.16\" disabled=\"on\" global_colors_info=\"{}\"][addthis tool=\"addthis_inline_share_toolbox\"][\/et_pb_code][et_pb_code _builder_version=\"4.27.6\" hover_enabled=\"0\" global_colors_info=\"{}\" sticky_enabled=\"0\"]<script><!-- [et_pb_line_break_holder] -->  function sendHeight() {<!-- [et_pb_line_break_holder] -->    const height = document.documentElement.scrollHeight;<!-- [et_pb_line_break_holder] -->    parent.postMessage({ type: \"setHeight\", height }, \"*\");<!-- [et_pb_line_break_holder] -->  }<!-- [et_pb_line_break_holder] -->  window.addEventListener(\"load\", sendHeight);<!-- [et_pb_line_break_holder] -->  window.addEventListener(\"resize\", sendHeight);<!-- [et_pb_line_break_holder] --><\/script><iframe loading=\"lazy\" style=\"border: none; overflow: hidden; width: 100%; height: 2000px; float:left;\" src=\"https:\/\/shop.swiss-pass.ch\/?currency=EUR#\/de\/product\/swissPass\" width=\"300\" height=\"150\" frameborder=\"0\" scrolling=\"auto\"><\/iframe>[\/et_pb_code][et_pb_code disabled_on=\"off|on|off\" admin_label=\"Promo 2025 schema\" _builder_version=\"4.27.4\" _module_preset=\"default\" global_colors_info=\"{}\"]<script type=\"application\/ld+json\"><!-- [et_pb_line_break_holder] -->{<!-- [et_pb_line_break_holder] -->  \"@context\":\"https:\/\/schema.org\",<!-- [et_pb_line_break_holder] -->  \"@graph\":[<!-- [et_pb_line_break_holder] -->    {<!-- [et_pb_line_break_holder] -->      \"@type\":\"Product\",<!-- [et_pb_line_break_holder] -->      \"@id\":\"https:\/\/www.swiss-pass.ch\/de\/swiss-travel-pass-rabatt\/#product\",<!-- [et_pb_line_break_holder] -->      \"name\":\"Swiss Travel Pass \u2013 1. Klasse Promotion 2025\",<!-- [et_pb_line_break_holder] -->      \"description\":\"Kaufe einen 4- oder 8-Tage-Pass in 1. Klasse und erhalte zus\u00e4tzliche Reisetage gratis. Nur bis 30.11.2025.\",<!-- [et_pb_line_break_holder] -->      \"brand\":{\"@type\":\"Brand\",\"name\":\"Swiss Travel Pass\"},<!-- [et_pb_line_break_holder] -->      \"category\":\"Rail Pass\",<!-- [et_pb_line_break_holder] -->      \"url\":\"https:\/\/www.swiss-pass.ch\/de\/swiss-travel-pass-rabatt\/\",<!-- [et_pb_line_break_holder] -->      \"image\":\"https:\/\/www.swiss-pass.ch\/wp-content\/uploads\/2025\/09\/swiss-travel-pass-promotion.jpg\",<!-- [et_pb_line_break_holder] -->      \"offers\":[<!-- [et_pb_line_break_holder] -->        {<!-- [et_pb_line_break_holder] -->          \"@type\":\"Offer\",<!-- [et_pb_line_break_holder] -->          \"name\":\"4 Tage (1. Klasse) + 1 gratis\",<!-- [et_pb_line_break_holder] -->          \"priceCurrency\":\"EUR\",<!-- [et_pb_line_break_holder] -->          \"price\":\"510\",<!-- [et_pb_line_break_holder] -->          \"availability\":\"https:\/\/schema.org\/InStock\",<!-- [et_pb_line_break_holder] -->          \"itemCondition\":\"https:\/\/schema.org\/NewCondition\",<!-- [et_pb_line_break_holder] -->          \"validFrom\":\"2025-09-11\",<!-- [et_pb_line_break_holder] -->          \"priceValidUntil\":\"2025-11-30\",<!-- [et_pb_line_break_holder] -->          \"url\":\"https:\/\/www.swiss-pass.ch\/de\/swiss-travel-pass\/\"<!-- [et_pb_line_break_holder] -->        },<!-- [et_pb_line_break_holder] -->        {<!-- [et_pb_line_break_holder] -->          \"@type\":\"Offer\",<!-- [et_pb_line_break_holder] -->          \"name\":\"8 Tage (1. Klasse) + 2 gratis\",<!-- [et_pb_line_break_holder] -->          \"priceCurrency\":\"EUR\",<!-- [et_pb_line_break_holder] -->          \"price\":\"723\",<!-- [et_pb_line_break_holder] -->          \"availability\":\"https:\/\/schema.org\/InStock\",<!-- [et_pb_line_break_holder] -->          \"itemCondition\":\"https:\/\/schema.org\/NewCondition\",<!-- [et_pb_line_break_holder] -->          \"validFrom\":\"2025-09-11\",<!-- [et_pb_line_break_holder] -->          \"priceValidUntil\":\"2025-11-30\",<!-- [et_pb_line_break_holder] -->          \"url\":\"https:\/\/www.swiss-pass.ch\/de\/swiss-travel-pass\/\"<!-- [et_pb_line_break_holder] -->        }<!-- [et_pb_line_break_holder] -->      ]<!-- [et_pb_line_break_holder] -->    }<!-- [et_pb_line_break_holder] -->  ]<!-- [et_pb_line_break_holder] -->}<!-- [et_pb_line_break_holder] --><\/script><!-- [et_pb_line_break_holder] -->[\/et_pb_code][\/et_pb_column_inner][\/et_pb_row_inner][\/et_pb_column][et_pb_column type=\"1_4\" _builder_version=\"4.16\" custom_padding=\"|||\" global_colors_info=\"{}\" custom_padding__hover=\"|||\"][et_pb_code disabled_on=\"on|on|on\" admin_label=\"Ads-DE-ID247\" _builder_version=\"4.19.3\" _module_preset=\"default\" positioning=\"absolute\" position_origin_a=\"top_right\" vertical_offset=\"55px\" horizontal_offset=\"-290px\" vertical_offset_tablet=\"0px\" vertical_offset_phone=\"\" vertical_offset_last_edited=\"on|tablet\" horizontal_offset_tablet=\"0px\" horizontal_offset_phone=\"0px\" horizontal_offset_last_edited=\"on|tablet\" position_origin_a_tablet=\"top_right\" position_origin_a_phone=\"top_right\" position_origin_a_last_edited=\"on|tablet\" position_origin_f_tablet=\"\" position_origin_f_phone=\"\" position_origin_f_last_edited=\"on|desktop\" position_origin_r_tablet=\"\" position_origin_r_phone=\"\" position_origin_r_last_edited=\"on|desktop\" width=\"100%\" positioning_tablet=\"relative\" positioning_phone=\"relative\" positioning_last_edited=\"on|desktop\" custom_css_main_element=\".et_pb_code_inner adinfo||display:block;||font-size: 11px;||text-align: center !important;||text-decoration: none;\" disabled=\"on\" global_module=\"31170\" saved_tabs=\"all\" global_colors_info=\"{}\"][the_ad_group id=\"247\"]<!-- [et_pb_line_break_holder] --><\/p>\n<div class=\"adinfo\">Anzeige<\/div>\n<p>[\/et_pb_code][et_pb_image src=\"https:\/\/www.swiss-pass.ch\/wp-content\/uploads\/2018\/08\/ticket-top-1.png\" align_tablet=\"center\" align_phone=\"\" align_last_edited=\"on|desktop\" disabled_on=\"on|on|off\" _builder_version=\"4.16\" custom_margin=\"||0px|\" global_colors_info=\"{}\"][\/et_pb_image][et_pb_text admin_label=\"Ticket Text DE\" module_class=\"schweizerticket\" _builder_version=\"4.27.4\" text_text_color=\"#ffffff\" header_2_text_color=\"#ffffff\" background_color=\"#8f8f8f\" max_width_tablet=\"\" max_width_phone=\"251px\" max_width_last_edited=\"on|tablet\" custom_margin=\"||0px|\" custom_padding=\"20px|20px|20px|20px|true|true\" module_alignment_tablet=\"center\" module_alignment_phone=\"center\" module_alignment_last_edited=\"on|tablet\" border_width_all=\"5px\" border_color_all=\"#555555\" global_module=\"2332\" saved_tabs=\"all\" global_colors_info=\"{}\"]<\/p>\n<div class=\"swiss-pass-box white-icons-with-bg\" lang=\"de\">\n<h2>Swiss Travel Pass (vormals Swiss Pass)<\/h2>\n<p>Deine Vorteile, wenn du in diesem Shop bestellst:<\/p>\n<div class=\"iconzeile\"><span class=\"icon\"><i class=\"fas fa-ticket-alt\"><\/i><\/span><span class=\"text\">Offizielle Verkaufsstelle<\/span><\/div>\n<div class=\"iconzeile\"><span class=\"icon\"><i class=\"fas fa-tags\"><\/i><\/span><span class=\"text\">Beste verf\u00fcgbare Preise<\/span><\/div>\n<div class=\"iconzeile\"><span class=\"icon\"><i class=\"fas fa-undo-alt\"><\/i><\/span><span class=\"text\">Stornierbar bis 1 Tag vor Reisebeginn<\/span><\/div>\n<div class=\"iconzeile\"><span class=\"icon\"><i class=\"fas fa-file-alt\"><\/i><\/span><span class=\"text\">E-Ticket & Print@Home<\/span><\/div>\n<div class=\"iconzeile\"><span class=\"icon\"><i class=\"fas fa-ban\"><\/i><\/span><span class=\"text\">Keine versteckten Geb\u00fchren<\/span><\/div>\n<div class=\"iconzeile\"><span class=\"icon\"><i class=\"fas fa-star\"><\/i><\/span><span class=\"text\">Hohe Kundenzufriedenheit<\/span><\/div>\n<div class=\"iconzeile\"><span class=\"icon\"><i class=\"fas fa-lock\"><\/i><\/span><span class=\"text\">Sichere Buchung<\/span><\/div>\n<p>Dies ist eine offizielle Website f\u00fcr den Verkauf des Swiss Travel Pass sowie anderer Schweizer Bahnp\u00e4sse innerhalb des Swiss Travel Systems.<\/p>\n<\/div>\n<p>[\/et_pb_text][et_pb_image src=\"https:\/\/www.swiss-pass.ch\/wp-content\/uploads\/2018\/08\/ticket-bottom.png\" align_tablet=\"center\" align_phone=\"\" align_last_edited=\"on|desktop\" disabled_on=\"on|on|off\" _builder_version=\"4.16\" custom_margin=\"||50px||false|false\" global_colors_info=\"{}\"][\/et_pb_image][et_pb_text module_class=\"faq-sidebar\" _builder_version=\"4.27.4\" global_colors_info=\"{}\"]<\/p>\n<h3>FAQs<\/h3>\n<p>[ultimate-faqs include_category=\"swiss-travel-pass\" post_count=5 orderby=\"popular\"]<\/p>\n<p>[\/et_pb_text][et_pb_code admin_label=\"Grand Train Tour of Switzerland\" _builder_version=\"4.27.4\" _module_preset=\"default\" global_module=\"26762\" saved_tabs=\"all\" global_colors_info=\"{}\"]<\/p>\n<h6>Grand Train Tour of Switzerland<\/h6>\n<p><!-- [et_pb_line_break_holder] --><a id=\"overlay_unique_id_2091\" href=\"#\"><img decoding=\"async\" style=\"border-radius:5px;\" src=\"https:\/\/www.swiss-pass.ch\/wp-content\/uploads\/2018\/10\/grand-tour-deckbild.jpg\" \/><\/a><!-- [et_pb_line_break_holder] -->[\/et_pb_code][\/et_pb_column][\/et_pb_section]<\/p>\n","protected":false},"excerpt":{"rendered":"<p>Erlebe die Jungfraubahn zum h\u00f6chstgelegenen Bahnhof Europas. Mit dem Swiss Travel Pass profitierst du von 25\u202f% Rabatt auf die Fahrt zum Jungfraujoch \u2013 Top of Europe.Die Fahrt entlang des Lago Bianco z\u00e4hlt zu den spektakul\u00e4rsten Zugreisen der Schweiz. Der Bernina Express ist im Swiss Travel Pass inklusive \u2013 Reservation notwendig.Von Zermatt nach St. Moritz \u00fcber [&hellip;]<\/p>\n","protected":false},"author":2,"featured_media":0,"parent":0,"menu_order":25,"comment_status":"closed","ping_status":"closed","template":"","meta":{"_et_pb_use_builder":"on","_et_pb_old_content":"<h2>\u00a0<\/h2><div class=\"addthis_native_toolbox\">\u00a0<\/div><div class=\"block-mitte\"><p><iframe style=\"border: none; overflow: hidden; width: 800px; height: 750px; float: left;\" src=\"https:\/\/www.swissrailways.com\/en\/products\/swisspass?affiliateid=223\" width=\"300\" height=\"150\" frameborder=\"0\" scrolling=\"auto\"><\/iframe><\/p><div class=\"addthis_horizontal_follow_toolbox\"><h3>Follow us<\/h3><\/div><div class=\"addthis_sharing_toolbox\"><h3>Share us<\/h3><\/div><\/div>","_et_gb_content_width":"","_glsr_average":0,"_glsr_ranking":0,"_glsr_reviews":0,"footnotes":""},"class_list":["post-38","page","type-page","status-publish","hentry"],"_links":{"self":[{"href":"https:\/\/www.swiss-pass.ch\/de\/wp-json\/wp\/v2\/pages\/38","targetHints":{"allow":["GET"]}}],"collection":[{"href":"https:\/\/www.swiss-pass.ch\/de\/wp-json\/wp\/v2\/pages"}],"about":[{"href":"https:\/\/www.swiss-pass.ch\/de\/wp-json\/wp\/v2\/types\/page"}],"author":[{"embeddable":true,"href":"https:\/\/www.swiss-pass.ch\/de\/wp-json\/wp\/v2\/users\/2"}],"replies":[{"embeddable":true,"href":"https:\/\/www.swiss-pass.ch\/de\/wp-json\/wp\/v2\/comments?post=38"}],"version-history":[{"count":51,"href":"https:\/\/www.swiss-pass.ch\/de\/wp-json\/wp\/v2\/pages\/38\/revisions"}],"predecessor-version":[{"id":44612,"href":"https:\/\/www.swiss-pass.ch\/de\/wp-json\/wp\/v2\/pages\/38\/revisions\/44612"}],"wp:attachment":[{"href":"https:\/\/www.swiss-pass.ch\/de\/wp-json\/wp\/v2\/media?parent=38"}],"curies":[{"name":"wp","href":"https:\/\/api.w.org\/{rel}","templated":true}]}}