{"id":275,"date":"2025-04-11T13:42:02","date_gmt":"2025-04-11T13:42:02","guid":{"rendered":"http:\/\/194.126.200.57\/~qmarketi\/swiss-pass-ch\/?page_id=275"},"modified":"2025-05-02T14:14:38","modified_gmt":"2025-05-02T14:14:38","slug":"ferienwohnungen-schweiz-buchen","status":"publish","type":"page","link":"https:\/\/www.swiss-pass.ch\/de\/ferienwohnungen-schweiz-buchen\/","title":{"rendered":"Ferienwohnungen in der Schweiz buchen"},"content":{"rendered":"<p>[et_pb_section fb_built=\"1\" fullwidth=\"on\" _builder_version=\"4.16\" bottom_divider_color=\"#ffffff\" bottom_divider_height=\"96px\" bottom_divider_flip=\"vertical\" border_width_bottom=\"5px\" border_color_bottom=\"#e02b20\" global_colors_info=\"{}\"][et_pb_fullwidth_slider admin_label=\"DE-Slider-Top\" module_class=\"kopfslider\" _builder_version=\"4.27.4\" header_font=\"||||||||\" header_text_color=\"#ffffff\" custom_margin=\"|||\" custom_padding=\"|||\" global_module=\"26277\" saved_tabs=\"all\" global_colors_info=\"{}\" button_text_size__hover_enabled=\"off\" button_text_size__hover=\"null\" button_one_text_size__hover_enabled=\"off\" button_one_text_size__hover=\"null\" button_two_text_size__hover_enabled=\"off\" button_two_text_size__hover=\"null\" button_text_color__hover_enabled=\"off\" button_text_color__hover=\"null\" button_one_text_color__hover_enabled=\"off\" button_one_text_color__hover=\"null\" button_two_text_color__hover_enabled=\"off\" button_two_text_color__hover=\"null\" button_border_width__hover_enabled=\"off\" button_border_width__hover=\"null\" button_one_border_width__hover_enabled=\"off\" button_one_border_width__hover=\"null\" button_two_border_width__hover_enabled=\"off\" button_two_border_width__hover=\"null\" button_border_color__hover_enabled=\"off\" button_border_color__hover=\"null\" button_one_border_color__hover_enabled=\"off\" button_one_border_color__hover=\"null\" button_two_border_color__hover_enabled=\"off\" button_two_border_color__hover=\"null\" button_border_radius__hover_enabled=\"off\" button_border_radius__hover=\"null\" button_one_border_radius__hover_enabled=\"off\" button_one_border_radius__hover=\"null\" button_two_border_radius__hover_enabled=\"off\" button_two_border_radius__hover=\"null\" button_letter_spacing__hover_enabled=\"off\" button_letter_spacing__hover=\"null\" button_one_letter_spacing__hover_enabled=\"off\" button_one_letter_spacing__hover=\"null\" button_two_letter_spacing__hover_enabled=\"off\" button_two_letter_spacing__hover=\"null\" button_bg_color__hover_enabled=\"off\" button_bg_color__hover=\"null\" button_one_bg_color__hover_enabled=\"off\" button_one_bg_color__hover=\"null\" button_two_bg_color__hover_enabled=\"off\" button_two_bg_color__hover=\"null\"][et_pb_slide heading=\"Top of Europe mit 25\u202f% Swiss Travel Pass Rabatt\" use_bg_overlay=\"off\" use_text_overlay=\"off\" _builder_version=\"4.27.4\" header_font=\"||||||||\" header_text_color=\"#ffffff\" header_letter_spacing=\"0px\" header_line_height=\"1.2em\" body_text_color=\"#FFFFFF\" background_color=\"#ffffff\" background_image=\"https:\/\/www.swiss-pass.ch\/wp-content\/uploads\/2025\/05\/de-jungfrau-top-of-europe-swiss-travel-pass-discount-.jpg\" background_enable_image=\"on\" button_on_hover=\"on\" custom_padding=\"|||\" global_colors_info=\"{}\" button_text_size__hover_enabled=\"off\" button_one_text_size__hover_enabled=\"off\" button_two_text_size__hover_enabled=\"off\" button_text_color__hover_enabled=\"off\" button_one_text_color__hover_enabled=\"off\" button_two_text_color__hover_enabled=\"off\" button_border_width__hover_enabled=\"off\" button_one_border_width__hover_enabled=\"off\" button_two_border_width__hover_enabled=\"off\" button_border_color__hover_enabled=\"off\" button_one_border_color__hover_enabled=\"off\" button_two_border_color__hover_enabled=\"off\" button_border_radius__hover_enabled=\"off\" button_one_border_radius__hover_enabled=\"off\" button_two_border_radius__hover_enabled=\"off\" button_letter_spacing__hover_enabled=\"off\" button_one_letter_spacing__hover_enabled=\"off\" button_two_letter_spacing__hover_enabled=\"off\" button_bg_color__hover_enabled=\"off\" button_one_bg_color__hover_enabled=\"off\" button_two_bg_color__hover_enabled=\"off\" sticky_transition=\"on\"]Erlebe die Jungfraubahn zum h\u00f6chstgelegenen Bahnhof Europas. Mit dem Swiss Travel Pass profitierst du von 25\u202f% Rabatt auf die Fahrt zum Jungfraujoch \u2013 Top of Europe.[\/et_pb_slide][et_pb_slide heading=\"Bernina Express mit Swiss Travel Pass erleben\" use_bg_overlay=\"off\" use_text_overlay=\"off\" _builder_version=\"4.27.4\" header_font=\"||||||||\" header_text_color=\"#ffffff\" header_letter_spacing=\"0px\" header_line_height=\"1.2em\" body_text_color=\"#FFFFFF\" background_color=\"#ffffff\" background_image=\"https:\/\/www.swiss-pass.ch\/wp-content\/uploads\/2025\/05\/de-bernina-express-lago-bianco-swiss-travel-pass.jpg\" background_enable_image=\"on\" button_on_hover=\"on\" custom_padding=\"|||\" global_colors_info=\"{}\" button_text_size__hover_enabled=\"off\" button_one_text_size__hover_enabled=\"off\" button_two_text_size__hover_enabled=\"off\" button_text_color__hover_enabled=\"off\" button_one_text_color__hover_enabled=\"off\" button_two_text_color__hover_enabled=\"off\" button_border_width__hover_enabled=\"off\" button_one_border_width__hover_enabled=\"off\" button_two_border_width__hover_enabled=\"off\" button_border_color__hover_enabled=\"off\" button_one_border_color__hover_enabled=\"off\" button_two_border_color__hover_enabled=\"off\" button_border_radius__hover_enabled=\"off\" button_one_border_radius__hover_enabled=\"off\" button_two_border_radius__hover_enabled=\"off\" button_letter_spacing__hover_enabled=\"off\" button_one_letter_spacing__hover_enabled=\"off\" button_two_letter_spacing__hover_enabled=\"off\" button_bg_color__hover_enabled=\"off\" button_one_bg_color__hover_enabled=\"off\" button_two_bg_color__hover_enabled=\"off\" sticky_transition=\"on\"]<\/p>\n<p>Die Fahrt entlang des Lago Bianco z\u00e4hlt zu den spektakul\u00e4rsten Zugreisen der Schweiz. Der Bernina Express ist im Swiss Travel Pass inklusive \u2013 Reservation notwendig.<\/p>\n<p>[\/et_pb_slide][et_pb_slide heading=\"Glacier Express erleben mit dem Swiss Travel Pass\" use_bg_overlay=\"off\" use_text_overlay=\"off\" _builder_version=\"4.27.4\" header_font=\"||||||||\" header_text_color=\"#ffffff\" header_letter_spacing=\"0px\" header_line_height=\"1.2em\" body_text_color=\"#FFFFFF\" background_color=\"#ffffff\" background_image=\"https:\/\/www.swiss-pass.ch\/wp-content\/uploads\/2025\/05\/de-swiss-travel-pass-glacier-express-andermatt-1.jpg\" background_enable_image=\"on\" background_position=\"top_center\" button_on_hover=\"on\" custom_padding=\"|||\" global_colors_info=\"{}\" button_text_size__hover_enabled=\"off\" button_one_text_size__hover_enabled=\"off\" button_two_text_size__hover_enabled=\"off\" button_text_color__hover_enabled=\"off\" button_one_text_color__hover_enabled=\"off\" button_two_text_color__hover_enabled=\"off\" button_border_width__hover_enabled=\"off\" button_one_border_width__hover_enabled=\"off\" button_two_border_width__hover_enabled=\"off\" button_border_color__hover_enabled=\"off\" button_one_border_color__hover_enabled=\"off\" button_two_border_color__hover_enabled=\"off\" button_border_radius__hover_enabled=\"off\" button_one_border_radius__hover_enabled=\"off\" button_two_border_radius__hover_enabled=\"off\" button_letter_spacing__hover_enabled=\"off\" button_one_letter_spacing__hover_enabled=\"off\" button_two_letter_spacing__hover_enabled=\"off\" button_bg_color__hover_enabled=\"off\" button_one_bg_color__hover_enabled=\"off\" button_two_bg_color__hover_enabled=\"off\" sticky_transition=\"on\"]Von Zermatt nach St. Moritz \u00fcber Andermatt \u2013 spektakul\u00e4re Panoramafahrt mit Swiss Travel Pass inklusive (Reservation erforderlich).[\/et_pb_slide][\/et_pb_fullwidth_slider][\/et_pb_section][et_pb_section fb_built=\"1\" specialty=\"on\" _builder_version=\"4.16\" custom_padding=\"50px|0px|50px|0px|true|false\" global_colors_info=\"{}\"][et_pb_column type=\"3_4\" specialty_columns=\"3\" _builder_version=\"4.16\" custom_padding=\"|||\" global_colors_info=\"{}\" parallax__hover=\"off\" parallax_method__hover=\"on\" custom_padding__hover=\"|||\"][et_pb_row_inner admin_label=\"Row\" _builder_version=\"4.16\" custom_padding=\"0|0px|33.1563px|0px|false|false\" global_colors_info=\"{}\"][et_pb_column_inner saved_specialty_column_type=\"3_4\" _builder_version=\"4.16\" custom_padding=\"|||\" global_colors_info=\"{}\" parallax__hover=\"off\" parallax_method__hover=\"on\" custom_padding__hover=\"|||\"][et_pb_text _builder_version=\"4.27.4\" header_font=\"|300|||||||\" header_text_color=\"#000000\" custom_margin=\"||30px|\" hover_enabled=\"0\" global_colors_info=\"{}\" sticky_enabled=\"0\"]<\/p>\n<h1>Ferienwohnungen in der Schweiz \u2013 Jetzt entdecken &amp; mieten<\/h1>\n<p><strong>Sie planen Ferien in der Schweiz und suchen eine flexible Unterkunft?<\/strong> Ob ein gem\u00fctliches Chalet in den Alpen, eine moderne Ferienwohnung am See oder ein familienfreundliches Ferienhaus im Gr\u00fcnen \u2013 mit unserem Partner <strong>Interhome<\/strong> finden Sie die passende Unterkunft f\u00fcr unvergessliche Tage in der Schweiz.<\/p>\n<p>W\u00e4hlen Sie aus einer grossen Auswahl an gepr\u00fcften Ferienwohnungen und Ferienh\u00e4usern in allen Regionen der Schweiz. Ideal f\u00fcr Familien, Paare oder Gruppen \u2013 mit klaren Preisen, echten Bewertungen und sicherer Online-Buchung. So starten Sie entspannt in Ihre Auszeit.<\/p>\n<p>[\/et_pb_text][et_pb_code _builder_version=\"4.21.2\" global_colors_info=\"{}\"]<iframe loading=\"lazy\" id=\"interhome_frame\" width=\"100%\" height=\"1000px\" src=\"https:\/\/www.interhome.de\/Forward.aspx?iniframe=1&navigationid=4&cCode=CH&color1=E02B20&color2=5E5E5E&color3=FFFFFF&partnerid=CH1002399\" frameborder=\"0\"><\/iframe><!-- [et_pb_line_break_holder] --><script type=\"text\/javascript\"><!-- [et_pb_line_break_holder] -->  if (window.sc_receivePostMsg !== undefined) {<!-- [et_pb_line_break_holder] -->    window.removeEventListener(\"message\",window.sc_receivePostMsg); <!-- [et_pb_line_break_holder] -->  }<!-- [et_pb_line_break_holder] -->  window.sc_receivePostMsg=function (event) { <!-- [et_pb_line_break_holder] -->     if(event.data.split) {<!-- [et_pb_line_break_holder] -->          var arr = event.data.split(';'), <!-- [et_pb_line_break_holder] -->          init = parseInt(arr[1]); <!-- [et_pb_line_break_holder] -->          var height = parseInt(arr[0]); <!-- [et_pb_line_break_holder] -->          if (height) { <!-- [et_pb_line_break_holder] -->              document.getElementById('interhome_frame').height = height; <!-- [et_pb_line_break_holder] -->          }<!-- [et_pb_line_break_holder] -->      }<!-- [et_pb_line_break_holder] -->          if (init) <!-- [et_pb_line_break_holder] -->              window.scrollTo(0, 0); <!-- [et_pb_line_break_holder] -->  }<!-- [et_pb_line_break_holder] -->  if (window.addEventListener) {<!-- [et_pb_line_break_holder] -->    window.addEventListener(\"message\", window.sc_receivePostMsg, false); <!-- [et_pb_line_break_holder] -->  }<\/script>[\/et_pb_code][\/et_pb_column_inner][\/et_pb_row_inner][\/et_pb_column][et_pb_column type=\"1_4\" _builder_version=\"4.16\" custom_padding=\"|||\" global_colors_info=\"{}\" parallax__hover=\"off\" parallax_method__hover=\"on\" custom_padding__hover=\"|||\"][et_pb_code disabled_on=\"on|on|on\" admin_label=\"Ads-DE-ID247\" _builder_version=\"4.19.3\" _module_preset=\"default\" positioning=\"absolute\" position_origin_a=\"top_right\" vertical_offset=\"55px\" horizontal_offset=\"-290px\" vertical_offset_tablet=\"0px\" vertical_offset_phone=\"\" vertical_offset_last_edited=\"on|tablet\" horizontal_offset_tablet=\"0px\" horizontal_offset_phone=\"0px\" horizontal_offset_last_edited=\"on|tablet\" position_origin_a_tablet=\"top_right\" position_origin_a_phone=\"top_right\" position_origin_a_last_edited=\"on|tablet\" position_origin_f_tablet=\"\" position_origin_f_phone=\"\" position_origin_f_last_edited=\"on|desktop\" position_origin_r_tablet=\"\" position_origin_r_phone=\"\" position_origin_r_last_edited=\"on|desktop\" width=\"100%\" positioning_tablet=\"relative\" positioning_phone=\"relative\" positioning_last_edited=\"on|desktop\" custom_css_main_element=\".et_pb_code_inner adinfo||display:block;||font-size: 11px;||text-align: center !important;||text-decoration: none;\" global_module=\"31170\" saved_tabs=\"all\" global_colors_info=\"{}\"][the_ad_group id=\"247\"]<!-- [et_pb_line_break_holder] --><\/p>\n<div class=\"adinfo\">Anzeige<\/div>\n<p>[\/et_pb_code][et_pb_image src=\"https:\/\/www.swiss-pass.ch\/wp-content\/uploads\/2023\/08\/fewobox-oben.png.webp\" title_text=\"fewobox-oben.png\" align_tablet=\"center\" align_phone=\"\" align_last_edited=\"on|desktop\" disabled_on=\"on|on|off\" _builder_version=\"4.21.2\" custom_margin=\"||0px\" global_colors_info=\"{}\"][\/et_pb_image][et_pb_text module_class=\"schweizerticket\" _builder_version=\"4.21.2\" background_color=\"#e2e2e2\" custom_margin=\"||0px\" custom_padding=\"20px|20px|0px|20px||true\" border_width_top=\"1px\" border_color_top=\"rgba(85,85,85,0.32)\" border_width_bottom=\"1px\" border_color_bottom=\"rgba(85,85,85,0.32)\" global_colors_info=\"{}\"]<\/p>\n<h2>Interhome<\/h2>\n<p>Buchen Sie Ihr Ferienhaus in der Schweiz \u00fcber unseren Partner Interhome und profitieren Sie von zahlreichen Vorteilen:<\/p>\n<ul>\n<li>Serviceb\u00fcros vor Ort und 24\/7-Hotline<\/li>\n<li>Gepr\u00fcfte Unterk\u00fcnfte<\/li>\n<li>Seit 1965 Europas f\u00fchrender Anbieter von Qualit\u00e4tsferienh\u00e4usern weltweit<\/li>\n<li>Einfaches Buchen und Bezahlen<\/li>\n<li>Bestpreisgarantie<\/li>\n<li>Hohe Kundenzufriedenheit<\/li>\n<\/ul>\n<p>&nbsp;[\/et_pb_text][et_pb_image src=\"https:\/\/www.swiss-pass.ch\/wp-content\/uploads\/2018\/10\/best-prize-garantie.jpg\" align_tablet=\"center\" align_phone=\"\" align_last_edited=\"on|desktop\" _builder_version=\"4.16\" border_width_bottom=\"5px\" border_color_bottom=\"#e22c21\" global_colors_info=\"{}\"][\/et_pb_image][et_pb_code admin_label=\"Code lets encrypt\" _builder_version=\"4.16\" custom_margin_tablet=\"30px||\" custom_margin_phone=\"\" custom_margin_last_edited=\"on|tablet\" global_colors_info=\"{}\"]<a href=\"https:\/\/letsencrypt.status.io\/\" rel=\"nofollow noopener\" style=\"background-color:#4c4949; width:100%; border-radius: 3px; display:inline-block; text-align:center\" target=\"_blank\"><img loading=\"lazy\" decoding=\"async\" class=\"alignnone size-full wp-image-2020\" style=\"margin-top: 10px;\" src=\"https:\/\/www.swiss-pass.ch\/wp-content\/uploads\/2018\/10\/lets-encrypt-logo.gif\" alt=\"\" width=\"96\" height=\"101\" \/><\/a>[\/et_pb_code][\/et_pb_column][\/et_pb_section]<\/p>\n","protected":false},"excerpt":{"rendered":"<p>Erlebe die Jungfraubahn zum h\u00f6chstgelegenen Bahnhof Europas. Mit dem Swiss Travel Pass profitierst du von 25\u202f% Rabatt auf die Fahrt zum Jungfraujoch \u2013 Top of Europe.Die Fahrt entlang des Lago Bianco z\u00e4hlt zu den spektakul\u00e4rsten Zugreisen der Schweiz. Der Bernina Express ist im Swiss Travel Pass inklusive \u2013 Reservation notwendig.Von Zermatt nach St. Moritz \u00fcber [&hellip;]<\/p>\n","protected":false},"author":1,"featured_media":0,"parent":0,"menu_order":10,"comment_status":"closed","ping_status":"closed","template":"","meta":{"_et_pb_use_builder":"on","_et_pb_old_content":"<p><iframe style=\"border: none; overflow: hidden; width: 100%; height: 2000px; float: left;\" src=\"https:\/\/www.interhome.ch\/en\/switzerland\/?partnerid=CH1000519&iniframe=1\" width=\"100%\" height=\"150\" frameborder=\"0\" scrolling=\"auto\"><\/iframe><\/p>","_et_gb_content_width":"","_glsr_average":0,"_glsr_ranking":0,"_glsr_reviews":0,"footnotes":""},"class_list":["post-275","page","type-page","status-publish","hentry"],"_links":{"self":[{"href":"https:\/\/www.swiss-pass.ch\/de\/wp-json\/wp\/v2\/pages\/275","targetHints":{"allow":["GET"]}}],"collection":[{"href":"https:\/\/www.swiss-pass.ch\/de\/wp-json\/wp\/v2\/pages"}],"about":[{"href":"https:\/\/www.swiss-pass.ch\/de\/wp-json\/wp\/v2\/types\/page"}],"author":[{"embeddable":true,"href":"https:\/\/www.swiss-pass.ch\/de\/wp-json\/wp\/v2\/users\/1"}],"replies":[{"embeddable":true,"href":"https:\/\/www.swiss-pass.ch\/de\/wp-json\/wp\/v2\/comments?post=275"}],"version-history":[{"count":16,"href":"https:\/\/www.swiss-pass.ch\/de\/wp-json\/wp\/v2\/pages\/275\/revisions"}],"predecessor-version":[{"id":34432,"href":"https:\/\/www.swiss-pass.ch\/de\/wp-json\/wp\/v2\/pages\/275\/revisions\/34432"}],"wp:attachment":[{"href":"https:\/\/www.swiss-pass.ch\/de\/wp-json\/wp\/v2\/media?parent=275"}],"curies":[{"name":"wp","href":"https:\/\/api.w.org\/{rel}","templated":true}]}}