{"id":108,"date":"2025-04-11T13:42:02","date_gmt":"2025-04-11T13:42:02","guid":{"rendered":"http:\/\/194.126.200.57\/~qmarketi\/swiss-pass-ch\/?page_id=108"},"modified":"2026-03-31T11:43:28","modified_gmt":"2026-03-31T11:43:28","slug":"swiss-flexi-pass","status":"publish","type":"page","link":"https:\/\/www.swiss-pass.ch\/de\/swiss-flexi-pass\/","title":{"rendered":"Swiss Travel Pass Flex"},"content":{"rendered":"<p>[et_pb_section fb_built=\"1\" fullwidth=\"on\" _builder_version=\"4.16\" bottom_divider_color=\"#ffffff\" bottom_divider_height=\"96px\" bottom_divider_flip=\"vertical\" border_width_bottom=\"5px\" border_color_bottom=\"#e02b20\" global_colors_info=\"{}\"][et_pb_fullwidth_slider admin_label=\"DE-Slider-Top\" module_class=\"kopfslider\" _builder_version=\"4.27.4\" header_font=\"||||||||\" header_text_color=\"#ffffff\" custom_margin=\"|||\" custom_padding=\"|||\" global_module=\"26277\" saved_tabs=\"all\" global_colors_info=\"{}\" button_text_size__hover_enabled=\"off\" button_text_size__hover=\"null\" button_one_text_size__hover_enabled=\"off\" button_one_text_size__hover=\"null\" button_two_text_size__hover_enabled=\"off\" button_two_text_size__hover=\"null\" button_text_color__hover_enabled=\"off\" button_text_color__hover=\"null\" button_one_text_color__hover_enabled=\"off\" button_one_text_color__hover=\"null\" button_two_text_color__hover_enabled=\"off\" button_two_text_color__hover=\"null\" button_border_width__hover_enabled=\"off\" button_border_width__hover=\"null\" button_one_border_width__hover_enabled=\"off\" button_one_border_width__hover=\"null\" button_two_border_width__hover_enabled=\"off\" button_two_border_width__hover=\"null\" button_border_color__hover_enabled=\"off\" button_border_color__hover=\"null\" button_one_border_color__hover_enabled=\"off\" button_one_border_color__hover=\"null\" button_two_border_color__hover_enabled=\"off\" button_two_border_color__hover=\"null\" button_border_radius__hover_enabled=\"off\" button_border_radius__hover=\"null\" button_one_border_radius__hover_enabled=\"off\" button_one_border_radius__hover=\"null\" button_two_border_radius__hover_enabled=\"off\" button_two_border_radius__hover=\"null\" button_letter_spacing__hover_enabled=\"off\" button_letter_spacing__hover=\"null\" button_one_letter_spacing__hover_enabled=\"off\" button_one_letter_spacing__hover=\"null\" button_two_letter_spacing__hover_enabled=\"off\" button_two_letter_spacing__hover=\"null\" button_bg_color__hover_enabled=\"off\" button_bg_color__hover=\"null\" button_one_bg_color__hover_enabled=\"off\" button_one_bg_color__hover=\"null\" button_two_bg_color__hover_enabled=\"off\" button_two_bg_color__hover=\"null\"][et_pb_slide heading=\"Top of Europe mit 25\u202f% Swiss Travel Pass Rabatt\" use_bg_overlay=\"off\" use_text_overlay=\"off\" _builder_version=\"4.27.4\" header_font=\"||||||||\" header_text_color=\"#ffffff\" header_letter_spacing=\"0px\" header_line_height=\"1.2em\" body_text_color=\"#FFFFFF\" background_color=\"#ffffff\" background_image=\"https:\/\/www.swiss-pass.ch\/wp-content\/uploads\/2025\/05\/de-jungfrau-top-of-europe-swiss-travel-pass-discount-.jpg\" background_enable_image=\"on\" button_on_hover=\"on\" custom_padding=\"|||\" global_colors_info=\"{}\" button_text_size__hover_enabled=\"off\" button_one_text_size__hover_enabled=\"off\" button_two_text_size__hover_enabled=\"off\" button_text_color__hover_enabled=\"off\" button_one_text_color__hover_enabled=\"off\" button_two_text_color__hover_enabled=\"off\" button_border_width__hover_enabled=\"off\" button_one_border_width__hover_enabled=\"off\" button_two_border_width__hover_enabled=\"off\" button_border_color__hover_enabled=\"off\" button_one_border_color__hover_enabled=\"off\" button_two_border_color__hover_enabled=\"off\" button_border_radius__hover_enabled=\"off\" button_one_border_radius__hover_enabled=\"off\" button_two_border_radius__hover_enabled=\"off\" button_letter_spacing__hover_enabled=\"off\" button_one_letter_spacing__hover_enabled=\"off\" button_two_letter_spacing__hover_enabled=\"off\" button_bg_color__hover_enabled=\"off\" button_one_bg_color__hover_enabled=\"off\" button_two_bg_color__hover_enabled=\"off\" sticky_transition=\"on\"]<\/p>\n<p>Erlebe die Jungfraubahn zum h\u00f6chstgelegenen Bahnhof Europas. Mit dem Swiss Travel Pass profitierst du von 25\u202f% Rabatt auf die Fahrt zum Jungfraujoch \u2013 Top of Europe.<\/p>\n<p>[\/et_pb_slide][et_pb_slide heading=\"Bernina Express mit Swiss Travel Pass erleben\" use_bg_overlay=\"off\" use_text_overlay=\"off\" _builder_version=\"4.27.4\" header_font=\"||||||||\" header_text_color=\"#ffffff\" header_letter_spacing=\"0px\" header_line_height=\"1.2em\" body_text_color=\"#FFFFFF\" background_color=\"#ffffff\" background_image=\"https:\/\/www.swiss-pass.ch\/wp-content\/uploads\/2025\/05\/de-bernina-express-lago-bianco-swiss-travel-pass.jpg\" background_enable_image=\"on\" button_on_hover=\"on\" custom_padding=\"|||\" global_colors_info=\"{}\" button_text_size__hover_enabled=\"off\" button_one_text_size__hover_enabled=\"off\" button_two_text_size__hover_enabled=\"off\" button_text_color__hover_enabled=\"off\" button_one_text_color__hover_enabled=\"off\" button_two_text_color__hover_enabled=\"off\" button_border_width__hover_enabled=\"off\" button_one_border_width__hover_enabled=\"off\" button_two_border_width__hover_enabled=\"off\" button_border_color__hover_enabled=\"off\" button_one_border_color__hover_enabled=\"off\" button_two_border_color__hover_enabled=\"off\" button_border_radius__hover_enabled=\"off\" button_one_border_radius__hover_enabled=\"off\" button_two_border_radius__hover_enabled=\"off\" button_letter_spacing__hover_enabled=\"off\" button_one_letter_spacing__hover_enabled=\"off\" button_two_letter_spacing__hover_enabled=\"off\" button_bg_color__hover_enabled=\"off\" button_one_bg_color__hover_enabled=\"off\" button_two_bg_color__hover_enabled=\"off\" sticky_transition=\"on\"]<\/p>\n<p>Die Fahrt entlang des Lago Bianco z\u00e4hlt zu den spektakul\u00e4rsten Zugreisen der Schweiz. Der Bernina Express ist im Swiss Travel Pass inklusive \u2013 Reservation notwendig.<\/p>\n<p>[\/et_pb_slide][et_pb_slide heading=\"Glacier Express erleben mit dem Swiss Travel Pass\" use_bg_overlay=\"off\" use_text_overlay=\"off\" _builder_version=\"4.27.4\" header_font=\"||||||||\" header_text_color=\"#ffffff\" header_letter_spacing=\"0px\" header_line_height=\"1.2em\" body_text_color=\"#FFFFFF\" background_color=\"#ffffff\" background_image=\"https:\/\/www.swiss-pass.ch\/wp-content\/uploads\/2025\/05\/de-swiss-travel-pass-glacier-express-andermatt-1.jpg\" background_enable_image=\"on\" background_position=\"top_center\" button_on_hover=\"on\" custom_padding=\"|||\" global_colors_info=\"{}\" button_text_size__hover_enabled=\"off\" button_one_text_size__hover_enabled=\"off\" button_two_text_size__hover_enabled=\"off\" button_text_color__hover_enabled=\"off\" button_one_text_color__hover_enabled=\"off\" button_two_text_color__hover_enabled=\"off\" button_border_width__hover_enabled=\"off\" button_one_border_width__hover_enabled=\"off\" button_two_border_width__hover_enabled=\"off\" button_border_color__hover_enabled=\"off\" button_one_border_color__hover_enabled=\"off\" button_two_border_color__hover_enabled=\"off\" button_border_radius__hover_enabled=\"off\" button_one_border_radius__hover_enabled=\"off\" button_two_border_radius__hover_enabled=\"off\" button_letter_spacing__hover_enabled=\"off\" button_one_letter_spacing__hover_enabled=\"off\" button_two_letter_spacing__hover_enabled=\"off\" button_bg_color__hover_enabled=\"off\" button_one_bg_color__hover_enabled=\"off\" button_two_bg_color__hover_enabled=\"off\" sticky_transition=\"on\"]<\/p>\n<p>Von Zermatt nach St. Moritz \u00fcber Andermatt \u2013 spektakul\u00e4re Panoramafahrt mit Swiss Travel Pass inklusive (Reservation erforderlich).<\/p>\n<p>[\/et_pb_slide][\/et_pb_fullwidth_slider][\/et_pb_section][et_pb_section fb_built=\"1\" specialty=\"on\" _builder_version=\"4.16\" use_background_color_gradient=\"on\" background_color_gradient_stops=\"rgba(0,0,0,0.05) 3%|rgba(0,0,0,0) 13%\" background_color_gradient_start=\"rgba(0,0,0,0.05)\" background_color_gradient_start_position=\"3%\" background_color_gradient_end=\"rgba(0,0,0,0)\" background_color_gradient_end_position=\"13%\" custom_padding=\"50px|0px|50px|0px|true|false\" global_colors_info=\"{}\"][et_pb_column type=\"3_4\" specialty_columns=\"3\" _builder_version=\"4.16\" custom_padding=\"|||\" global_colors_info=\"{}\" custom_padding__hover=\"|||\"][et_pb_row_inner admin_label=\"Row\" _builder_version=\"4.16\" custom_padding=\"0|0px|33.1563px|0px|false|false\" global_colors_info=\"{}\"][et_pb_column_inner saved_specialty_column_type=\"3_4\" _builder_version=\"4.16\" custom_padding=\"|||\" global_colors_info=\"{}\" custom_padding__hover=\"|||\"][et_pb_text _builder_version=\"4.16\" header_font=\"|300|||||||\" header_text_color=\"#000000\" custom_margin=\"||30px|\" global_colors_info=\"{}\"]<\/p>\n<h1>Swiss Travel Pass Flex<\/h1>\n<p>Bestellen Sie den Swiss Travel Pass Flex f\u00fcr preisg\u00fcnstige Bahnreisen in der Schweiz. Mit dem Swiss Travel Pass Flex von Swiss Travel System reisen Sie flexibel mit Schweizer Bahnen, Bussen und Schiffen. Den genauen Geltungsbereich vom Swiss Travel Pass Flex zeigt die \u00dcbersichtskarte von Swiss Travel System. Der Swiss Travel Pass Flex ist ideal f\u00fcr Bahnreisen in der Schweiz und kann von allen ausserhalb der Schweiz oder des F\u00fcrstentums Liechtensteins wohnhaften Personen bezogen werden.<\/p>\n<p>[\/et_pb_text][et_pb_text module_class=\"sondertitel\" _builder_version=\"4.16\" global_colors_info=\"{}\"]<\/p>\n<h2>Swiss Travel Pass Flex jetzt online bestellen und Swiss Travel System erkunden.<\/h2>\n<p>[\/et_pb_text][et_pb_code _builder_version=\"4.27.6\" hover_enabled=\"0\" global_colors_info=\"{}\" sticky_enabled=\"0\"]<script><!-- [et_pb_line_break_holder] -->  function sendHeight() {<!-- [et_pb_line_break_holder] -->    const height = document.documentElement.scrollHeight;<!-- [et_pb_line_break_holder] -->    parent.postMessage({ type: \"setHeight\", height }, \"*\");<!-- [et_pb_line_break_holder] -->  }<!-- [et_pb_line_break_holder] -->  window.addEventListener(\"load\", sendHeight);<!-- [et_pb_line_break_holder] -->  window.addEventListener(\"resize\", sendHeight);<!-- [et_pb_line_break_holder] --><\/script><iframe loading=\"lazy\" style=\"border: none; overflow: hidden; width: 100%; height: 2000px; float:left;\" src=\"https:\/\/shop.swiss-pass.ch\/?currency=EUR#\/de\/product\/swissFlexiPass\" width=\"300\" height=\"150\" frameborder=\"0\" scrolling=\"auto\"><\/iframe>[\/et_pb_code][\/et_pb_column_inner][\/et_pb_row_inner][\/et_pb_column][et_pb_column type=\"1_4\" _builder_version=\"4.16\" custom_padding=\"|||\" global_colors_info=\"{}\" custom_padding__hover=\"|||\"][et_pb_code disabled_on=\"on|on|on\" admin_label=\"Ads-DE-ID247\" _builder_version=\"4.19.3\" _module_preset=\"default\" positioning=\"absolute\" position_origin_a=\"top_right\" vertical_offset=\"55px\" horizontal_offset=\"-290px\" vertical_offset_tablet=\"0px\" vertical_offset_phone=\"\" vertical_offset_last_edited=\"on|tablet\" horizontal_offset_tablet=\"0px\" horizontal_offset_phone=\"0px\" horizontal_offset_last_edited=\"on|tablet\" position_origin_a_tablet=\"top_right\" position_origin_a_phone=\"top_right\" position_origin_a_last_edited=\"on|tablet\" position_origin_f_tablet=\"\" position_origin_f_phone=\"\" position_origin_f_last_edited=\"on|desktop\" position_origin_r_tablet=\"\" position_origin_r_phone=\"\" position_origin_r_last_edited=\"on|desktop\" width=\"100%\" positioning_tablet=\"relative\" positioning_phone=\"relative\" positioning_last_edited=\"on|desktop\" custom_css_main_element=\".et_pb_code_inner adinfo||display:block;||font-size: 11px;||text-align: center !important;||text-decoration: none;\" disabled=\"on\" global_module=\"31170\" saved_tabs=\"all\" global_colors_info=\"{}\"][the_ad_group id=\"247\"]<!-- [et_pb_line_break_holder] --><\/p>\n<div class=\"adinfo\">Anzeige<\/div>\n<p>[\/et_pb_code][et_pb_image src=\"https:\/\/www.swiss-pass.ch\/wp-content\/uploads\/2018\/08\/ticket-top-1.png\" align_tablet=\"center\" align_phone=\"\" align_last_edited=\"on|desktop\" disabled_on=\"on|on|off\" _builder_version=\"4.16\" custom_margin=\"||0px|\" global_colors_info=\"{}\"][\/et_pb_image][et_pb_text admin_label=\"Ticket Text Englisch\" module_class=\"schweizerticket\" _builder_version=\"4.16\" text_font=\"||||||||\" text_text_color=\"#ffffff\" header_font=\"||||||||\" header_2_font=\"||||||||\" header_2_text_color=\"#ffffff\" background_color=\"#8f8f8f\" custom_margin=\"||0px|\" custom_padding=\"20px|20px|20px|20px|true|true\" border_width_all=\"5px\" border_color_all=\"#555555\" global_colors_info=\"{}\"]<\/p>\n<h2>The \"Swiss Pass\" is now called the \"Swiss Travel Pass.\"<\/h2>\n<p>Your benefits at this store:<\/p>\n<ul>\n<li>Low prices guaranteed<\/li>\n<li>Secure booking guaranteed<\/li>\n<li>Immediate confirmation<\/li>\n<\/ul>\n<p>Exclusive to this online shop:<\/p>\n<ul>\n<li>Several articles are available as \u201ee-ticket\u201c and can be printed at home. E-tickets will be sent separately.<\/li>\n<\/ul>\n<p>Benefit even more now:<\/p>\n<ul>\n<li>Don't forget to add the new Swiss Coupon Pass to your order.<\/li>\n<\/ul>\n<p>[\/et_pb_text][et_pb_image src=\"https:\/\/www.swiss-pass.ch\/wp-content\/uploads\/2018\/08\/ticket-bottom.png\" align_tablet=\"center\" align_phone=\"\" align_last_edited=\"on|desktop\" disabled_on=\"on|on|off\" _builder_version=\"4.16\" custom_margin=\"||50px||false|false\" global_colors_info=\"{}\"][\/et_pb_image][et_pb_code admin_label=\"Grand Train Tour of Switzerland\" _builder_version=\"4.27.4\" _module_preset=\"default\" global_module=\"26762\" saved_tabs=\"all\" global_colors_info=\"{}\"]<\/p>\n<h6>Grand Train Tour of Switzerland<\/h6>\n<p><!-- [et_pb_line_break_holder] --><a id=\"overlay_unique_id_2091\" href=\"#\"><img decoding=\"async\" style=\"border-radius:5px;\" src=\"https:\/\/www.swiss-pass.ch\/wp-content\/uploads\/2018\/10\/grand-tour-deckbild.jpg\" \/><\/a><!-- [et_pb_line_break_holder] -->[\/et_pb_code][\/et_pb_column][\/et_pb_section]<\/p>\n","protected":false},"excerpt":{"rendered":"<p>Erlebe die Jungfraubahn zum h\u00f6chstgelegenen Bahnhof Europas. Mit dem Swiss Travel Pass profitierst du von 25\u202f% Rabatt auf die Fahrt zum Jungfraujoch \u2013 Top of Europe.Die Fahrt entlang des Lago Bianco z\u00e4hlt zu den spektakul\u00e4rsten Zugreisen der Schweiz. Der Bernina Express ist im Swiss Travel Pass inklusive \u2013 Reservation notwendig.Von Zermatt nach St. Moritz \u00fcber [&hellip;]<\/p>\n","protected":false},"author":1,"featured_media":0,"parent":0,"menu_order":31,"comment_status":"closed","ping_status":"closed","template":"","meta":{"_et_pb_use_builder":"on","_et_pb_old_content":"Buy a Swiss Travel Pass Flex for your Rail Travel in Switzerland. This popular Rail Pass of Switzerland affords you to choose travel days on the network of Swiss Travel System. The Swiss Travel Pass Flex can only be sold to non-residents of Switzerland or Liechtenstein. With a Swiss Travel Pass Flex in your pocket, you have an ideal Rail Pass to travel flexible in Switzerland. Read more details about the Swiss Travel Pass Flex and its validity below.\r\n<h2>Buy now a Swiss Travel Pass Flex and start to explore the Swiss Travel System flexible.<\/h2>\r\n<div class=\"addthis_native_toolbox\">\u00a0<\/div>\r\n<div class=\"block-mitte\">\r\n\r\n<iframe style=\"border: none; overflow: hidden; width: 800px; height: 750px; float: left;\" src=\"https:\/\/www.swissrailways.com\/en\/products\/swissflexipass?affiliateid=223\" width=\"300\" height=\"150\" frameborder=\"0\" scrolling=\"auto\"><\/iframe>\r\n<div class=\"addthis_horizontal_follow_toolbox\">\r\n<h3>Follow us<\/h3>\r\n<\/div>\r\n<div class=\"addthis_sharing_toolbox\">\r\n<h3>Share us<\/h3>\r\n<\/div>\r\n<\/div>","_et_gb_content_width":"","_glsr_average":0,"_glsr_ranking":0,"_glsr_reviews":0,"footnotes":""},"class_list":["post-108","page","type-page","status-publish","hentry"],"_links":{"self":[{"href":"https:\/\/www.swiss-pass.ch\/de\/wp-json\/wp\/v2\/pages\/108","targetHints":{"allow":["GET"]}}],"collection":[{"href":"https:\/\/www.swiss-pass.ch\/de\/wp-json\/wp\/v2\/pages"}],"about":[{"href":"https:\/\/www.swiss-pass.ch\/de\/wp-json\/wp\/v2\/types\/page"}],"author":[{"embeddable":true,"href":"https:\/\/www.swiss-pass.ch\/de\/wp-json\/wp\/v2\/users\/1"}],"replies":[{"embeddable":true,"href":"https:\/\/www.swiss-pass.ch\/de\/wp-json\/wp\/v2\/comments?post=108"}],"version-history":[{"count":31,"href":"https:\/\/www.swiss-pass.ch\/de\/wp-json\/wp\/v2\/pages\/108\/revisions"}],"predecessor-version":[{"id":44613,"href":"https:\/\/www.swiss-pass.ch\/de\/wp-json\/wp\/v2\/pages\/108\/revisions\/44613"}],"wp:attachment":[{"href":"https:\/\/www.swiss-pass.ch\/de\/wp-json\/wp\/v2\/media?parent=108"}],"curies":[{"name":"wp","href":"https:\/\/api.w.org\/{rel}","templated":true}]}}